{"id":1473,"date":"2023-08-02T20:28:41","date_gmt":"2023-08-03T01:28:41","guid":{"rendered":"https:\/\/ticketestrella.com\/visao-geral-do-mercado\/"},"modified":"2024-06-04T08:11:00","modified_gmt":"2024-06-04T13:11:00","slug":"visao-geral-do-mercado","status":"publish","type":"page","link":"https:\/\/24five.com\/pt-pt\/visao-geral-do-mercado\/","title":{"rendered":"Vis\u00e3o geral do mercado"},"content":{"rendered":"\t\t<div data-elementor-type=\"wp-page\" data-elementor-id=\"1473\" class=\"elementor elementor-1473\" data-elementor-post-type=\"page\">\n\t\t\t\t\t\t<section class=\"elementor-section elementor-top-section elementor-element elementor-element-5473b51 elementor-section-boxed elementor-section-height-default elementor-section-height-default\" data-id=\"5473b51\" data-element_type=\"section\" data-e-type=\"section\">\n\t\t\t\t\t\t<div class=\"elementor-container elementor-column-gap-default\">\n\t\t\t\t\t<div class=\"elementor-column elementor-col-100 elementor-top-column elementor-element elementor-element-335defb1\" data-id=\"335defb1\" data-element_type=\"column\" data-e-type=\"column\">\n\t\t\t<div class=\"elementor-widget-wrap elementor-element-populated\">\n\t\t\t\t\t\t<div class=\"elementor-element elementor-element-341e63a0 elementor-widget elementor-widget-heading\" data-id=\"341e63a0\" data-element_type=\"widget\" data-e-type=\"widget\" data-widget_type=\"heading.default\">\n\t\t\t\t<div class=\"elementor-widget-container\">\n\t\t\t\t\t<h1 class=\"elementor-heading-title elementor-size-default\">Panorama de mercado<\/h1>\t\t\t\t<\/div>\n\t\t\t\t<\/div>\n\t\t\t\t<div class=\"elementor-element elementor-element-6038168e elementor-widget__width-initial elementor-widget elementor-widget-html\" data-id=\"6038168e\" data-element_type=\"widget\" data-e-type=\"widget\" data-widget_type=\"html.default\">\n\t\t\t\t<div class=\"elementor-widget-container\">\n\t\t\t\t\t<!-- TradingView Widget BEGIN -->\r\n<div class=\"tradingview-widget-container\">\r\n  <div class=\"tradingview-widget-container__widget\"><\/div>\r\n  <script type=\"text\/javascript\" src=\"https:\/\/s3.tradingview.com\/external-embedding\/embed-widget-market-overview.js\" async>\r\n  {\r\n  \"colorTheme\": \"light\",\r\n  \"dateRange\": \"12M\",\r\n  \"showChart\": true,\r\n  \"locale\": \"en\",\r\n  \"largeChartUrl\": \"\",\r\n  \"isTransparent\": false,\r\n  \"showSymbolLogo\": true,\r\n  \"showFloatingTooltip\": false,\r\n  \"width\": \"100%\",\r\n  \"height\": \"660\",\r\n  \"plotLineColorGrowing\": \"rgba(41, 98, 255, 1)\",\r\n  \"plotLineColorFalling\": \"rgba(41, 98, 255, 1)\",\r\n  \"gridLineColor\": \"rgba(240, 243, 250, 0)\",\r\n  \"scaleFontColor\": \"rgba(106, 109, 120, 1)\",\r\n  \"belowLineFillColorGrowing\": \"rgba(41, 98, 255, 0.12)\",\r\n  \"belowLineFillColorFalling\": \"rgba(41, 98, 255, 0.12)\",\r\n  \"belowLineFillColorGrowingBottom\": \"rgba(41, 98, 255, 0)\",\r\n  \"belowLineFillColorFallingBottom\": \"rgba(41, 98, 255, 0)\",\r\n  \"symbolActiveColor\": \"rgba(41, 98, 255, 0.12)\",\r\n  \"tabs\": [\r\n    {\r\n      \"title\": \"Indices\",\r\n      \"symbols\": [\r\n        {\r\n          \"s\": \"FOREXCOM:SPXUSD\",\r\n          \"d\": \"S&P 500\"\r\n        },\r\n        {\r\n          \"s\": \"FOREXCOM:NSXUSD\",\r\n          \"d\": \"US 100\"\r\n        },\r\n        {\r\n          \"s\": \"FOREXCOM:DJI\",\r\n          \"d\": \"Dow 30\"\r\n        },\r\n        {\r\n          \"s\": \"INDEX:NKY\",\r\n          \"d\": \"Nikkei 225\"\r\n        },\r\n        {\r\n          \"s\": \"INDEX:DEU40\",\r\n          \"d\": \"DAX Index\"\r\n        },\r\n        {\r\n          \"s\": \"FOREXCOM:UKXGBP\",\r\n          \"d\": \"UK 100\"\r\n        }\r\n      ],\r\n      \"originalTitle\": \"Indices\"\r\n    },\r\n    {\r\n      \"title\": \"Futures\",\r\n      \"symbols\": [\r\n        {\r\n          \"s\": \"CME_MINI:ES1!\",\r\n          \"d\": \"S&P 500\"\r\n        },\r\n        {\r\n          \"s\": \"CME:6E1!\",\r\n          \"d\": \"Euro\"\r\n        },\r\n        {\r\n          \"s\": \"COMEX:GC1!\",\r\n          \"d\": \"Gold\"\r\n        },\r\n        {\r\n          \"s\": \"NYMEX:CL1!\",\r\n          \"d\": \"Crude Oil\"\r\n        },\r\n        {\r\n          \"s\": \"NYMEX:NG1!\",\r\n          \"d\": \"Natural Gas\"\r\n        },\r\n        {\r\n          \"s\": \"CBOT:ZC1!\",\r\n          \"d\": \"Corn\"\r\n        }\r\n      ],\r\n      \"originalTitle\": \"Futures\"\r\n    },\r\n    {\r\n      \"title\": \"Bonds\",\r\n      \"symbols\": [\r\n        {\r\n          \"s\": \"CME:GE1!\",\r\n          \"d\": \"Eurodollar\"\r\n        },\r\n        {\r\n          \"s\": \"CBOT:ZB1!\",\r\n          \"d\": \"T-Bond\"\r\n        },\r\n        {\r\n          \"s\": \"CBOT:UB1!\",\r\n          \"d\": \"Ultra T-Bond\"\r\n        },\r\n        {\r\n          \"s\": \"EUREX:FGBL1!\",\r\n          \"d\": \"Euro Bund\"\r\n        },\r\n        {\r\n          \"s\": \"EUREX:FBTP1!\",\r\n          \"d\": \"Euro BTP\"\r\n        },\r\n        {\r\n          \"s\": \"EUREX:FGBM1!\",\r\n          \"d\": \"Euro BOBL\"\r\n        }\r\n      ],\r\n      \"originalTitle\": \"Bonds\"\r\n    },\r\n    {\r\n      \"title\": \"Forex\",\r\n      \"symbols\": [\r\n        {\r\n          \"s\": \"FX:EURUSD\",\r\n          \"d\": \"EUR\/USD\"\r\n        },\r\n        {\r\n          \"s\": \"FX:GBPUSD\",\r\n          \"d\": \"GBP\/USD\"\r\n        },\r\n        {\r\n          \"s\": \"FX:USDJPY\",\r\n          \"d\": \"USD\/JPY\"\r\n        },\r\n        {\r\n          \"s\": \"FX:USDCHF\",\r\n          \"d\": \"USD\/CHF\"\r\n        },\r\n        {\r\n          \"s\": \"FX:AUDUSD\",\r\n          \"d\": \"AUD\/USD\"\r\n        },\r\n        {\r\n          \"s\": \"FX:USDCAD\",\r\n          \"d\": \"USD\/CAD\"\r\n        }\r\n      ],\r\n      \"originalTitle\": \"Forex\"\r\n    }\r\n  ]\r\n}\r\n  <\/script>\r\n<\/div>\r\n<!-- TradingView Widget END -->\r\n\t\t\t\t<\/div>\n\t\t\t\t<\/div>\n\t\t\t\t\t<\/div>\n\t\t<\/div>\n\t\t\t\t\t<\/div>\n\t\t<\/section>\n\t\t\t\t<section class=\"elementor-section elementor-top-section elementor-element elementor-element-2bebde12 elementor-section-boxed elementor-section-height-default elementor-section-height-default\" data-id=\"2bebde12\" data-element_type=\"section\" data-e-type=\"section\" data-settings=\"{&quot;background_background&quot;:&quot;classic&quot;}\">\n\t\t\t\t\t\t<div class=\"elementor-container elementor-column-gap-default\">\n\t\t\t\t\t<div class=\"elementor-column elementor-col-100 elementor-top-column elementor-element elementor-element-27415fad\" data-id=\"27415fad\" data-element_type=\"column\" data-e-type=\"column\">\n\t\t\t<div class=\"elementor-widget-wrap elementor-element-populated\">\n\t\t\t\t\t\t<div class=\"elementor-element elementor-element-7797ac97 elementor-widget elementor-widget-heading\" data-id=\"7797ac97\" data-element_type=\"widget\" data-e-type=\"widget\" data-widget_type=\"heading.default\">\n\t\t\t\t<div class=\"elementor-widget-container\">\n\t\t\t\t\t<h2 class=\"elementor-heading-title elementor-size-default\">Ferramentas dispon\u00edveis\n<\/h2>\t\t\t\t<\/div>\n\t\t\t\t<\/div>\n\t\t\t\t<div class=\"elementor-element elementor-element-1c8bb68d elementor-widget__width-initial elementor-position-top elementor-widget elementor-widget-image-box\" data-id=\"1c8bb68d\" data-element_type=\"widget\" data-e-type=\"widget\" data-widget_type=\"image-box.default\">\n\t\t\t\t<div class=\"elementor-widget-container\">\n\t\t\t\t\t<div class=\"elementor-image-box-wrapper\"><figure class=\"elementor-image-box-img\"><a href=\"https:\/\/24five.com\/pt-pt\/calendario-economico\/\" tabindex=\"-1\"><img decoding=\"async\" width=\"184\" height=\"184\" src=\"https:\/\/24five.com\/wp-content\/uploads\/2023\/08\/icon-trading-01.png\" class=\"attachment-full size-full wp-image-443\" alt=\"Calendario\" srcset=\"https:\/\/24five.com\/wp-content\/uploads\/2023\/08\/icon-trading-01.png 184w, https:\/\/24five.com\/wp-content\/uploads\/2023\/08\/icon-trading-01-150x150.png 150w\" sizes=\"(max-width: 184px) 100vw, 184px\" \/><\/a><\/figure><div class=\"elementor-image-box-content\"><h3 class=\"elementor-image-box-title\"><a href=\"https:\/\/24five.com\/pt-pt\/calendario-economico\/\">Calendario econ\u00f3mico<\/a><\/h3><\/div><\/div>\t\t\t\t<\/div>\n\t\t\t\t<\/div>\n\t\t\t\t<div class=\"elementor-element elementor-element-1a66443d elementor-widget__width-initial elementor-position-top elementor-widget elementor-widget-image-box\" data-id=\"1a66443d\" data-element_type=\"widget\" data-e-type=\"widget\" data-widget_type=\"image-box.default\">\n\t\t\t\t<div class=\"elementor-widget-container\">\n\t\t\t\t\t<div class=\"elementor-image-box-wrapper\"><figure class=\"elementor-image-box-img\"><a href=\"https:\/\/24five.com\/pt-pt\/precos-forex\/\" tabindex=\"-1\"><img decoding=\"async\" width=\"188\" height=\"188\" src=\"https:\/\/24five.com\/wp-content\/uploads\/2023\/08\/icon-trading-02-v2.png\" class=\"attachment-full size-full wp-image-450\" alt=\"Precios\" srcset=\"https:\/\/24five.com\/wp-content\/uploads\/2023\/08\/icon-trading-02-v2.png 188w, https:\/\/24five.com\/wp-content\/uploads\/2023\/08\/icon-trading-02-v2-150x150.png 150w\" sizes=\"(max-width: 188px) 100vw, 188px\" \/><\/a><\/figure><div class=\"elementor-image-box-content\"><h3 class=\"elementor-image-box-title\"><a href=\"https:\/\/24five.com\/pt-pt\/precos-forex\/\">Precios de Forex<\/a><\/h3><\/div><\/div>\t\t\t\t<\/div>\n\t\t\t\t<\/div>\n\t\t\t\t<div class=\"elementor-element elementor-element-6b3d7714 elementor-widget__width-initial elementor-position-top elementor-widget elementor-widget-image-box\" data-id=\"6b3d7714\" data-element_type=\"widget\" data-e-type=\"widget\" data-widget_type=\"image-box.default\">\n\t\t\t\t<div class=\"elementor-widget-container\">\n\t\t\t\t\t<div class=\"elementor-image-box-wrapper\"><figure class=\"elementor-image-box-img\"><img decoding=\"async\" width=\"186\" height=\"186\" src=\"https:\/\/24five.com\/wp-content\/uploads\/2023\/08\/icon-trading-03.png\" class=\"attachment-full size-full wp-image-445\" alt=\"Panorama\" srcset=\"https:\/\/24five.com\/wp-content\/uploads\/2023\/08\/icon-trading-03.png 186w, https:\/\/24five.com\/wp-content\/uploads\/2023\/08\/icon-trading-03-150x150.png 150w\" sizes=\"(max-width: 186px) 100vw, 186px\" \/><\/figure><div class=\"elementor-image-box-content\"><h3 class=\"elementor-image-box-title\">Vis\u00e3o geral do mercado <\/h3><\/div><\/div>\t\t\t\t<\/div>\n\t\t\t\t<\/div>\n\t\t\t\t<div class=\"elementor-element elementor-element-da8d6fe elementor-widget__width-initial elementor-position-top elementor-widget elementor-widget-image-box\" data-id=\"da8d6fe\" data-element_type=\"widget\" data-e-type=\"widget\" data-widget_type=\"image-box.default\">\n\t\t\t\t<div class=\"elementor-widget-container\">\n\t\t\t\t\t<div class=\"elementor-image-box-wrapper\"><figure class=\"elementor-image-box-img\"><a href=\"https:\/\/24five.com\/pt-pt\/mapas-de-calor-forex\/\" tabindex=\"-1\"><img loading=\"lazy\" decoding=\"async\" width=\"192\" height=\"192\" src=\"https:\/\/24five.com\/wp-content\/uploads\/2023\/08\/icon-trading-04.png\" class=\"attachment-full size-full wp-image-446\" alt=\"Mapas de calor\" srcset=\"https:\/\/24five.com\/wp-content\/uploads\/2023\/08\/icon-trading-04.png 192w, https:\/\/24five.com\/wp-content\/uploads\/2023\/08\/icon-trading-04-150x150.png 150w\" sizes=\"(max-width: 192px) 100vw, 192px\" \/><\/a><\/figure><div class=\"elementor-image-box-content\"><h3 class=\"elementor-image-box-title\"><a href=\"https:\/\/24five.com\/pt-pt\/mapas-de-calor-forex\/\">Mapas do calor Forex<\/a><\/h3><\/div><\/div>\t\t\t\t<\/div>\n\t\t\t\t<\/div>\n\t\t\t\t<div class=\"elementor-element elementor-element-7f759697 elementor-widget__width-initial elementor-position-top elementor-widget elementor-widget-image-box\" data-id=\"7f759697\" data-element_type=\"widget\" data-e-type=\"widget\" data-widget_type=\"image-box.default\">\n\t\t\t\t<div class=\"elementor-widget-container\">\n\t\t\t\t\t<div class=\"elementor-image-box-wrapper\"><figure class=\"elementor-image-box-img\"><a href=\"https:\/\/24five.com\/pt-pt\/mercado-de-divisas-criptograficas\/\" tabindex=\"-1\"><img loading=\"lazy\" decoding=\"async\" width=\"232\" height=\"232\" src=\"https:\/\/24five.com\/wp-content\/uploads\/2023\/08\/icon-trading-05-v2.png\" class=\"attachment-full size-full wp-image-451\" alt=\"Criptomonedas\" srcset=\"https:\/\/24five.com\/wp-content\/uploads\/2023\/08\/icon-trading-05-v2.png 232w, https:\/\/24five.com\/wp-content\/uploads\/2023\/08\/icon-trading-05-v2-150x150.png 150w\" sizes=\"(max-width: 232px) 100vw, 232px\" \/><\/a><\/figure><div class=\"elementor-image-box-content\"><h3 class=\"elementor-image-box-title\"><a href=\"https:\/\/24five.com\/pt-pt\/mercado-de-divisas-criptograficas\/\">Mercado Criptomoedas<\/a><\/h3><\/div><\/div>\t\t\t\t<\/div>\n\t\t\t\t<\/div>\n\t\t\t\t<div class=\"elementor-element elementor-element-7591cea5 elementor-widget__width-initial elementor-position-top elementor-widget elementor-widget-image-box\" data-id=\"7591cea5\" data-element_type=\"widget\" data-e-type=\"widget\" data-widget_type=\"image-box.default\">\n\t\t\t\t<div class=\"elementor-widget-container\">\n\t\t\t\t\t<div class=\"elementor-image-box-wrapper\"><figure class=\"elementor-image-box-img\"><a href=\"https:\/\/24five.com\/pt-pt\/comparacao-de-simbolos-tecnicos-e-fundamentais\/\" tabindex=\"-1\"><img loading=\"lazy\" decoding=\"async\" width=\"212\" height=\"212\" src=\"https:\/\/24five.com\/wp-content\/uploads\/2023\/08\/icon-trading-06-v2.png\" class=\"attachment-full size-full wp-image-452\" alt=\"Screener\" srcset=\"https:\/\/24five.com\/wp-content\/uploads\/2023\/08\/icon-trading-06-v2.png 212w, https:\/\/24five.com\/wp-content\/uploads\/2023\/08\/icon-trading-06-v2-150x150.png 150w\" sizes=\"(max-width: 212px) 100vw, 212px\" \/><\/a><\/figure><div class=\"elementor-image-box-content\"><h3 class=\"elementor-image-box-title\"><a href=\"https:\/\/24five.com\/pt-pt\/comparacao-de-simbolos-tecnicos-e-fundamentais\/\">Rastreador<\/a><\/h3><\/div><\/div>\t\t\t\t<\/div>\n\t\t\t\t<\/div>\n\t\t\t\t<div class=\"elementor-element elementor-element-19a112f6 elementor-widget__width-initial elementor-position-top elementor-widget elementor-widget-image-box\" data-id=\"19a112f6\" data-element_type=\"widget\" data-e-type=\"widget\" data-widget_type=\"image-box.default\">\n\t\t\t\t<div class=\"elementor-widget-container\">\n\t\t\t\t\t<div class=\"elementor-image-box-wrapper\"><figure class=\"elementor-image-box-img\"><a href=\"https:\/\/24five.com\/pt-pt\/dados-de-mercado\/\" tabindex=\"-1\"><img loading=\"lazy\" decoding=\"async\" width=\"226\" height=\"226\" src=\"https:\/\/24five.com\/wp-content\/uploads\/2023\/08\/icon-trading-07-v2.png\" class=\"attachment-full size-full wp-image-456\" alt=\"Datos de mercado\" srcset=\"https:\/\/24five.com\/wp-content\/uploads\/2023\/08\/icon-trading-07-v2.png 226w, https:\/\/24five.com\/wp-content\/uploads\/2023\/08\/icon-trading-07-v2-150x150.png 150w\" sizes=\"(max-width: 226px) 100vw, 226px\" \/><\/a><\/figure><div class=\"elementor-image-box-content\"><h3 class=\"elementor-image-box-title\"><a href=\"https:\/\/24five.com\/pt-pt\/dados-de-mercado\/\">Dados do mercado<\/a><\/h3><\/div><\/div>\t\t\t\t<\/div>\n\t\t\t\t<\/div>\n\t\t\t\t\t<\/div>\n\t\t<\/div>\n\t\t\t\t\t<\/div>\n\t\t<\/section>\n\t\t\t\t<\/div>\n\t\t","protected":false},"excerpt":{"rendered":"<p>Panorama de mercado Ferramentas dispon\u00edveis Calendario econ\u00f3mico Precios de Forex Vis\u00e3o geral do mercado Mapas do calor Forex Mercado Criptomoedas Rastreador Dados do mercado<\/p>\n","protected":false},"author":1,"featured_media":0,"parent":0,"menu_order":0,"comment_status":"closed","ping_status":"closed","template":"","meta":{"site-sidebar-layout":"no-sidebar","site-content-layout":"page-builder","ast-site-content-layout":"default","site-content-style":"default","site-sidebar-style":"default","ast-global-header-display":"","ast-banner-title-visibility":"","ast-main-header-display":"","ast-hfb-above-header-display":"","ast-hfb-below-header-display":"","ast-hfb-mobile-header-display":"","site-post-title":"disabled","ast-breadcrumbs-content":"","ast-featured-img":"disabled","footer-sml-layout":"","ast-disable-related-posts":"","theme-transparent-header-meta":"","adv-header-id-meta":"","stick-header-meta":"","header-above-stick-meta":"","header-main-stick-meta":"","header-below-stick-meta":"","astra-migrate-meta-layouts":"default","ast-page-background-enabled":"default","ast-page-background-meta":{"desktop":{"background-color":"var(--ast-global-color-4)","background-image":"","background-repeat":"repeat","background-position":"center center","background-size":"auto","background-attachment":"scroll","background-type":"","background-media":"","overlay-type":"","overlay-color":"","overlay-opacity":"","overlay-gradient":""},"tablet":{"background-color":"","background-image":"","background-repeat":"repeat","background-position":"center center","background-size":"auto","background-attachment":"scroll","background-type":"","background-media":"","overlay-type":"","overlay-color":"","overlay-opacity":"","overlay-gradient":""},"mobile":{"background-color":"","background-image":"","background-repeat":"repeat","background-position":"center center","background-size":"auto","background-attachment":"scroll","background-type":"","background-media":"","overlay-type":"","overlay-color":"","overlay-opacity":"","overlay-gradient":""}},"ast-content-background-meta":{"desktop":{"background-color":"var(--ast-global-color-5)","background-image":"","background-repeat":"repeat","background-position":"center center","background-size":"auto","background-attachment":"scroll","background-type":"","background-media":"","overlay-type":"","overlay-color":"","overlay-opacity":"","overlay-gradient":""},"tablet":{"background-color":"var(--ast-global-color-5)","background-image":"","background-repeat":"repeat","background-position":"center center","background-size":"auto","background-attachment":"scroll","background-type":"","background-media":"","overlay-type":"","overlay-color":"","overlay-opacity":"","overlay-gradient":""},"mobile":{"background-color":"var(--ast-global-color-5)","background-image":"","background-repeat":"repeat","background-position":"center center","background-size":"auto","background-attachment":"scroll","background-type":"","background-media":"","overlay-type":"","overlay-color":"","overlay-opacity":"","overlay-gradient":""}},"footnotes":""},"class_list":["post-1473","page","type-page","status-publish","hentry"],"yoast_head":"<!-- This site is optimized with the Yoast SEO plugin v26.8 - https:\/\/yoast.com\/product\/yoast-seo-wordpress\/ -->\n<title>Vis\u00e3o geral do mercado - 24 Five<\/title>\n<meta name=\"robots\" content=\"index, follow, max-snippet:-1, max-image-preview:large, max-video-preview:-1\" \/>\n<link rel=\"canonical\" href=\"https:\/\/24five.com\/pt-pt\/visao-geral-do-mercado\/\" \/>\n<meta property=\"og:locale\" content=\"pt_PT\" \/>\n<meta property=\"og:type\" content=\"article\" \/>\n<meta property=\"og:title\" content=\"Vis\u00e3o geral do mercado - 24 Five\" \/>\n<meta property=\"og:description\" content=\"Panorama de mercado Ferramentas dispon\u00edveis Calendario econ\u00f3mico Precios de Forex Vis\u00e3o geral do mercado Mapas do calor Forex Mercado Criptomoedas Rastreador Dados do mercado\" \/>\n<meta property=\"og:url\" content=\"https:\/\/24five.com\/pt-pt\/visao-geral-do-mercado\/\" \/>\n<meta property=\"og:site_name\" content=\"24 Five\" \/>\n<meta property=\"article:publisher\" content=\"https:\/\/www.facebook.com\/24fiveespanol\" \/>\n<meta property=\"article:modified_time\" content=\"2024-06-04T13:11:00+00:00\" \/>\n<meta property=\"og:image\" content=\"https:\/\/24five.com\/wp-content\/uploads\/2023\/08\/icon-trading-01.png\" \/>\n<meta name=\"twitter:card\" content=\"summary_large_image\" \/>\n<meta name=\"twitter:label1\" content=\"Tempo estimado de leitura\" \/>\n\t<meta name=\"twitter:data1\" content=\"2 minutos\" \/>\n<script type=\"application\/ld+json\" class=\"yoast-schema-graph\">{\"@context\":\"https:\/\/schema.org\",\"@graph\":[{\"@type\":\"WebPage\",\"@id\":\"https:\/\/24five.com\/pt-pt\/visao-geral-do-mercado\/\",\"url\":\"https:\/\/24five.com\/pt-pt\/visao-geral-do-mercado\/\",\"name\":\"Vis\u00e3o geral do mercado - 24 Five\",\"isPartOf\":{\"@id\":\"https:\/\/24five.com\/#website\"},\"primaryImageOfPage\":{\"@id\":\"https:\/\/24five.com\/pt-pt\/visao-geral-do-mercado\/#primaryimage\"},\"image\":{\"@id\":\"https:\/\/24five.com\/pt-pt\/visao-geral-do-mercado\/#primaryimage\"},\"thumbnailUrl\":\"https:\/\/24five.com\/wp-content\/uploads\/2023\/08\/icon-trading-01.png\",\"datePublished\":\"2023-08-03T01:28:41+00:00\",\"dateModified\":\"2024-06-04T13:11:00+00:00\",\"breadcrumb\":{\"@id\":\"https:\/\/24five.com\/pt-pt\/visao-geral-do-mercado\/#breadcrumb\"},\"inLanguage\":\"pt-PT\",\"potentialAction\":[{\"@type\":\"ReadAction\",\"target\":[\"https:\/\/24five.com\/pt-pt\/visao-geral-do-mercado\/\"]}]},{\"@type\":\"ImageObject\",\"inLanguage\":\"pt-PT\",\"@id\":\"https:\/\/24five.com\/pt-pt\/visao-geral-do-mercado\/#primaryimage\",\"url\":\"https:\/\/24five.com\/wp-content\/uploads\/2023\/08\/icon-trading-01.png\",\"contentUrl\":\"https:\/\/24five.com\/wp-content\/uploads\/2023\/08\/icon-trading-01.png\"},{\"@type\":\"BreadcrumbList\",\"@id\":\"https:\/\/24five.com\/pt-pt\/visao-geral-do-mercado\/#breadcrumb\",\"itemListElement\":[{\"@type\":\"ListItem\",\"position\":1,\"name\":\"Portada\",\"item\":\"https:\/\/24five.com\/\"},{\"@type\":\"ListItem\",\"position\":2,\"name\":\"Vis\u00e3o geral do mercado\"}]},{\"@type\":\"WebSite\",\"@id\":\"https:\/\/24five.com\/#website\",\"url\":\"https:\/\/24five.com\/\",\"name\":\"24 Five\",\"description\":\"Trading seguro y confiable\",\"publisher\":{\"@id\":\"https:\/\/24five.com\/#organization\"},\"potentialAction\":[{\"@type\":\"SearchAction\",\"target\":{\"@type\":\"EntryPoint\",\"urlTemplate\":\"https:\/\/24five.com\/?s={search_term_string}\"},\"query-input\":{\"@type\":\"PropertyValueSpecification\",\"valueRequired\":true,\"valueName\":\"search_term_string\"}}],\"inLanguage\":\"pt-PT\"},{\"@type\":\"Organization\",\"@id\":\"https:\/\/24five.com\/#organization\",\"name\":\"24 Five\",\"url\":\"https:\/\/24five.com\/\",\"logo\":{\"@type\":\"ImageObject\",\"inLanguage\":\"pt-PT\",\"@id\":\"https:\/\/24five.com\/#\/schema\/logo\/image\/\",\"url\":\"https:\/\/24five.com\/wp-content\/uploads\/2023\/07\/main-logo-24five.png\",\"contentUrl\":\"https:\/\/24five.com\/wp-content\/uploads\/2023\/07\/main-logo-24five.png\",\"width\":834,\"height\":240,\"caption\":\"24 Five\"},\"image\":{\"@id\":\"https:\/\/24five.com\/#\/schema\/logo\/image\/\"},\"sameAs\":[\"https:\/\/www.facebook.com\/24fiveespanol\",\"https:\/\/www.linkedin.com\/company\/24-five\/\"]}]}<\/script>\n<!-- \/ Yoast SEO plugin. -->","yoast_head_json":{"title":"Vis\u00e3o geral do mercado - 24 Five","robots":{"index":"index","follow":"follow","max-snippet":"max-snippet:-1","max-image-preview":"max-image-preview:large","max-video-preview":"max-video-preview:-1"},"canonical":"https:\/\/24five.com\/pt-pt\/visao-geral-do-mercado\/","og_locale":"pt_PT","og_type":"article","og_title":"Vis\u00e3o geral do mercado - 24 Five","og_description":"Panorama de mercado Ferramentas dispon\u00edveis Calendario econ\u00f3mico Precios de Forex Vis\u00e3o geral do mercado Mapas do calor Forex Mercado Criptomoedas Rastreador Dados do mercado","og_url":"https:\/\/24five.com\/pt-pt\/visao-geral-do-mercado\/","og_site_name":"24 Five","article_publisher":"https:\/\/www.facebook.com\/24fiveespanol","article_modified_time":"2024-06-04T13:11:00+00:00","og_image":[{"url":"https:\/\/24five.com\/wp-content\/uploads\/2023\/08\/icon-trading-01.png","type":"","width":"","height":""}],"twitter_card":"summary_large_image","twitter_misc":{"Tempo estimado de leitura":"2 minutos"},"schema":{"@context":"https:\/\/schema.org","@graph":[{"@type":"WebPage","@id":"https:\/\/24five.com\/pt-pt\/visao-geral-do-mercado\/","url":"https:\/\/24five.com\/pt-pt\/visao-geral-do-mercado\/","name":"Vis\u00e3o geral do mercado - 24 Five","isPartOf":{"@id":"https:\/\/24five.com\/#website"},"primaryImageOfPage":{"@id":"https:\/\/24five.com\/pt-pt\/visao-geral-do-mercado\/#primaryimage"},"image":{"@id":"https:\/\/24five.com\/pt-pt\/visao-geral-do-mercado\/#primaryimage"},"thumbnailUrl":"https:\/\/24five.com\/wp-content\/uploads\/2023\/08\/icon-trading-01.png","datePublished":"2023-08-03T01:28:41+00:00","dateModified":"2024-06-04T13:11:00+00:00","breadcrumb":{"@id":"https:\/\/24five.com\/pt-pt\/visao-geral-do-mercado\/#breadcrumb"},"inLanguage":"pt-PT","potentialAction":[{"@type":"ReadAction","target":["https:\/\/24five.com\/pt-pt\/visao-geral-do-mercado\/"]}]},{"@type":"ImageObject","inLanguage":"pt-PT","@id":"https:\/\/24five.com\/pt-pt\/visao-geral-do-mercado\/#primaryimage","url":"https:\/\/24five.com\/wp-content\/uploads\/2023\/08\/icon-trading-01.png","contentUrl":"https:\/\/24five.com\/wp-content\/uploads\/2023\/08\/icon-trading-01.png"},{"@type":"BreadcrumbList","@id":"https:\/\/24five.com\/pt-pt\/visao-geral-do-mercado\/#breadcrumb","itemListElement":[{"@type":"ListItem","position":1,"name":"Portada","item":"https:\/\/24five.com\/"},{"@type":"ListItem","position":2,"name":"Vis\u00e3o geral do mercado"}]},{"@type":"WebSite","@id":"https:\/\/24five.com\/#website","url":"https:\/\/24five.com\/","name":"24 Five","description":"Trading seguro y confiable","publisher":{"@id":"https:\/\/24five.com\/#organization"},"potentialAction":[{"@type":"SearchAction","target":{"@type":"EntryPoint","urlTemplate":"https:\/\/24five.com\/?s={search_term_string}"},"query-input":{"@type":"PropertyValueSpecification","valueRequired":true,"valueName":"search_term_string"}}],"inLanguage":"pt-PT"},{"@type":"Organization","@id":"https:\/\/24five.com\/#organization","name":"24 Five","url":"https:\/\/24five.com\/","logo":{"@type":"ImageObject","inLanguage":"pt-PT","@id":"https:\/\/24five.com\/#\/schema\/logo\/image\/","url":"https:\/\/24five.com\/wp-content\/uploads\/2023\/07\/main-logo-24five.png","contentUrl":"https:\/\/24five.com\/wp-content\/uploads\/2023\/07\/main-logo-24five.png","width":834,"height":240,"caption":"24 Five"},"image":{"@id":"https:\/\/24five.com\/#\/schema\/logo\/image\/"},"sameAs":["https:\/\/www.facebook.com\/24fiveespanol","https:\/\/www.linkedin.com\/company\/24-five\/"]}]}},"_links":{"self":[{"href":"https:\/\/24five.com\/pt-pt\/wp-json\/wp\/v2\/pages\/1473","targetHints":{"allow":["GET"]}}],"collection":[{"href":"https:\/\/24five.com\/pt-pt\/wp-json\/wp\/v2\/pages"}],"about":[{"href":"https:\/\/24five.com\/pt-pt\/wp-json\/wp\/v2\/types\/page"}],"author":[{"embeddable":true,"href":"https:\/\/24five.com\/pt-pt\/wp-json\/wp\/v2\/users\/1"}],"replies":[{"embeddable":true,"href":"https:\/\/24five.com\/pt-pt\/wp-json\/wp\/v2\/comments?post=1473"}],"version-history":[{"count":0,"href":"https:\/\/24five.com\/pt-pt\/wp-json\/wp\/v2\/pages\/1473\/revisions"}],"wp:attachment":[{"href":"https:\/\/24five.com\/pt-pt\/wp-json\/wp\/v2\/media?parent=1473"}],"curies":[{"name":"wp","href":"https:\/\/api.w.org\/{rel}","templated":true}]}}