{"id":1471,"date":"2023-08-02T08:13:04","date_gmt":"2023-08-02T13:13:04","guid":{"rendered":"https:\/\/ticketestrella.com\/politica-de-biscoitos\/"},"modified":"2023-08-11T19:04:00","modified_gmt":"2023-08-12T00:04:00","slug":"politica-de-biscoitos","status":"publish","type":"page","link":"https:\/\/24five.com\/pt-pt\/politica-de-biscoitos\/","title":{"rendered":"Pol\u00edtica de cookies"},"content":{"rendered":"\t\t<div data-elementor-type=\"wp-page\" data-elementor-id=\"1471\" class=\"elementor elementor-1471 elementor-294\" data-elementor-post-type=\"page\">\n\t\t\t\t\t\t<section class=\"elementor-section elementor-top-section elementor-element elementor-element-f71b55c elementor-section-boxed elementor-section-height-default elementor-section-height-default\" data-id=\"f71b55c\" data-element_type=\"section\" data-e-type=\"section\">\n\t\t\t\t\t\t<div class=\"elementor-container elementor-column-gap-default\">\n\t\t\t\t\t<div class=\"elementor-column elementor-col-100 elementor-top-column elementor-element elementor-element-1e3ce33\" data-id=\"1e3ce33\" data-element_type=\"column\" data-e-type=\"column\">\n\t\t\t<div class=\"elementor-widget-wrap elementor-element-populated\">\n\t\t\t\t\t\t<div class=\"elementor-element elementor-element-6dd1b86 elementor-widget elementor-widget-heading\" data-id=\"6dd1b86\" data-element_type=\"widget\" data-e-type=\"widget\" data-widget_type=\"heading.default\">\n\t\t\t\t<div class=\"elementor-widget-container\">\n\t\t\t\t\t<h1 class=\"elementor-heading-title elementor-size-default\">Pol\u00edtica de cookies<\/h1>\t\t\t\t<\/div>\n\t\t\t\t<\/div>\n\t\t\t\t<div class=\"elementor-element elementor-element-5335f51 elementor-widget elementor-widget-heading\" data-id=\"5335f51\" data-element_type=\"widget\" data-e-type=\"widget\" data-widget_type=\"heading.default\">\n\t\t\t\t<div class=\"elementor-widget-container\">\n\t\t\t\t\t<h2 class=\"elementor-heading-title elementor-size-default\">www.24five.com<\/h2>\t\t\t\t<\/div>\n\t\t\t\t<\/div>\n\t\t\t\t<div class=\"elementor-element elementor-element-a9bb5bf elementor-widget elementor-widget-text-editor\" data-id=\"a9bb5bf\" data-element_type=\"widget\" data-e-type=\"widget\" data-widget_type=\"text-editor.default\">\n\t\t\t\t<div class=\"elementor-widget-container\">\n\t\t\t\t\t\t\t\t\t<p>O acesso a este Site pode envolver o uso de cookies. Cookies s\u00e3o pequenas quantidades de informa\u00e7\u00f5es que s\u00e3o armazenadas no navegador usado por cada Usu\u00e1rio &#8211; nos diferentes dispositivos que podem ser usados para navegar &#8211; para que o servidor se lembre de determinadas informa\u00e7\u00f5es que ser\u00e3o lidas posteriormente apenas pelo servidor que as implementou. Os cookies tornam a navega\u00e7\u00e3o mais f\u00e1cil, mais amig\u00e1vel e n\u00e3o danificam o dispositivo de navega\u00e7\u00e3o.<\/p>\n<p>Os cookies s\u00e3o procedimentos autom\u00e1ticos para coletar informa\u00e7\u00f5es relacionadas \u00e0s prefer\u00eancias determinadas pelo Usu\u00e1rio durante sua visita ao Site para reconhec\u00ea-lo como Usu\u00e1rio e para personalizar sua experi\u00eancia e uso do Site, e tamb\u00e9m podem, por exemplo, ajudar a identificar e resolver erros.<\/p>\n<p>As informa\u00e7\u00f5es coletadas por meio de cookies podem incluir a data e a hora das visitas ao Site, as p\u00e1ginas visualizadas, o tempo gasto no Site e os sites visitados imediatamente antes e depois do Site. No entanto, nenhum cookie permite que esse cookie entre em contato com o n\u00famero de telefone do Usu\u00e1rio ou qualquer outro meio de contato pessoal. Nenhum cookie pode extrair informa\u00e7\u00f5es do disco r\u00edgido do Usu\u00e1rio ou roubar informa\u00e7\u00f5es pessoais. A \u00fanica maneira de as informa\u00e7\u00f5es privadas do Usu\u00e1rio fazerem parte do arquivo de cookies \u00e9 o Usu\u00e1rio fornecer pessoalmente essas informa\u00e7\u00f5es ao servidor.<\/p>\n<p>Os cookies que permitem a identifica\u00e7\u00e3o de uma pessoa s\u00e3o considerados dados pessoais. Portanto, a Pol\u00edtica de Privacidade mencionada acima se aplicar\u00e1 a eles. Nesse sentido, o consentimento do Usu\u00e1rio ser\u00e1 necess\u00e1rio para o uso de cookies. Esse consentimento ser\u00e1 comunicado, com base em uma escolha genu\u00edna, oferecida por meio de uma decis\u00e3o afirmativa e positiva, antes do processamento inicial, remov\u00edvel e documentada.<\/p>\n\t\t\t\t\t\t\t\t<\/div>\n\t\t\t\t<\/div>\n\t\t\t\t<div class=\"elementor-element elementor-element-914fc55 elementor-widget elementor-widget-heading\" data-id=\"914fc55\" data-element_type=\"widget\" data-e-type=\"widget\" data-widget_type=\"heading.default\">\n\t\t\t\t<div class=\"elementor-widget-container\">\n\t\t\t\t\t<h2 class=\"elementor-heading-title elementor-size-default\">Cookies propias<\/h2>\t\t\t\t<\/div>\n\t\t\t\t<\/div>\n\t\t\t\t<div class=\"elementor-element elementor-element-0eaa385 elementor-widget elementor-widget-text-editor\" data-id=\"0eaa385\" data-element_type=\"widget\" data-e-type=\"widget\" data-widget_type=\"text-editor.default\">\n\t\t\t\t<div class=\"elementor-widget-container\">\n\t\t\t\t\t\t\t\t\t<p>Esses s\u00e3o cookies enviados ao computador ou dispositivo do Usu\u00e1rio e gerenciados exclusivamente pela 24five para o melhor funcionamento do Site. As informa\u00e7\u00f5es coletadas s\u00e3o usadas para melhorar a qualidade do Site e seu Conte\u00fado e sua experi\u00eancia como Usu\u00e1rio. Esses cookies permitem reconhecer o Usu\u00e1rio como um visitante recorrente do Site e adaptar o conte\u00fado para oferecer a ele o conte\u00fado adequado \u00e0s suas prefer\u00eancias.<\/p>\n\t\t\t\t\t\t\t\t<\/div>\n\t\t\t\t<\/div>\n\t\t\t\t<div class=\"elementor-element elementor-element-b958b57 elementor-widget elementor-widget-heading\" data-id=\"b958b57\" data-element_type=\"widget\" data-e-type=\"widget\" data-widget_type=\"heading.default\">\n\t\t\t\t<div class=\"elementor-widget-container\">\n\t\t\t\t\t<h2 class=\"elementor-heading-title elementor-size-default\">Cookies de terceiros<\/h2>\t\t\t\t<\/div>\n\t\t\t\t<\/div>\n\t\t\t\t<div class=\"elementor-element elementor-element-99cd9d5 elementor-widget elementor-widget-text-editor\" data-id=\"99cd9d5\" data-element_type=\"widget\" data-e-type=\"widget\" data-widget_type=\"text-editor.default\">\n\t\t\t\t<div class=\"elementor-widget-container\">\n\t\t\t\t\t\t\t\t\t<p>Esses s\u00e3o cookies usados e gerenciados por entidades externas que fornecem \u00e0 24five os servi\u00e7os solicitados por ela, a fim de melhorar o Site e a experi\u00eancia do usu\u00e1rio ao navegar no Site. As principais finalidades do uso de cookies de terceiros s\u00e3o a obten\u00e7\u00e3o de estat\u00edsticas de acesso e a an\u00e1lise de informa\u00e7\u00f5es de navega\u00e7\u00e3o, ou seja, como o Usu\u00e1rio interage com o Site.<\/p>\n<p>As informa\u00e7\u00f5es obtidas referem-se, por exemplo, ao n\u00famero de p\u00e1ginas visitadas, ao idioma, ao local onde o endere\u00e7o IP a partir do qual o Usu\u00e1rio acessa, ao n\u00famero de Usu\u00e1rios que acessam, \u00e0 frequ\u00eancia e \u00e0 recorr\u00eancia das visitas, ao hor\u00e1rio da visita, ao navegador usado, ao operador ou ao tipo de dispositivo a partir do qual a visita \u00e9 feita. Essas informa\u00e7\u00f5es s\u00e3o utilizadas para melhorar o Site e detectar novas necessidades, a fim de oferecer aos Usu\u00e1rios um Conte\u00fado e\/ou servi\u00e7o de \u00f3tima qualidade. Em qualquer caso, as informa\u00e7\u00f5es s\u00e3o coletadas de forma an\u00f4nima e os relat\u00f3rios sobre as tend\u00eancias do Site s\u00e3o elaborados sem identificar usu\u00e1rios individuais.<\/p>\n<p>Voc\u00ea pode obter mais informa\u00e7\u00f5es sobre cookies, informa\u00e7\u00f5es sobre privacidade ou consultar a descri\u00e7\u00e3o do tipo de cookies usados, suas principais caracter\u00edsticas, per\u00edodo de validade etc. no(s) seguinte(s) link(s):<\/p>\n<p>Google Analytics, an\u00fancios do Facebook<\/p>\n<p>A(s) entidade(s) respons\u00e1vel(is) pelo fornecimento de cookies pode(m) transferir essas informa\u00e7\u00f5es a terceiros, desde que isso seja exigido por lei ou que um terceiro processe essas informa\u00e7\u00f5es para essas entidades.<\/p>\n\t\t\t\t\t\t\t\t<\/div>\n\t\t\t\t<\/div>\n\t\t\t\t<div class=\"elementor-element elementor-element-cd9598f elementor-widget elementor-widget-heading\" data-id=\"cd9598f\" data-element_type=\"widget\" data-e-type=\"widget\" data-widget_type=\"heading.default\">\n\t\t\t\t<div class=\"elementor-widget-container\">\n\t\t\t\t\t<h2 class=\"elementor-heading-title elementor-size-default\">Cookies de m\u00eddia social<\/h2>\t\t\t\t<\/div>\n\t\t\t\t<\/div>\n\t\t\t\t<div class=\"elementor-element elementor-element-f2e0258 elementor-widget elementor-widget-text-editor\" data-id=\"f2e0258\" data-element_type=\"widget\" data-e-type=\"widget\" data-widget_type=\"text-editor.default\">\n\t\t\t\t<div class=\"elementor-widget-container\">\n\t\t\t\t\t\t\t\t\t<p>O 24five incorpora plugins de redes sociais, que permitem o acesso a redes sociais a partir do Site. Por esse motivo, os cookies de redes sociais podem ser armazenados no navegador do Usu\u00e1rio. Os propriet\u00e1rios dessas redes sociais t\u00eam suas pr\u00f3prias pol\u00edticas de prote\u00e7\u00e3o de dados e de cookies, sendo eles mesmos, em cada caso, respons\u00e1veis por seus pr\u00f3prios arquivos e suas pr\u00f3prias pr\u00e1ticas de privacidade. O Usu\u00e1rio deve consult\u00e1-las para obter informa\u00e7\u00f5es sobre esses cookies e, quando apropriado, sobre o processamento de seus dados pessoais. Apenas para fins informativos, os links onde essas pol\u00edticas de privacidade e\/ou de cookies podem ser consultadas est\u00e3o indicados abaixo:<\/p>\n<p>\u25cf Facebook: https:\/\/www.facebook.com\/policies\/cookies\/<br \/>\n\u25cf Twitter: https:\/\/twitter.com\/es\/privacy<br \/>\n\u25cf Instagram: https:\/\/help.instagram.com\/1896641480634370?ref=ig<br \/>\n\u25cf YouTube: https:\/\/policies.google.com\/privacy?hl=es-419&amp;gl=mx<br \/>\n\u25cf Pinterest: https:\/\/policy.pinterest.com\/es\/privacy-policy<br \/>\n\u25cf LinkedIn: https:\/\/www.linkedin.com\/legal\/cookie-policy?trk=hp-cookies<\/p>\n\t\t\t\t\t\t\t\t<\/div>\n\t\t\t\t<\/div>\n\t\t\t\t<div class=\"elementor-element elementor-element-0fde9dd elementor-widget elementor-widget-heading\" data-id=\"0fde9dd\" data-element_type=\"widget\" data-e-type=\"widget\" data-widget_type=\"heading.default\">\n\t\t\t\t<div class=\"elementor-widget-container\">\n\t\t\t\t\t<h2 class=\"elementor-heading-title elementor-size-default\">Desativa\u00e7\u00e3o, rejei\u00e7\u00e3o e exclus\u00e3o de cookies<\/h2>\t\t\t\t<\/div>\n\t\t\t\t<\/div>\n\t\t\t\t<div class=\"elementor-element elementor-element-432b2bc elementor-widget elementor-widget-text-editor\" data-id=\"432b2bc\" data-element_type=\"widget\" data-e-type=\"widget\" data-widget_type=\"text-editor.default\">\n\t\t\t\t<div class=\"elementor-widget-container\">\n\t\t\t\t\t\t\t\t\t<p>O Usu\u00e1rio pode desativar, rejeitar e excluir cookies &#8211; no todo ou em parte &#8211; instalados em seu dispositivo configurando seu navegador (incluindo, por exemplo, Chrome, Firefox, Safari, Explorer). Nesse sentido, os procedimentos para rejeitar e excluir cookies podem diferir de um navegador da Internet para outro. Consequentemente, o Usu\u00e1rio deve seguir as instru\u00e7\u00f5es fornecidas pelo navegador da Internet que estiver usando. Caso rejeite o uso de cookies, total ou parcialmente, o Usu\u00e1rio poder\u00e1 continuar a usar o Site, embora o uso de alguns de seus recursos possa ser limitado.<\/p>\n\t\t\t\t\t\t\t\t<\/div>\n\t\t\t\t<\/div>\n\t\t\t\t\t<\/div>\n\t\t<\/div>\n\t\t\t\t\t<\/div>\n\t\t<\/section>\n\t\t\t\t<\/div>\n\t\t","protected":false},"excerpt":{"rendered":"<p>Pol\u00edtica de cookies www.24five.com O acesso a este Site pode envolver o uso de cookies. Cookies s\u00e3o pequenas quantidades de informa\u00e7\u00f5es que s\u00e3o armazenadas no navegador usado por cada Usu\u00e1rio &#8211; nos diferentes dispositivos que podem ser usados para navegar &#8211; para que o servidor se lembre de determinadas informa\u00e7\u00f5es que ser\u00e3o lidas posteriormente apenas [&hellip;]<\/p>\n","protected":false},"author":1,"featured_media":0,"parent":0,"menu_order":0,"comment_status":"closed","ping_status":"closed","template":"","meta":{"site-sidebar-layout":"no-sidebar","site-content-layout":"page-builder","ast-site-content-layout":"default","site-content-style":"default","site-sidebar-style":"default","ast-global-header-display":"","ast-banner-title-visibility":"","ast-main-header-display":"","ast-hfb-above-header-display":"","ast-hfb-below-header-display":"","ast-hfb-mobile-header-display":"","site-post-title":"disabled","ast-breadcrumbs-content":"","ast-featured-img":"disabled","footer-sml-layout":"","ast-disable-related-posts":"","theme-transparent-header-meta":"","adv-header-id-meta":"","stick-header-meta":"","header-above-stick-meta":"","header-main-stick-meta":"","header-below-stick-meta":"","astra-migrate-meta-layouts":"default","ast-page-background-enabled":"default","ast-page-background-meta":{"desktop":{"background-color":"var(--ast-global-color-4)","background-image":"","background-repeat":"repeat","background-position":"center center","background-size":"auto","background-attachment":"scroll","background-type":"","background-media":"","overlay-type":"","overlay-color":"","overlay-opacity":"","overlay-gradient":""},"tablet":{"background-color":"","background-image":"","background-repeat":"repeat","background-position":"center center","background-size":"auto","background-attachment":"scroll","background-type":"","background-media":"","overlay-type":"","overlay-color":"","overlay-opacity":"","overlay-gradient":""},"mobile":{"background-color":"","background-image":"","background-repeat":"repeat","background-position":"center center","background-size":"auto","background-attachment":"scroll","background-type":"","background-media":"","overlay-type":"","overlay-color":"","overlay-opacity":"","overlay-gradient":""}},"ast-content-background-meta":{"desktop":{"background-color":"var(--ast-global-color-5)","background-image":"","background-repeat":"repeat","background-position":"center center","background-size":"auto","background-attachment":"scroll","background-type":"","background-media":"","overlay-type":"","overlay-color":"","overlay-opacity":"","overlay-gradient":""},"tablet":{"background-color":"var(--ast-global-color-5)","background-image":"","background-repeat":"repeat","background-position":"center center","background-size":"auto","background-attachment":"scroll","background-type":"","background-media":"","overlay-type":"","overlay-color":"","overlay-opacity":"","overlay-gradient":""},"mobile":{"background-color":"var(--ast-global-color-5)","background-image":"","background-repeat":"repeat","background-position":"center center","background-size":"auto","background-attachment":"scroll","background-type":"","background-media":"","overlay-type":"","overlay-color":"","overlay-opacity":"","overlay-gradient":""}},"footnotes":""},"class_list":["post-1471","page","type-page","status-publish","hentry"],"yoast_head":"<!-- This site is optimized with the Yoast SEO plugin v26.8 - https:\/\/yoast.com\/product\/yoast-seo-wordpress\/ -->\n<title>Pol\u00edtica de cookies - 24 Five<\/title>\n<meta name=\"robots\" content=\"index, follow, max-snippet:-1, max-image-preview:large, max-video-preview:-1\" \/>\n<link rel=\"canonical\" href=\"https:\/\/24five.com\/pt-pt\/politica-de-biscoitos\/\" \/>\n<meta property=\"og:locale\" content=\"pt_PT\" \/>\n<meta property=\"og:type\" content=\"article\" \/>\n<meta property=\"og:title\" content=\"Pol\u00edtica de cookies - 24 Five\" \/>\n<meta property=\"og:description\" content=\"Pol\u00edtica de cookies www.24five.com O acesso a este Site pode envolver o uso de cookies. Cookies s\u00e3o pequenas quantidades de informa\u00e7\u00f5es que s\u00e3o armazenadas no navegador usado por cada Usu\u00e1rio &#8211; nos diferentes dispositivos que podem ser usados para navegar &#8211; para que o servidor se lembre de determinadas informa\u00e7\u00f5es que ser\u00e3o lidas posteriormente apenas [&hellip;]\" \/>\n<meta property=\"og:url\" content=\"https:\/\/24five.com\/pt-pt\/politica-de-biscoitos\/\" \/>\n<meta property=\"og:site_name\" content=\"24 Five\" \/>\n<meta property=\"article:publisher\" content=\"https:\/\/www.facebook.com\/24fiveespanol\" \/>\n<meta property=\"article:modified_time\" content=\"2023-08-12T00:04:00+00:00\" \/>\n<meta name=\"twitter:card\" content=\"summary_large_image\" \/>\n<meta name=\"twitter:label1\" content=\"Tempo estimado de leitura\" \/>\n\t<meta name=\"twitter:data1\" content=\"5 minutos\" \/>\n<script type=\"application\/ld+json\" class=\"yoast-schema-graph\">{\"@context\":\"https:\/\/schema.org\",\"@graph\":[{\"@type\":\"WebPage\",\"@id\":\"https:\/\/24five.com\/pt-pt\/politica-de-biscoitos\/\",\"url\":\"https:\/\/24five.com\/pt-pt\/politica-de-biscoitos\/\",\"name\":\"Pol\u00edtica de cookies - 24 Five\",\"isPartOf\":{\"@id\":\"https:\/\/24five.com\/#website\"},\"datePublished\":\"2023-08-02T13:13:04+00:00\",\"dateModified\":\"2023-08-12T00:04:00+00:00\",\"breadcrumb\":{\"@id\":\"https:\/\/24five.com\/pt-pt\/politica-de-biscoitos\/#breadcrumb\"},\"inLanguage\":\"pt-PT\",\"potentialAction\":[{\"@type\":\"ReadAction\",\"target\":[\"https:\/\/24five.com\/pt-pt\/politica-de-biscoitos\/\"]}]},{\"@type\":\"BreadcrumbList\",\"@id\":\"https:\/\/24five.com\/pt-pt\/politica-de-biscoitos\/#breadcrumb\",\"itemListElement\":[{\"@type\":\"ListItem\",\"position\":1,\"name\":\"Portada\",\"item\":\"https:\/\/24five.com\/\"},{\"@type\":\"ListItem\",\"position\":2,\"name\":\"Pol\u00edtica de cookies\"}]},{\"@type\":\"WebSite\",\"@id\":\"https:\/\/24five.com\/#website\",\"url\":\"https:\/\/24five.com\/\",\"name\":\"24 Five\",\"description\":\"Trading seguro y confiable\",\"publisher\":{\"@id\":\"https:\/\/24five.com\/#organization\"},\"potentialAction\":[{\"@type\":\"SearchAction\",\"target\":{\"@type\":\"EntryPoint\",\"urlTemplate\":\"https:\/\/24five.com\/?s={search_term_string}\"},\"query-input\":{\"@type\":\"PropertyValueSpecification\",\"valueRequired\":true,\"valueName\":\"search_term_string\"}}],\"inLanguage\":\"pt-PT\"},{\"@type\":\"Organization\",\"@id\":\"https:\/\/24five.com\/#organization\",\"name\":\"24 Five\",\"url\":\"https:\/\/24five.com\/\",\"logo\":{\"@type\":\"ImageObject\",\"inLanguage\":\"pt-PT\",\"@id\":\"https:\/\/24five.com\/#\/schema\/logo\/image\/\",\"url\":\"https:\/\/24five.com\/wp-content\/uploads\/2023\/07\/main-logo-24five.png\",\"contentUrl\":\"https:\/\/24five.com\/wp-content\/uploads\/2023\/07\/main-logo-24five.png\",\"width\":834,\"height\":240,\"caption\":\"24 Five\"},\"image\":{\"@id\":\"https:\/\/24five.com\/#\/schema\/logo\/image\/\"},\"sameAs\":[\"https:\/\/www.facebook.com\/24fiveespanol\",\"https:\/\/www.linkedin.com\/company\/24-five\/\"]}]}<\/script>\n<!-- \/ Yoast SEO plugin. -->","yoast_head_json":{"title":"Pol\u00edtica de cookies - 24 Five","robots":{"index":"index","follow":"follow","max-snippet":"max-snippet:-1","max-image-preview":"max-image-preview:large","max-video-preview":"max-video-preview:-1"},"canonical":"https:\/\/24five.com\/pt-pt\/politica-de-biscoitos\/","og_locale":"pt_PT","og_type":"article","og_title":"Pol\u00edtica de cookies - 24 Five","og_description":"Pol\u00edtica de cookies www.24five.com O acesso a este Site pode envolver o uso de cookies. Cookies s\u00e3o pequenas quantidades de informa\u00e7\u00f5es que s\u00e3o armazenadas no navegador usado por cada Usu\u00e1rio &#8211; nos diferentes dispositivos que podem ser usados para navegar &#8211; para que o servidor se lembre de determinadas informa\u00e7\u00f5es que ser\u00e3o lidas posteriormente apenas [&hellip;]","og_url":"https:\/\/24five.com\/pt-pt\/politica-de-biscoitos\/","og_site_name":"24 Five","article_publisher":"https:\/\/www.facebook.com\/24fiveespanol","article_modified_time":"2023-08-12T00:04:00+00:00","twitter_card":"summary_large_image","twitter_misc":{"Tempo estimado de leitura":"5 minutos"},"schema":{"@context":"https:\/\/schema.org","@graph":[{"@type":"WebPage","@id":"https:\/\/24five.com\/pt-pt\/politica-de-biscoitos\/","url":"https:\/\/24five.com\/pt-pt\/politica-de-biscoitos\/","name":"Pol\u00edtica de cookies - 24 Five","isPartOf":{"@id":"https:\/\/24five.com\/#website"},"datePublished":"2023-08-02T13:13:04+00:00","dateModified":"2023-08-12T00:04:00+00:00","breadcrumb":{"@id":"https:\/\/24five.com\/pt-pt\/politica-de-biscoitos\/#breadcrumb"},"inLanguage":"pt-PT","potentialAction":[{"@type":"ReadAction","target":["https:\/\/24five.com\/pt-pt\/politica-de-biscoitos\/"]}]},{"@type":"BreadcrumbList","@id":"https:\/\/24five.com\/pt-pt\/politica-de-biscoitos\/#breadcrumb","itemListElement":[{"@type":"ListItem","position":1,"name":"Portada","item":"https:\/\/24five.com\/"},{"@type":"ListItem","position":2,"name":"Pol\u00edtica de cookies"}]},{"@type":"WebSite","@id":"https:\/\/24five.com\/#website","url":"https:\/\/24five.com\/","name":"24 Five","description":"Trading seguro y confiable","publisher":{"@id":"https:\/\/24five.com\/#organization"},"potentialAction":[{"@type":"SearchAction","target":{"@type":"EntryPoint","urlTemplate":"https:\/\/24five.com\/?s={search_term_string}"},"query-input":{"@type":"PropertyValueSpecification","valueRequired":true,"valueName":"search_term_string"}}],"inLanguage":"pt-PT"},{"@type":"Organization","@id":"https:\/\/24five.com\/#organization","name":"24 Five","url":"https:\/\/24five.com\/","logo":{"@type":"ImageObject","inLanguage":"pt-PT","@id":"https:\/\/24five.com\/#\/schema\/logo\/image\/","url":"https:\/\/24five.com\/wp-content\/uploads\/2023\/07\/main-logo-24five.png","contentUrl":"https:\/\/24five.com\/wp-content\/uploads\/2023\/07\/main-logo-24five.png","width":834,"height":240,"caption":"24 Five"},"image":{"@id":"https:\/\/24five.com\/#\/schema\/logo\/image\/"},"sameAs":["https:\/\/www.facebook.com\/24fiveespanol","https:\/\/www.linkedin.com\/company\/24-five\/"]}]}},"_links":{"self":[{"href":"https:\/\/24five.com\/pt-pt\/wp-json\/wp\/v2\/pages\/1471","targetHints":{"allow":["GET"]}}],"collection":[{"href":"https:\/\/24five.com\/pt-pt\/wp-json\/wp\/v2\/pages"}],"about":[{"href":"https:\/\/24five.com\/pt-pt\/wp-json\/wp\/v2\/types\/page"}],"author":[{"embeddable":true,"href":"https:\/\/24five.com\/pt-pt\/wp-json\/wp\/v2\/users\/1"}],"replies":[{"embeddable":true,"href":"https:\/\/24five.com\/pt-pt\/wp-json\/wp\/v2\/comments?post=1471"}],"version-history":[{"count":0,"href":"https:\/\/24five.com\/pt-pt\/wp-json\/wp\/v2\/pages\/1471\/revisions"}],"wp:attachment":[{"href":"https:\/\/24five.com\/pt-pt\/wp-json\/wp\/v2\/media?parent=1471"}],"curies":[{"name":"wp","href":"https:\/\/api.w.org\/{rel}","templated":true}]}}