{"id":1467,"date":"2023-08-02T08:15:05","date_gmt":"2023-08-02T13:15:05","guid":{"rendered":"https:\/\/ticketestrella.com\/politica-de-privacidade\/"},"modified":"2024-05-31T11:14:35","modified_gmt":"2024-05-31T16:14:35","slug":"politica-de-privacidade","status":"publish","type":"page","link":"https:\/\/24five.com\/pt-pt\/politica-de-privacidade\/","title":{"rendered":"Pol\u00edtica de privacidade"},"content":{"rendered":"\t\t<div data-elementor-type=\"wp-page\" data-elementor-id=\"1467\" class=\"elementor elementor-1467\" data-elementor-post-type=\"page\">\n\t\t\t\t\t\t<section class=\"elementor-section elementor-top-section elementor-element elementor-element-443e9aa elementor-section-boxed elementor-section-height-default elementor-section-height-default\" data-id=\"443e9aa\" data-element_type=\"section\" data-e-type=\"section\">\n\t\t\t\t\t\t<div class=\"elementor-container elementor-column-gap-default\">\n\t\t\t\t\t<div class=\"elementor-column elementor-col-100 elementor-top-column elementor-element elementor-element-5032950\" data-id=\"5032950\" data-element_type=\"column\" data-e-type=\"column\">\n\t\t\t<div class=\"elementor-widget-wrap elementor-element-populated\">\n\t\t\t\t\t\t<div class=\"elementor-element elementor-element-f2c89cc elementor-widget elementor-widget-heading\" data-id=\"f2c89cc\" data-element_type=\"widget\" data-e-type=\"widget\" data-widget_type=\"heading.default\">\n\t\t\t\t<div class=\"elementor-widget-container\">\n\t\t\t\t\t<h1 class=\"elementor-heading-title elementor-size-default\">Pol\u00edtica de privacidade<\/h1>\t\t\t\t<\/div>\n\t\t\t\t<\/div>\n\t\t\t\t<div class=\"elementor-element elementor-element-05df2ca elementor-widget elementor-widget-text-editor\" data-id=\"05df2ca\" data-element_type=\"widget\" data-e-type=\"widget\" data-widget_type=\"text-editor.default\">\n\t\t\t\t<div class=\"elementor-widget-container\">\n\t\t\t\t\t\t\t\t\t<p>Esta Pol\u00edtica de Privacidade estabelece os termos sob os quais a 24five usa e protege as informa\u00e7\u00f5es que voc\u00ea nos fornece quando usa este site. A 24five est\u00e1 comprometida com a seguran\u00e7a de suas informa\u00e7\u00f5es. Quando solicitamos que voc\u00ea preencha informa\u00e7\u00f5es pessoais pelas quais possa ser identificado, fazemos isso no entendimento de que elas ser\u00e3o usadas somente de acordo com os termos deste documento. No entanto, esta Pol\u00edtica de Privacidade pode mudar com o tempo ou ser atualizada, e recomendamos que voc\u00ea reveja continuamente esta p\u00e1gina para garantir que esteja satisfeito com quaisquer altera\u00e7\u00f5es.<\/p>\n\t\t\t\t\t\t\t\t<\/div>\n\t\t\t\t<\/div>\n\t\t\t\t<div class=\"elementor-element elementor-element-a286094 elementor-widget elementor-widget-heading\" data-id=\"a286094\" data-element_type=\"widget\" data-e-type=\"widget\" data-widget_type=\"heading.default\">\n\t\t\t\t<div class=\"elementor-widget-container\">\n\t\t\t\t\t<h2 class=\"elementor-heading-title elementor-size-default\">Informa\u00e7\u00f5es coletadas<\/h2>\t\t\t\t<\/div>\n\t\t\t\t<\/div>\n\t\t\t\t<div class=\"elementor-element elementor-element-b115617 elementor-widget elementor-widget-text-editor\" data-id=\"b115617\" data-element_type=\"widget\" data-e-type=\"widget\" data-widget_type=\"text-editor.default\">\n\t\t\t\t<div class=\"elementor-widget-container\">\n\t\t\t\t\t\t\t\t\t<p>Nosso site pode coletar informa\u00e7\u00f5es pessoais, como nome, informa\u00e7\u00f5es de contato, como seu endere\u00e7o de e-mail e informa\u00e7\u00f5es demogr\u00e1ficas. Al\u00e9m disso, quando necess\u00e1rio, informa\u00e7\u00f5es espec\u00edficas podem ser solicitadas para processar um pedido ou fazer uma entrega ou cobran\u00e7a.<\/p>\n\t\t\t\t\t\t\t\t<\/div>\n\t\t\t\t<\/div>\n\t\t\t\t<div class=\"elementor-element elementor-element-161af7f elementor-widget elementor-widget-heading\" data-id=\"161af7f\" data-element_type=\"widget\" data-e-type=\"widget\" data-widget_type=\"heading.default\">\n\t\t\t\t<div class=\"elementor-widget-container\">\n\t\t\t\t\t<h2 class=\"elementor-heading-title elementor-size-default\">Uso das informa\u00e7\u00f5es coletadas<\/h2>\t\t\t\t<\/div>\n\t\t\t\t<\/div>\n\t\t\t\t<div class=\"elementor-element elementor-element-3050873 elementor-widget elementor-widget-text-editor\" data-id=\"3050873\" data-element_type=\"widget\" data-e-type=\"widget\" data-widget_type=\"text-editor.default\">\n\t\t\t\t<div class=\"elementor-widget-container\">\n\t\t\t\t\t\t\t\t\t<p>Nosso site usa as informa\u00e7\u00f5es para oferecer o melhor servi\u00e7o poss\u00edvel, especialmente para acompanhar os usu\u00e1rios, acompanhar os pedidos, quando aplic\u00e1vel, e aprimorar nossos produtos e servi\u00e7os. Podemos enviar periodicamente e-mails por meio do nosso site com ofertas especiais, novos produtos e outras informa\u00e7\u00f5es promocionais que consideramos relevantes para voc\u00ea ou que podem ser ben\u00e9ficas para voc\u00ea. Esses e-mails ser\u00e3o enviados para o endere\u00e7o que voc\u00ea fornecer e podem ser cancelados a qualquer momento. A 24five est\u00e1 altamente comprometida em cumprir seu compromisso de manter suas informa\u00e7\u00f5es seguras. Usamos sistemas de \u00faltima gera\u00e7\u00e3o e os atualizamos constantemente para garantir que n\u00e3o haja acesso n\u00e3o autorizado.<\/p>\n\t\t\t\t\t\t\t\t<\/div>\n\t\t\t\t<\/div>\n\t\t\t\t<div class=\"elementor-element elementor-element-f5471ee elementor-widget elementor-widget-heading\" data-id=\"f5471ee\" data-element_type=\"widget\" data-e-type=\"widget\" data-widget_type=\"heading.default\">\n\t\t\t\t<div class=\"elementor-widget-container\">\n\t\t\t\t\t<h2 class=\"elementor-heading-title elementor-size-default\">Cookies<\/h2>\t\t\t\t<\/div>\n\t\t\t\t<\/div>\n\t\t\t\t<div class=\"elementor-element elementor-element-3b9c1b7 elementor-widget elementor-widget-text-editor\" data-id=\"3b9c1b7\" data-element_type=\"widget\" data-e-type=\"widget\" data-widget_type=\"text-editor.default\">\n\t\t\t\t<div class=\"elementor-widget-container\">\n\t\t\t\t\t\t\t\t\t<p>Um cookie refere-se a um arquivo que \u00e9 enviado com o objetivo de solicitar permiss\u00e3o para ser armazenado em seu computador. Ao aceitar, esse arquivo \u00e9 criado e o cookie \u00e9 usado para obter informa\u00e7\u00f5es sobre o tr\u00e1fego da Web, al\u00e9m de facilitar futuras visitas a um site recorrente. Outra fun\u00e7\u00e3o dos cookies \u00e9 que, com eles, os sites podem se reconhecer individualmente e, portanto, fornecer a voc\u00ea o melhor servi\u00e7o personalizado em seus sites.<br \/>\nNosso site usa cookies para identificar quais p\u00e1ginas s\u00e3o visitadas e com que frequ\u00eancia. Essas informa\u00e7\u00f5es s\u00e3o usadas somente para an\u00e1lise estat\u00edstica e, em seguida, s\u00e3o exclu\u00eddas permanentemente. Voc\u00ea pode excluir os cookies do seu computador a qualquer momento. No entanto, os cookies ajudam a fornecer um servi\u00e7o melhor nos sites, mas n\u00e3o d\u00e3o acesso a informa\u00e7\u00f5es sobre seu computador ou sobre voc\u00ea, a menos que voc\u00ea opte por fornec\u00ea-las diretamente. Voc\u00ea pode aceitar ou recusar o uso de cookies, mas a maioria dos navegadores aceita cookies automaticamente para oferecer um servi\u00e7o melhor na Web. Voc\u00ea tamb\u00e9m pode alterar as configura\u00e7\u00f5es do seu computador para recusar cookies.<br \/>\nSe voc\u00ea n\u00e3o aceitar os cookies, poder\u00e1 n\u00e3o conseguir us\u00e1-los. Se voc\u00ea recusar os cookies, talvez n\u00e3o consiga usar alguns de nossos servi\u00e7os.<br \/>\nalguns de nossos servi\u00e7os.<\/p>\n\t\t\t\t\t\t\t\t<\/div>\n\t\t\t\t<\/div>\n\t\t\t\t<div class=\"elementor-element elementor-element-4aedefd elementor-widget elementor-widget-heading\" data-id=\"4aedefd\" data-element_type=\"widget\" data-e-type=\"widget\" data-widget_type=\"heading.default\">\n\t\t\t\t<div class=\"elementor-widget-container\">\n\t\t\t\t\t<h2 class=\"elementor-heading-title elementor-size-default\">Links para terceiros<\/h2>\t\t\t\t<\/div>\n\t\t\t\t<\/div>\n\t\t\t\t<div class=\"elementor-element elementor-element-9035b3a elementor-widget elementor-widget-text-editor\" data-id=\"9035b3a\" data-element_type=\"widget\" data-e-type=\"widget\" data-widget_type=\"text-editor.default\">\n\t\t\t\t<div class=\"elementor-widget-container\">\n\t\t\t\t\t\t\t\t\t<p>Este site pode conter links para outros sites que podem ser de seu interesse. Quando voc\u00ea clica nesses links e sai do nosso site, n\u00e3o temos mais controle sobre o site para o qual voc\u00ea foi redirecionado e, portanto, n\u00e3o somos respons\u00e1veis pelos termos ou pr\u00e1ticas de privacidade ou prote\u00e7\u00e3o de dados desses sites de terceiros. Esses sites est\u00e3o sujeitos a suas pr\u00f3prias pol\u00edticas de privacidade e voc\u00ea deve verific\u00e1-las para garantir que est\u00e1 satisfeito com elas.<\/p>\n\t\t\t\t\t\t\t\t<\/div>\n\t\t\t\t<\/div>\n\t\t\t\t<div class=\"elementor-element elementor-element-bef145a elementor-widget elementor-widget-heading\" data-id=\"bef145a\" data-element_type=\"widget\" data-e-type=\"widget\" data-widget_type=\"heading.default\">\n\t\t\t\t<div class=\"elementor-widget-container\">\n\t\t\t\t\t<h2 class=\"elementor-heading-title elementor-size-default\">Controle de suas informa\u00e7\u00f5es pessoais<\/h2>\t\t\t\t<\/div>\n\t\t\t\t<\/div>\n\t\t\t\t<div class=\"elementor-element elementor-element-c4d8027 elementor-widget elementor-widget-text-editor\" data-id=\"c4d8027\" data-element_type=\"widget\" data-e-type=\"widget\" data-widget_type=\"text-editor.default\">\n\t\t\t\t<div class=\"elementor-widget-container\">\n\t\t\t\t\t\t\t\t\tA qualquer momento, voc\u00ea pode restringir a coleta ou o uso das informa\u00e7\u00f5es pessoais fornecidas ao nosso site. Sempre que lhe for solicitado o preenchimento de um formul\u00e1rio, como um formul\u00e1rio de registro, voc\u00ea poder\u00e1 marcar ou desmarcar a op\u00e7\u00e3o de receber informa\u00e7\u00f5es por e-mail. Caso tenha marcado a op\u00e7\u00e3o de receber nosso boletim informativo ou publicidade, voc\u00ea poder\u00e1 cancel\u00e1-la a qualquer momento. Esta empresa n\u00e3o vender\u00e1, doar\u00e1 ou distribuir\u00e1 as informa\u00e7\u00f5es pessoais coletadas sem o seu consentimento, a menos que seja exigido por um juiz mediante ordem judicial.\r\nA 24five reserva-se o direito de alterar os termos desta Pol\u00edtica de Privacidade a qualquer momento.\t\t\t\t\t\t\t\t<\/div>\n\t\t\t\t<\/div>\n\t\t\t\t\t<\/div>\n\t\t<\/div>\n\t\t\t\t\t<\/div>\n\t\t<\/section>\n\t\t\t\t<\/div>\n\t\t","protected":false},"excerpt":{"rendered":"<p>Pol\u00edtica de privacidade Esta Pol\u00edtica de Privacidade estabelece os termos sob os quais a 24five usa e protege as informa\u00e7\u00f5es que voc\u00ea nos fornece quando usa este site. A 24five est\u00e1 comprometida com a seguran\u00e7a de suas informa\u00e7\u00f5es. Quando solicitamos que voc\u00ea preencha informa\u00e7\u00f5es pessoais pelas quais possa ser identificado, fazemos isso no entendimento de [&hellip;]<\/p>\n","protected":false},"author":1,"featured_media":0,"parent":0,"menu_order":0,"comment_status":"closed","ping_status":"closed","template":"","meta":{"site-sidebar-layout":"no-sidebar","site-content-layout":"page-builder","ast-site-content-layout":"default","site-content-style":"default","site-sidebar-style":"default","ast-global-header-display":"","ast-banner-title-visibility":"","ast-main-header-display":"","ast-hfb-above-header-display":"","ast-hfb-below-header-display":"","ast-hfb-mobile-header-display":"","site-post-title":"disabled","ast-breadcrumbs-content":"","ast-featured-img":"disabled","footer-sml-layout":"","ast-disable-related-posts":"","theme-transparent-header-meta":"","adv-header-id-meta":"","stick-header-meta":"","header-above-stick-meta":"","header-main-stick-meta":"","header-below-stick-meta":"","astra-migrate-meta-layouts":"default","ast-page-background-enabled":"default","ast-page-background-meta":{"desktop":{"background-color":"var(--ast-global-color-4)","background-image":"","background-repeat":"repeat","background-position":"center center","background-size":"auto","background-attachment":"scroll","background-type":"","background-media":"","overlay-type":"","overlay-color":"","overlay-opacity":"","overlay-gradient":""},"tablet":{"background-color":"","background-image":"","background-repeat":"repeat","background-position":"center center","background-size":"auto","background-attachment":"scroll","background-type":"","background-media":"","overlay-type":"","overlay-color":"","overlay-opacity":"","overlay-gradient":""},"mobile":{"background-color":"","background-image":"","background-repeat":"repeat","background-position":"center center","background-size":"auto","background-attachment":"scroll","background-type":"","background-media":"","overlay-type":"","overlay-color":"","overlay-opacity":"","overlay-gradient":""}},"ast-content-background-meta":{"desktop":{"background-color":"var(--ast-global-color-5)","background-image":"","background-repeat":"repeat","background-position":"center center","background-size":"auto","background-attachment":"scroll","background-type":"","background-media":"","overlay-type":"","overlay-color":"","overlay-opacity":"","overlay-gradient":""},"tablet":{"background-color":"var(--ast-global-color-5)","background-image":"","background-repeat":"repeat","background-position":"center center","background-size":"auto","background-attachment":"scroll","background-type":"","background-media":"","overlay-type":"","overlay-color":"","overlay-opacity":"","overlay-gradient":""},"mobile":{"background-color":"var(--ast-global-color-5)","background-image":"","background-repeat":"repeat","background-position":"center center","background-size":"auto","background-attachment":"scroll","background-type":"","background-media":"","overlay-type":"","overlay-color":"","overlay-opacity":"","overlay-gradient":""}},"footnotes":""},"class_list":["post-1467","page","type-page","status-publish","hentry"],"yoast_head":"<!-- This site is optimized with the Yoast SEO plugin v26.8 - https:\/\/yoast.com\/product\/yoast-seo-wordpress\/ -->\n<title>Pol\u00edtica de privacidade - 24 Five<\/title>\n<meta name=\"robots\" content=\"index, follow, max-snippet:-1, max-image-preview:large, max-video-preview:-1\" \/>\n<link rel=\"canonical\" href=\"https:\/\/24five.com\/pt-pt\/politica-de-privacidade\/\" \/>\n<meta property=\"og:locale\" content=\"pt_PT\" \/>\n<meta property=\"og:type\" content=\"article\" \/>\n<meta property=\"og:title\" content=\"Pol\u00edtica de privacidade - 24 Five\" \/>\n<meta property=\"og:description\" content=\"Pol\u00edtica de privacidade Esta Pol\u00edtica de Privacidade estabelece os termos sob os quais a 24five usa e protege as informa\u00e7\u00f5es que voc\u00ea nos fornece quando usa este site. A 24five est\u00e1 comprometida com a seguran\u00e7a de suas informa\u00e7\u00f5es. Quando solicitamos que voc\u00ea preencha informa\u00e7\u00f5es pessoais pelas quais possa ser identificado, fazemos isso no entendimento de [&hellip;]\" \/>\n<meta property=\"og:url\" content=\"https:\/\/24five.com\/pt-pt\/politica-de-privacidade\/\" \/>\n<meta property=\"og:site_name\" content=\"24 Five\" \/>\n<meta property=\"article:publisher\" content=\"https:\/\/www.facebook.com\/24fiveespanol\" \/>\n<meta property=\"article:modified_time\" content=\"2024-05-31T16:14:35+00:00\" \/>\n<meta name=\"twitter:card\" content=\"summary_large_image\" \/>\n<meta name=\"twitter:label1\" content=\"Tempo estimado de leitura\" \/>\n\t<meta name=\"twitter:data1\" content=\"4 minutos\" \/>\n<script type=\"application\/ld+json\" class=\"yoast-schema-graph\">{\"@context\":\"https:\/\/schema.org\",\"@graph\":[{\"@type\":\"WebPage\",\"@id\":\"https:\/\/24five.com\/pt-pt\/politica-de-privacidade\/\",\"url\":\"https:\/\/24five.com\/pt-pt\/politica-de-privacidade\/\",\"name\":\"Pol\u00edtica de privacidade - 24 Five\",\"isPartOf\":{\"@id\":\"https:\/\/24five.com\/#website\"},\"datePublished\":\"2023-08-02T13:15:05+00:00\",\"dateModified\":\"2024-05-31T16:14:35+00:00\",\"breadcrumb\":{\"@id\":\"https:\/\/24five.com\/pt-pt\/politica-de-privacidade\/#breadcrumb\"},\"inLanguage\":\"pt-PT\",\"potentialAction\":[{\"@type\":\"ReadAction\",\"target\":[\"https:\/\/24five.com\/pt-pt\/politica-de-privacidade\/\"]}]},{\"@type\":\"BreadcrumbList\",\"@id\":\"https:\/\/24five.com\/pt-pt\/politica-de-privacidade\/#breadcrumb\",\"itemListElement\":[{\"@type\":\"ListItem\",\"position\":1,\"name\":\"Portada\",\"item\":\"https:\/\/24five.com\/pt-pt\/\"},{\"@type\":\"ListItem\",\"position\":2,\"name\":\"Pol\u00edtica de privacidade\"}]},{\"@type\":\"WebSite\",\"@id\":\"https:\/\/24five.com\/#website\",\"url\":\"https:\/\/24five.com\/\",\"name\":\"24 Five\",\"description\":\"Trading seguro y confiable\",\"publisher\":{\"@id\":\"https:\/\/24five.com\/#organization\"},\"potentialAction\":[{\"@type\":\"SearchAction\",\"target\":{\"@type\":\"EntryPoint\",\"urlTemplate\":\"https:\/\/24five.com\/?s={search_term_string}\"},\"query-input\":{\"@type\":\"PropertyValueSpecification\",\"valueRequired\":true,\"valueName\":\"search_term_string\"}}],\"inLanguage\":\"pt-PT\"},{\"@type\":\"Organization\",\"@id\":\"https:\/\/24five.com\/#organization\",\"name\":\"24 Five\",\"url\":\"https:\/\/24five.com\/\",\"logo\":{\"@type\":\"ImageObject\",\"inLanguage\":\"pt-PT\",\"@id\":\"https:\/\/24five.com\/#\/schema\/logo\/image\/\",\"url\":\"https:\/\/24five.com\/wp-content\/uploads\/2023\/07\/main-logo-24five.png\",\"contentUrl\":\"https:\/\/24five.com\/wp-content\/uploads\/2023\/07\/main-logo-24five.png\",\"width\":834,\"height\":240,\"caption\":\"24 Five\"},\"image\":{\"@id\":\"https:\/\/24five.com\/#\/schema\/logo\/image\/\"},\"sameAs\":[\"https:\/\/www.facebook.com\/24fiveespanol\",\"https:\/\/www.linkedin.com\/company\/24-five\/\"]}]}<\/script>\n<!-- \/ Yoast SEO plugin. -->","yoast_head_json":{"title":"Pol\u00edtica de privacidade - 24 Five","robots":{"index":"index","follow":"follow","max-snippet":"max-snippet:-1","max-image-preview":"max-image-preview:large","max-video-preview":"max-video-preview:-1"},"canonical":"https:\/\/24five.com\/pt-pt\/politica-de-privacidade\/","og_locale":"pt_PT","og_type":"article","og_title":"Pol\u00edtica de privacidade - 24 Five","og_description":"Pol\u00edtica de privacidade Esta Pol\u00edtica de Privacidade estabelece os termos sob os quais a 24five usa e protege as informa\u00e7\u00f5es que voc\u00ea nos fornece quando usa este site. A 24five est\u00e1 comprometida com a seguran\u00e7a de suas informa\u00e7\u00f5es. Quando solicitamos que voc\u00ea preencha informa\u00e7\u00f5es pessoais pelas quais possa ser identificado, fazemos isso no entendimento de [&hellip;]","og_url":"https:\/\/24five.com\/pt-pt\/politica-de-privacidade\/","og_site_name":"24 Five","article_publisher":"https:\/\/www.facebook.com\/24fiveespanol","article_modified_time":"2024-05-31T16:14:35+00:00","twitter_card":"summary_large_image","twitter_misc":{"Tempo estimado de leitura":"4 minutos"},"schema":{"@context":"https:\/\/schema.org","@graph":[{"@type":"WebPage","@id":"https:\/\/24five.com\/pt-pt\/politica-de-privacidade\/","url":"https:\/\/24five.com\/pt-pt\/politica-de-privacidade\/","name":"Pol\u00edtica de privacidade - 24 Five","isPartOf":{"@id":"https:\/\/24five.com\/#website"},"datePublished":"2023-08-02T13:15:05+00:00","dateModified":"2024-05-31T16:14:35+00:00","breadcrumb":{"@id":"https:\/\/24five.com\/pt-pt\/politica-de-privacidade\/#breadcrumb"},"inLanguage":"pt-PT","potentialAction":[{"@type":"ReadAction","target":["https:\/\/24five.com\/pt-pt\/politica-de-privacidade\/"]}]},{"@type":"BreadcrumbList","@id":"https:\/\/24five.com\/pt-pt\/politica-de-privacidade\/#breadcrumb","itemListElement":[{"@type":"ListItem","position":1,"name":"Portada","item":"https:\/\/24five.com\/pt-pt\/"},{"@type":"ListItem","position":2,"name":"Pol\u00edtica de privacidade"}]},{"@type":"WebSite","@id":"https:\/\/24five.com\/#website","url":"https:\/\/24five.com\/","name":"24 Five","description":"Trading seguro y confiable","publisher":{"@id":"https:\/\/24five.com\/#organization"},"potentialAction":[{"@type":"SearchAction","target":{"@type":"EntryPoint","urlTemplate":"https:\/\/24five.com\/?s={search_term_string}"},"query-input":{"@type":"PropertyValueSpecification","valueRequired":true,"valueName":"search_term_string"}}],"inLanguage":"pt-PT"},{"@type":"Organization","@id":"https:\/\/24five.com\/#organization","name":"24 Five","url":"https:\/\/24five.com\/","logo":{"@type":"ImageObject","inLanguage":"pt-PT","@id":"https:\/\/24five.com\/#\/schema\/logo\/image\/","url":"https:\/\/24five.com\/wp-content\/uploads\/2023\/07\/main-logo-24five.png","contentUrl":"https:\/\/24five.com\/wp-content\/uploads\/2023\/07\/main-logo-24five.png","width":834,"height":240,"caption":"24 Five"},"image":{"@id":"https:\/\/24five.com\/#\/schema\/logo\/image\/"},"sameAs":["https:\/\/www.facebook.com\/24fiveespanol","https:\/\/www.linkedin.com\/company\/24-five\/"]}]}},"_links":{"self":[{"href":"https:\/\/24five.com\/pt-pt\/wp-json\/wp\/v2\/pages\/1467","targetHints":{"allow":["GET"]}}],"collection":[{"href":"https:\/\/24five.com\/pt-pt\/wp-json\/wp\/v2\/pages"}],"about":[{"href":"https:\/\/24five.com\/pt-pt\/wp-json\/wp\/v2\/types\/page"}],"author":[{"embeddable":true,"href":"https:\/\/24five.com\/pt-pt\/wp-json\/wp\/v2\/users\/1"}],"replies":[{"embeddable":true,"href":"https:\/\/24five.com\/pt-pt\/wp-json\/wp\/v2\/comments?post=1467"}],"version-history":[{"count":0,"href":"https:\/\/24five.com\/pt-pt\/wp-json\/wp\/v2\/pages\/1467\/revisions"}],"wp:attachment":[{"href":"https:\/\/24five.com\/pt-pt\/wp-json\/wp\/v2\/media?parent=1467"}],"curies":[{"name":"wp","href":"https:\/\/api.w.org\/{rel}","templated":true}]}}