{"id":1461,"date":"2023-08-02T20:29:09","date_gmt":"2023-08-03T01:29:09","guid":{"rendered":"https:\/\/ticketestrella.com\/mapas-de-calor-forex\/"},"modified":"2024-06-04T08:12:28","modified_gmt":"2024-06-04T13:12:28","slug":"mapas-de-calor-forex","status":"publish","type":"page","link":"https:\/\/24five.com\/pt-pt\/mapas-de-calor-forex\/","title":{"rendered":"Mapas de calor Forex"},"content":{"rendered":"\t\t<div data-elementor-type=\"wp-page\" data-elementor-id=\"1461\" class=\"elementor elementor-1461\" data-elementor-post-type=\"page\">\n\t\t\t\t\t\t<section class=\"elementor-section elementor-top-section elementor-element elementor-element-18e6d481 elementor-section-boxed elementor-section-height-default elementor-section-height-default\" data-id=\"18e6d481\" data-element_type=\"section\" data-e-type=\"section\">\n\t\t\t\t\t\t<div class=\"elementor-container elementor-column-gap-default\">\n\t\t\t\t\t<div class=\"elementor-column elementor-col-100 elementor-top-column elementor-element elementor-element-6a860e2b\" data-id=\"6a860e2b\" data-element_type=\"column\" data-e-type=\"column\">\n\t\t\t<div class=\"elementor-widget-wrap elementor-element-populated\">\n\t\t\t\t\t\t<div class=\"elementor-element elementor-element-6b6ed314 elementor-widget elementor-widget-heading\" data-id=\"6b6ed314\" data-element_type=\"widget\" data-e-type=\"widget\" data-widget_type=\"heading.default\">\n\t\t\t\t<div class=\"elementor-widget-container\">\n\t\t\t\t\t<h1 class=\"elementor-heading-title elementor-size-default\">Mapas de calor de Forex<\/h1>\t\t\t\t<\/div>\n\t\t\t\t<\/div>\n\t\t\t\t<div class=\"elementor-element elementor-element-6382ae5a elementor-widget__width-initial elementor-widget elementor-widget-html\" data-id=\"6382ae5a\" data-element_type=\"widget\" data-e-type=\"widget\" data-widget_type=\"html.default\">\n\t\t\t\t<div class=\"elementor-widget-container\">\n\t\t\t\t\t<!-- TradingView Widget BEGIN -->\r\n<div class=\"tradingview-widget-container\">\r\n  <div class=\"tradingview-widget-container__widget\"><\/div>\r\n  <div class=\"tradingview-widget-copyright\"><a href=\"https:\/\/www.tradingview.com\/markets\/currencies\/forex-heat-map\/\" rel=\"noopener\" target=\"_blank\"><span class=\"blue-text\"> <\/span><\/a><\/div>\r\n  <script type=\"text\/javascript\" src=\"https:\/\/s3.tradingview.com\/external-embedding\/embed-widget-forex-heat-map.js\" async>\r\n  {\r\n  \"width\": 1000,\r\n  \"height\": 400,\r\n  \"currencies\": [\r\n    \"EUR\",\r\n    \"USD\",\r\n    \"JPY\",\r\n    \"GBP\",\r\n    \"CHF\",\r\n    \"AUD\",\r\n    \"CAD\",\r\n    \"NZD\",\r\n    \"CNY\"\r\n  ],\r\n  \"isTransparent\": false,\r\n  \"colorTheme\": \"light\",\r\n  \"locale\": \"en\"\r\n}\r\n  <\/script>\r\n<\/div>\r\n<!-- TradingView Widget END -->\r\n\r\n\t\t\t\t<\/div>\n\t\t\t\t<\/div>\n\t\t\t\t\t<\/div>\n\t\t<\/div>\n\t\t\t\t\t<\/div>\n\t\t<\/section>\n\t\t\t\t<section class=\"elementor-section elementor-top-section elementor-element elementor-element-f198888 elementor-section-boxed elementor-section-height-default elementor-section-height-default\" data-id=\"f198888\" data-element_type=\"section\" data-e-type=\"section\" data-settings=\"{&quot;background_background&quot;:&quot;classic&quot;}\">\n\t\t\t\t\t\t<div class=\"elementor-container elementor-column-gap-default\">\n\t\t\t\t\t<div class=\"elementor-column elementor-col-100 elementor-top-column elementor-element elementor-element-1ff7b4a\" data-id=\"1ff7b4a\" data-element_type=\"column\" data-e-type=\"column\">\n\t\t\t<div class=\"elementor-widget-wrap elementor-element-populated\">\n\t\t\t\t\t\t<div class=\"elementor-element elementor-element-8b1adec elementor-widget elementor-widget-heading\" data-id=\"8b1adec\" data-element_type=\"widget\" data-e-type=\"widget\" data-widget_type=\"heading.default\">\n\t\t\t\t<div class=\"elementor-widget-container\">\n\t\t\t\t\t<h2 class=\"elementor-heading-title elementor-size-default\">Ferramentas dispon\u00edveis\n<\/h2>\t\t\t\t<\/div>\n\t\t\t\t<\/div>\n\t\t\t\t<div class=\"elementor-element elementor-element-31d5426 elementor-widget__width-initial elementor-position-top elementor-widget elementor-widget-image-box\" data-id=\"31d5426\" data-element_type=\"widget\" data-e-type=\"widget\" data-widget_type=\"image-box.default\">\n\t\t\t\t<div class=\"elementor-widget-container\">\n\t\t\t\t\t<div class=\"elementor-image-box-wrapper\"><figure class=\"elementor-image-box-img\"><a href=\"https:\/\/24five.com\/pt-pt\/calendario-economico\/\" tabindex=\"-1\"><img decoding=\"async\" width=\"184\" height=\"184\" src=\"https:\/\/24five.com\/wp-content\/uploads\/2023\/08\/icon-trading-01.png\" class=\"attachment-full size-full wp-image-443\" alt=\"Calendario\" srcset=\"https:\/\/24five.com\/wp-content\/uploads\/2023\/08\/icon-trading-01.png 184w, https:\/\/24five.com\/wp-content\/uploads\/2023\/08\/icon-trading-01-150x150.png 150w\" sizes=\"(max-width: 184px) 100vw, 184px\" \/><\/a><\/figure><div class=\"elementor-image-box-content\"><h3 class=\"elementor-image-box-title\"><a href=\"https:\/\/24five.com\/pt-pt\/calendario-economico\/\">Calendario econ\u00f3mico<\/a><\/h3><\/div><\/div>\t\t\t\t<\/div>\n\t\t\t\t<\/div>\n\t\t\t\t<div class=\"elementor-element elementor-element-b509dd0 elementor-widget__width-initial elementor-position-top elementor-widget elementor-widget-image-box\" data-id=\"b509dd0\" data-element_type=\"widget\" data-e-type=\"widget\" data-widget_type=\"image-box.default\">\n\t\t\t\t<div class=\"elementor-widget-container\">\n\t\t\t\t\t<div class=\"elementor-image-box-wrapper\"><figure class=\"elementor-image-box-img\"><a href=\"https:\/\/24five.com\/pt-pt\/precos-forex\/\" tabindex=\"-1\"><img decoding=\"async\" width=\"188\" height=\"188\" src=\"https:\/\/24five.com\/wp-content\/uploads\/2023\/08\/icon-trading-02-v2.png\" class=\"attachment-full size-full wp-image-450\" alt=\"Precios\" srcset=\"https:\/\/24five.com\/wp-content\/uploads\/2023\/08\/icon-trading-02-v2.png 188w, https:\/\/24five.com\/wp-content\/uploads\/2023\/08\/icon-trading-02-v2-150x150.png 150w\" sizes=\"(max-width: 188px) 100vw, 188px\" \/><\/a><\/figure><div class=\"elementor-image-box-content\"><h3 class=\"elementor-image-box-title\"><a href=\"https:\/\/24five.com\/pt-pt\/precos-forex\/\">Precios de Forex<\/a><\/h3><\/div><\/div>\t\t\t\t<\/div>\n\t\t\t\t<\/div>\n\t\t\t\t<div class=\"elementor-element elementor-element-620ebbc elementor-widget__width-initial elementor-position-top elementor-widget elementor-widget-image-box\" data-id=\"620ebbc\" data-element_type=\"widget\" data-e-type=\"widget\" data-widget_type=\"image-box.default\">\n\t\t\t\t<div class=\"elementor-widget-container\">\n\t\t\t\t\t<div class=\"elementor-image-box-wrapper\"><figure class=\"elementor-image-box-img\"><img decoding=\"async\" width=\"186\" height=\"186\" src=\"https:\/\/24five.com\/wp-content\/uploads\/2023\/08\/icon-trading-03.png\" class=\"attachment-full size-full wp-image-445\" alt=\"Panorama\" srcset=\"https:\/\/24five.com\/wp-content\/uploads\/2023\/08\/icon-trading-03.png 186w, https:\/\/24five.com\/wp-content\/uploads\/2023\/08\/icon-trading-03-150x150.png 150w\" sizes=\"(max-width: 186px) 100vw, 186px\" \/><\/figure><div class=\"elementor-image-box-content\"><h3 class=\"elementor-image-box-title\">Vis\u00e3o geral do mercado <\/h3><\/div><\/div>\t\t\t\t<\/div>\n\t\t\t\t<\/div>\n\t\t\t\t<div class=\"elementor-element elementor-element-eb07da7 elementor-widget__width-initial elementor-position-top elementor-widget elementor-widget-image-box\" data-id=\"eb07da7\" data-element_type=\"widget\" data-e-type=\"widget\" data-widget_type=\"image-box.default\">\n\t\t\t\t<div class=\"elementor-widget-container\">\n\t\t\t\t\t<div class=\"elementor-image-box-wrapper\"><figure class=\"elementor-image-box-img\"><a href=\"https:\/\/24five.com\/pt-pt\/mapas-de-calor-forex\/\" tabindex=\"-1\"><img loading=\"lazy\" decoding=\"async\" width=\"192\" height=\"192\" src=\"https:\/\/24five.com\/wp-content\/uploads\/2023\/08\/icon-trading-04.png\" class=\"attachment-full size-full wp-image-446\" alt=\"Mapas de calor\" srcset=\"https:\/\/24five.com\/wp-content\/uploads\/2023\/08\/icon-trading-04.png 192w, https:\/\/24five.com\/wp-content\/uploads\/2023\/08\/icon-trading-04-150x150.png 150w\" sizes=\"(max-width: 192px) 100vw, 192px\" \/><\/a><\/figure><div class=\"elementor-image-box-content\"><h3 class=\"elementor-image-box-title\"><a href=\"https:\/\/24five.com\/pt-pt\/mapas-de-calor-forex\/\">Mapas do calor Forex<\/a><\/h3><\/div><\/div>\t\t\t\t<\/div>\n\t\t\t\t<\/div>\n\t\t\t\t<div class=\"elementor-element elementor-element-3620ed7 elementor-widget__width-initial elementor-position-top elementor-widget elementor-widget-image-box\" data-id=\"3620ed7\" data-element_type=\"widget\" data-e-type=\"widget\" data-widget_type=\"image-box.default\">\n\t\t\t\t<div class=\"elementor-widget-container\">\n\t\t\t\t\t<div class=\"elementor-image-box-wrapper\"><figure class=\"elementor-image-box-img\"><a href=\"https:\/\/24five.com\/pt-pt\/mercado-de-divisas-criptograficas\/\" tabindex=\"-1\"><img loading=\"lazy\" decoding=\"async\" width=\"232\" height=\"232\" src=\"https:\/\/24five.com\/wp-content\/uploads\/2023\/08\/icon-trading-05-v2.png\" class=\"attachment-full size-full wp-image-451\" alt=\"Criptomonedas\" srcset=\"https:\/\/24five.com\/wp-content\/uploads\/2023\/08\/icon-trading-05-v2.png 232w, https:\/\/24five.com\/wp-content\/uploads\/2023\/08\/icon-trading-05-v2-150x150.png 150w\" sizes=\"(max-width: 232px) 100vw, 232px\" \/><\/a><\/figure><div class=\"elementor-image-box-content\"><h3 class=\"elementor-image-box-title\"><a href=\"https:\/\/24five.com\/pt-pt\/mercado-de-divisas-criptograficas\/\">Mercado Criptomoedas<\/a><\/h3><\/div><\/div>\t\t\t\t<\/div>\n\t\t\t\t<\/div>\n\t\t\t\t<div class=\"elementor-element elementor-element-658e7d7 elementor-widget__width-initial elementor-position-top elementor-widget elementor-widget-image-box\" data-id=\"658e7d7\" data-element_type=\"widget\" data-e-type=\"widget\" data-widget_type=\"image-box.default\">\n\t\t\t\t<div class=\"elementor-widget-container\">\n\t\t\t\t\t<div class=\"elementor-image-box-wrapper\"><figure class=\"elementor-image-box-img\"><a href=\"https:\/\/24five.com\/pt-pt\/comparacao-de-simbolos-tecnicos-e-fundamentais\/\" tabindex=\"-1\"><img loading=\"lazy\" decoding=\"async\" width=\"212\" height=\"212\" src=\"https:\/\/24five.com\/wp-content\/uploads\/2023\/08\/icon-trading-06-v2.png\" class=\"attachment-full size-full wp-image-452\" alt=\"Screener\" srcset=\"https:\/\/24five.com\/wp-content\/uploads\/2023\/08\/icon-trading-06-v2.png 212w, https:\/\/24five.com\/wp-content\/uploads\/2023\/08\/icon-trading-06-v2-150x150.png 150w\" sizes=\"(max-width: 212px) 100vw, 212px\" \/><\/a><\/figure><div class=\"elementor-image-box-content\"><h3 class=\"elementor-image-box-title\"><a href=\"https:\/\/24five.com\/pt-pt\/comparacao-de-simbolos-tecnicos-e-fundamentais\/\">Rastreador<\/a><\/h3><\/div><\/div>\t\t\t\t<\/div>\n\t\t\t\t<\/div>\n\t\t\t\t<div class=\"elementor-element elementor-element-0db0aab elementor-widget__width-initial elementor-position-top elementor-widget elementor-widget-image-box\" data-id=\"0db0aab\" data-element_type=\"widget\" data-e-type=\"widget\" data-widget_type=\"image-box.default\">\n\t\t\t\t<div class=\"elementor-widget-container\">\n\t\t\t\t\t<div class=\"elementor-image-box-wrapper\"><figure class=\"elementor-image-box-img\"><a href=\"https:\/\/24five.com\/pt-pt\/dados-de-mercado\/\" tabindex=\"-1\"><img loading=\"lazy\" decoding=\"async\" width=\"226\" height=\"226\" src=\"https:\/\/24five.com\/wp-content\/uploads\/2023\/08\/icon-trading-07-v2.png\" class=\"attachment-full size-full wp-image-456\" alt=\"Datos de mercado\" srcset=\"https:\/\/24five.com\/wp-content\/uploads\/2023\/08\/icon-trading-07-v2.png 226w, https:\/\/24five.com\/wp-content\/uploads\/2023\/08\/icon-trading-07-v2-150x150.png 150w\" sizes=\"(max-width: 226px) 100vw, 226px\" \/><\/a><\/figure><div class=\"elementor-image-box-content\"><h3 class=\"elementor-image-box-title\"><a href=\"https:\/\/24five.com\/pt-pt\/dados-de-mercado\/\">Dados do mercado<\/a><\/h3><\/div><\/div>\t\t\t\t<\/div>\n\t\t\t\t<\/div>\n\t\t\t\t\t<\/div>\n\t\t<\/div>\n\t\t\t\t\t<\/div>\n\t\t<\/section>\n\t\t\t\t<\/div>\n\t\t","protected":false},"excerpt":{"rendered":"<p>Mapas de calor de Forex Ferramentas dispon\u00edveis Calendario econ\u00f3mico Precios de Forex Vis\u00e3o geral do mercado Mapas do calor Forex Mercado Criptomoedas Rastreador Dados do mercado<\/p>\n","protected":false},"author":1,"featured_media":0,"parent":0,"menu_order":0,"comment_status":"closed","ping_status":"closed","template":"","meta":{"site-sidebar-layout":"no-sidebar","site-content-layout":"page-builder","ast-site-content-layout":"default","site-content-style":"default","site-sidebar-style":"default","ast-global-header-display":"","ast-banner-title-visibility":"","ast-main-header-display":"","ast-hfb-above-header-display":"","ast-hfb-below-header-display":"","ast-hfb-mobile-header-display":"","site-post-title":"disabled","ast-breadcrumbs-content":"","ast-featured-img":"disabled","footer-sml-layout":"","ast-disable-related-posts":"","theme-transparent-header-meta":"","adv-header-id-meta":"","stick-header-meta":"","header-above-stick-meta":"","header-main-stick-meta":"","header-below-stick-meta":"","astra-migrate-meta-layouts":"default","ast-page-background-enabled":"default","ast-page-background-meta":{"desktop":{"background-color":"var(--ast-global-color-4)","background-image":"","background-repeat":"repeat","background-position":"center center","background-size":"auto","background-attachment":"scroll","background-type":"","background-media":"","overlay-type":"","overlay-color":"","overlay-opacity":"","overlay-gradient":""},"tablet":{"background-color":"","background-image":"","background-repeat":"repeat","background-position":"center center","background-size":"auto","background-attachment":"scroll","background-type":"","background-media":"","overlay-type":"","overlay-color":"","overlay-opacity":"","overlay-gradient":""},"mobile":{"background-color":"","background-image":"","background-repeat":"repeat","background-position":"center center","background-size":"auto","background-attachment":"scroll","background-type":"","background-media":"","overlay-type":"","overlay-color":"","overlay-opacity":"","overlay-gradient":""}},"ast-content-background-meta":{"desktop":{"background-color":"var(--ast-global-color-5)","background-image":"","background-repeat":"repeat","background-position":"center center","background-size":"auto","background-attachment":"scroll","background-type":"","background-media":"","overlay-type":"","overlay-color":"","overlay-opacity":"","overlay-gradient":""},"tablet":{"background-color":"var(--ast-global-color-5)","background-image":"","background-repeat":"repeat","background-position":"center center","background-size":"auto","background-attachment":"scroll","background-type":"","background-media":"","overlay-type":"","overlay-color":"","overlay-opacity":"","overlay-gradient":""},"mobile":{"background-color":"var(--ast-global-color-5)","background-image":"","background-repeat":"repeat","background-position":"center center","background-size":"auto","background-attachment":"scroll","background-type":"","background-media":"","overlay-type":"","overlay-color":"","overlay-opacity":"","overlay-gradient":""}},"footnotes":""},"class_list":["post-1461","page","type-page","status-publish","hentry"],"yoast_head":"<!-- This site is optimized with the Yoast SEO plugin v26.8 - https:\/\/yoast.com\/product\/yoast-seo-wordpress\/ -->\n<title>Mapas de calor Forex - 24 Five<\/title>\n<meta name=\"robots\" content=\"index, follow, max-snippet:-1, max-image-preview:large, max-video-preview:-1\" \/>\n<link rel=\"canonical\" href=\"https:\/\/24five.com\/pt-pt\/mapas-de-calor-forex\/\" \/>\n<meta property=\"og:locale\" content=\"pt_PT\" \/>\n<meta property=\"og:type\" content=\"article\" \/>\n<meta property=\"og:title\" content=\"Mapas de calor Forex - 24 Five\" \/>\n<meta property=\"og:description\" content=\"Mapas de calor de Forex Ferramentas dispon\u00edveis Calendario econ\u00f3mico Precios de Forex Vis\u00e3o geral do mercado Mapas do calor Forex Mercado Criptomoedas Rastreador Dados do mercado\" \/>\n<meta property=\"og:url\" content=\"https:\/\/24five.com\/pt-pt\/mapas-de-calor-forex\/\" \/>\n<meta property=\"og:site_name\" content=\"24 Five\" \/>\n<meta property=\"article:publisher\" content=\"https:\/\/www.facebook.com\/24fiveespanol\" \/>\n<meta property=\"article:modified_time\" content=\"2024-06-04T13:12:28+00:00\" \/>\n<meta property=\"og:image\" content=\"https:\/\/24five.com\/wp-content\/uploads\/2023\/08\/icon-trading-01.png\" \/>\n<meta name=\"twitter:card\" content=\"summary_large_image\" \/>\n<meta name=\"twitter:label1\" content=\"Tempo estimado de leitura\" \/>\n\t<meta name=\"twitter:data1\" content=\"2 minutos\" \/>\n<script type=\"application\/ld+json\" class=\"yoast-schema-graph\">{\"@context\":\"https:\/\/schema.org\",\"@graph\":[{\"@type\":\"WebPage\",\"@id\":\"https:\/\/24five.com\/pt-pt\/mapas-de-calor-forex\/\",\"url\":\"https:\/\/24five.com\/pt-pt\/mapas-de-calor-forex\/\",\"name\":\"Mapas de calor Forex - 24 Five\",\"isPartOf\":{\"@id\":\"https:\/\/24five.com\/#website\"},\"primaryImageOfPage\":{\"@id\":\"https:\/\/24five.com\/pt-pt\/mapas-de-calor-forex\/#primaryimage\"},\"image\":{\"@id\":\"https:\/\/24five.com\/pt-pt\/mapas-de-calor-forex\/#primaryimage\"},\"thumbnailUrl\":\"https:\/\/24five.com\/wp-content\/uploads\/2023\/08\/icon-trading-01.png\",\"datePublished\":\"2023-08-03T01:29:09+00:00\",\"dateModified\":\"2024-06-04T13:12:28+00:00\",\"breadcrumb\":{\"@id\":\"https:\/\/24five.com\/pt-pt\/mapas-de-calor-forex\/#breadcrumb\"},\"inLanguage\":\"pt-PT\",\"potentialAction\":[{\"@type\":\"ReadAction\",\"target\":[\"https:\/\/24five.com\/pt-pt\/mapas-de-calor-forex\/\"]}]},{\"@type\":\"ImageObject\",\"inLanguage\":\"pt-PT\",\"@id\":\"https:\/\/24five.com\/pt-pt\/mapas-de-calor-forex\/#primaryimage\",\"url\":\"https:\/\/24five.com\/wp-content\/uploads\/2023\/08\/icon-trading-01.png\",\"contentUrl\":\"https:\/\/24five.com\/wp-content\/uploads\/2023\/08\/icon-trading-01.png\"},{\"@type\":\"BreadcrumbList\",\"@id\":\"https:\/\/24five.com\/pt-pt\/mapas-de-calor-forex\/#breadcrumb\",\"itemListElement\":[{\"@type\":\"ListItem\",\"position\":1,\"name\":\"Portada\",\"item\":\"https:\/\/24five.com\/\"},{\"@type\":\"ListItem\",\"position\":2,\"name\":\"Mapas de calor Forex\"}]},{\"@type\":\"WebSite\",\"@id\":\"https:\/\/24five.com\/#website\",\"url\":\"https:\/\/24five.com\/\",\"name\":\"24 Five\",\"description\":\"Trading seguro y confiable\",\"publisher\":{\"@id\":\"https:\/\/24five.com\/#organization\"},\"potentialAction\":[{\"@type\":\"SearchAction\",\"target\":{\"@type\":\"EntryPoint\",\"urlTemplate\":\"https:\/\/24five.com\/?s={search_term_string}\"},\"query-input\":{\"@type\":\"PropertyValueSpecification\",\"valueRequired\":true,\"valueName\":\"search_term_string\"}}],\"inLanguage\":\"pt-PT\"},{\"@type\":\"Organization\",\"@id\":\"https:\/\/24five.com\/#organization\",\"name\":\"24 Five\",\"url\":\"https:\/\/24five.com\/\",\"logo\":{\"@type\":\"ImageObject\",\"inLanguage\":\"pt-PT\",\"@id\":\"https:\/\/24five.com\/#\/schema\/logo\/image\/\",\"url\":\"https:\/\/24five.com\/wp-content\/uploads\/2023\/07\/main-logo-24five.png\",\"contentUrl\":\"https:\/\/24five.com\/wp-content\/uploads\/2023\/07\/main-logo-24five.png\",\"width\":834,\"height\":240,\"caption\":\"24 Five\"},\"image\":{\"@id\":\"https:\/\/24five.com\/#\/schema\/logo\/image\/\"},\"sameAs\":[\"https:\/\/www.facebook.com\/24fiveespanol\",\"https:\/\/www.linkedin.com\/company\/24-five\/\"]}]}<\/script>\n<!-- \/ Yoast SEO plugin. -->","yoast_head_json":{"title":"Mapas de calor Forex - 24 Five","robots":{"index":"index","follow":"follow","max-snippet":"max-snippet:-1","max-image-preview":"max-image-preview:large","max-video-preview":"max-video-preview:-1"},"canonical":"https:\/\/24five.com\/pt-pt\/mapas-de-calor-forex\/","og_locale":"pt_PT","og_type":"article","og_title":"Mapas de calor Forex - 24 Five","og_description":"Mapas de calor de Forex Ferramentas dispon\u00edveis Calendario econ\u00f3mico Precios de Forex Vis\u00e3o geral do mercado Mapas do calor Forex Mercado Criptomoedas Rastreador Dados do mercado","og_url":"https:\/\/24five.com\/pt-pt\/mapas-de-calor-forex\/","og_site_name":"24 Five","article_publisher":"https:\/\/www.facebook.com\/24fiveespanol","article_modified_time":"2024-06-04T13:12:28+00:00","og_image":[{"url":"https:\/\/24five.com\/wp-content\/uploads\/2023\/08\/icon-trading-01.png","type":"","width":"","height":""}],"twitter_card":"summary_large_image","twitter_misc":{"Tempo estimado de leitura":"2 minutos"},"schema":{"@context":"https:\/\/schema.org","@graph":[{"@type":"WebPage","@id":"https:\/\/24five.com\/pt-pt\/mapas-de-calor-forex\/","url":"https:\/\/24five.com\/pt-pt\/mapas-de-calor-forex\/","name":"Mapas de calor Forex - 24 Five","isPartOf":{"@id":"https:\/\/24five.com\/#website"},"primaryImageOfPage":{"@id":"https:\/\/24five.com\/pt-pt\/mapas-de-calor-forex\/#primaryimage"},"image":{"@id":"https:\/\/24five.com\/pt-pt\/mapas-de-calor-forex\/#primaryimage"},"thumbnailUrl":"https:\/\/24five.com\/wp-content\/uploads\/2023\/08\/icon-trading-01.png","datePublished":"2023-08-03T01:29:09+00:00","dateModified":"2024-06-04T13:12:28+00:00","breadcrumb":{"@id":"https:\/\/24five.com\/pt-pt\/mapas-de-calor-forex\/#breadcrumb"},"inLanguage":"pt-PT","potentialAction":[{"@type":"ReadAction","target":["https:\/\/24five.com\/pt-pt\/mapas-de-calor-forex\/"]}]},{"@type":"ImageObject","inLanguage":"pt-PT","@id":"https:\/\/24five.com\/pt-pt\/mapas-de-calor-forex\/#primaryimage","url":"https:\/\/24five.com\/wp-content\/uploads\/2023\/08\/icon-trading-01.png","contentUrl":"https:\/\/24five.com\/wp-content\/uploads\/2023\/08\/icon-trading-01.png"},{"@type":"BreadcrumbList","@id":"https:\/\/24five.com\/pt-pt\/mapas-de-calor-forex\/#breadcrumb","itemListElement":[{"@type":"ListItem","position":1,"name":"Portada","item":"https:\/\/24five.com\/"},{"@type":"ListItem","position":2,"name":"Mapas de calor Forex"}]},{"@type":"WebSite","@id":"https:\/\/24five.com\/#website","url":"https:\/\/24five.com\/","name":"24 Five","description":"Trading seguro y confiable","publisher":{"@id":"https:\/\/24five.com\/#organization"},"potentialAction":[{"@type":"SearchAction","target":{"@type":"EntryPoint","urlTemplate":"https:\/\/24five.com\/?s={search_term_string}"},"query-input":{"@type":"PropertyValueSpecification","valueRequired":true,"valueName":"search_term_string"}}],"inLanguage":"pt-PT"},{"@type":"Organization","@id":"https:\/\/24five.com\/#organization","name":"24 Five","url":"https:\/\/24five.com\/","logo":{"@type":"ImageObject","inLanguage":"pt-PT","@id":"https:\/\/24five.com\/#\/schema\/logo\/image\/","url":"https:\/\/24five.com\/wp-content\/uploads\/2023\/07\/main-logo-24five.png","contentUrl":"https:\/\/24five.com\/wp-content\/uploads\/2023\/07\/main-logo-24five.png","width":834,"height":240,"caption":"24 Five"},"image":{"@id":"https:\/\/24five.com\/#\/schema\/logo\/image\/"},"sameAs":["https:\/\/www.facebook.com\/24fiveespanol","https:\/\/www.linkedin.com\/company\/24-five\/"]}]}},"_links":{"self":[{"href":"https:\/\/24five.com\/pt-pt\/wp-json\/wp\/v2\/pages\/1461","targetHints":{"allow":["GET"]}}],"collection":[{"href":"https:\/\/24five.com\/pt-pt\/wp-json\/wp\/v2\/pages"}],"about":[{"href":"https:\/\/24five.com\/pt-pt\/wp-json\/wp\/v2\/types\/page"}],"author":[{"embeddable":true,"href":"https:\/\/24five.com\/pt-pt\/wp-json\/wp\/v2\/users\/1"}],"replies":[{"embeddable":true,"href":"https:\/\/24five.com\/pt-pt\/wp-json\/wp\/v2\/comments?post=1461"}],"version-history":[{"count":0,"href":"https:\/\/24five.com\/pt-pt\/wp-json\/wp\/v2\/pages\/1461\/revisions"}],"wp:attachment":[{"href":"https:\/\/24five.com\/pt-pt\/wp-json\/wp\/v2\/media?parent=1461"}],"curies":[{"name":"wp","href":"https:\/\/api.w.org\/{rel}","templated":true}]}}