{"id":1455,"date":"2023-08-02T13:46:36","date_gmt":"2023-08-02T18:46:36","guid":{"rendered":"https:\/\/ticketestrella.com\/sobre-nos\/"},"modified":"2024-06-04T07:53:05","modified_gmt":"2024-06-04T12:53:05","slug":"sobre-nos","status":"publish","type":"page","link":"https:\/\/24five.com\/pt-pt\/sobre-nos\/","title":{"rendered":"Sobre n\u00f3s"},"content":{"rendered":"\t\t<div data-elementor-type=\"wp-page\" data-elementor-id=\"1455\" class=\"elementor elementor-1455\" data-elementor-post-type=\"page\">\n\t\t\t\t\t\t<section class=\"elementor-section elementor-top-section elementor-element elementor-element-dd5067d elementor-section-boxed elementor-section-height-default elementor-section-height-default\" data-id=\"dd5067d\" data-element_type=\"section\" data-e-type=\"section\">\n\t\t\t\t\t\t<div class=\"elementor-container elementor-column-gap-default\">\n\t\t\t\t\t<div class=\"elementor-column elementor-col-100 elementor-top-column elementor-element elementor-element-62ebbda\" data-id=\"62ebbda\" data-element_type=\"column\" data-e-type=\"column\">\n\t\t\t<div class=\"elementor-widget-wrap elementor-element-populated\">\n\t\t\t\t\t\t<div class=\"elementor-element elementor-element-7a645f9 elementor-widget__width-initial elementor-widget elementor-widget-heading\" data-id=\"7a645f9\" data-element_type=\"widget\" data-e-type=\"widget\" data-widget_type=\"heading.default\">\n\t\t\t\t<div class=\"elementor-widget-container\">\n\t\t\t\t\t<h1 class=\"elementor-heading-title elementor-size-default\">Sobre n\u00f3s<\/h1>\t\t\t\t<\/div>\n\t\t\t\t<\/div>\n\t\t\t\t<div class=\"elementor-element elementor-element-b4ab0c8 elementor-widget__width-initial elementor-widget elementor-widget-text-editor\" data-id=\"b4ab0c8\" data-element_type=\"widget\" data-e-type=\"widget\" data-widget_type=\"text-editor.default\">\n\t\t\t\t<div class=\"elementor-widget-container\">\n\t\t\t\t\t\t\t\t\t<p><span style=\"font-weight: 400;\">Fundada em 2015 por traders profissionais, a 24Five acredita firmemente na igualdade de direitos e na justi\u00e7a para todos. Seja voc\u00ea um funcion\u00e1rio, cliente ou parceiro, poder\u00e1 contar com a nossa transpar\u00eancia, abordagem direta para que possa realizar investimentos com confian\u00e7a e um relacionamento saud\u00e1vel e vantajoso para todos. Estamos sempre atentos \u00e0s novas tend\u00eancias e oferecemos inova\u00e7\u00f5es e expans\u00e3o constantes das op\u00e7\u00f5es de ativos negoci\u00e1veis disponibilizadas em nossa plataforma. Como revolucion\u00e1rios no setor, oferecemos novos padr\u00f5es centrados no cliente. Temos o compromisso de continuar negociando com as mais recentes atualiza\u00e7\u00f5es comerciais e tecnol\u00f3gicas em todo o mundo.<\/span><\/p>\t\t\t\t\t\t\t\t<\/div>\n\t\t\t\t<\/div>\n\t\t\t\t\t<\/div>\n\t\t<\/div>\n\t\t\t\t\t<\/div>\n\t\t<\/section>\n\t\t\t\t<section class=\"elementor-section elementor-top-section elementor-element elementor-element-9935028 elementor-section-boxed elementor-section-height-default elementor-section-height-default\" data-id=\"9935028\" data-element_type=\"section\" data-e-type=\"section\">\n\t\t\t\t\t\t<div class=\"elementor-container elementor-column-gap-default\">\n\t\t\t\t\t<div class=\"elementor-column elementor-col-100 elementor-top-column elementor-element elementor-element-3e86361\" data-id=\"3e86361\" data-element_type=\"column\" data-e-type=\"column\">\n\t\t\t<div class=\"elementor-widget-wrap elementor-element-populated\">\n\t\t\t\t\t\t<div class=\"elementor-element elementor-element-27afc70 elementor-widget__width-initial fvImageBox elementor-position-top elementor-widget elementor-widget-image-box\" data-id=\"27afc70\" data-element_type=\"widget\" data-e-type=\"widget\" data-widget_type=\"image-box.default\">\n\t\t\t\t<div class=\"elementor-widget-container\">\n\t\t\t\t\t<div class=\"elementor-image-box-wrapper\"><figure class=\"elementor-image-box-img\"><img fetchpriority=\"high\" decoding=\"async\" width=\"240\" height=\"239\" src=\"https:\/\/24five.com\/wp-content\/uploads\/2023\/08\/icon-about-01.png\" class=\"attachment-full size-full wp-image-391\" alt=\"Eficiencia\" srcset=\"https:\/\/24five.com\/wp-content\/uploads\/2023\/08\/icon-about-01.png 240w, https:\/\/24five.com\/wp-content\/uploads\/2023\/08\/icon-about-01-150x150.png 150w\" sizes=\"(max-width: 240px) 100vw, 240px\" \/><\/figure><div class=\"elementor-image-box-content\"><h3 class=\"elementor-image-box-title\">Efici\u00eancia de custo de negocia\u00e7\u00e3o rent\u00e1vel<\/h3><p class=\"elementor-image-box-description\">Est\u00e1 procurando uma maneira de diversificar seu patrim\u00f4nio, ou novas experi\u00eancias de negocia\u00e7\u00e3o altamente otimizadas que sejam justas e seguras? Conte conosco; Oferecemos acesso direto e an\u00f4nimo a mais de 500 instrumentos em 9 classes de ativos, incluindo moedas e metais preciosos, \u00edndices, criptomoedas, a\u00e7\u00f5es, commodities e ETFs.\n<\/p><\/div><\/div>\t\t\t\t<\/div>\n\t\t\t\t<\/div>\n\t\t\t\t<div class=\"elementor-element elementor-element-64bf844 elementor-widget__width-initial fvImageBox elementor-position-top elementor-widget elementor-widget-image-box\" data-id=\"64bf844\" data-element_type=\"widget\" data-e-type=\"widget\" data-widget_type=\"image-box.default\">\n\t\t\t\t<div class=\"elementor-widget-container\">\n\t\t\t\t\t<div class=\"elementor-image-box-wrapper\"><figure class=\"elementor-image-box-img\"><img fetchpriority=\"high\" decoding=\"async\" width=\"240\" height=\"239\" src=\"https:\/\/24five.com\/wp-content\/uploads\/2023\/08\/icon-about-01.png\" class=\"attachment-full size-full wp-image-391\" alt=\"Eficiencia\" srcset=\"https:\/\/24five.com\/wp-content\/uploads\/2023\/08\/icon-about-01.png 240w, https:\/\/24five.com\/wp-content\/uploads\/2023\/08\/icon-about-01-150x150.png 150w\" sizes=\"(max-width: 240px) 100vw, 240px\" \/><\/figure><div class=\"elementor-image-box-content\"><h3 class=\"elementor-image-box-title\">Agrega\u00e7\u00e3o<\/h3><p class=\"elementor-image-box-description\">Execute suas ordens com os melhores pre\u00e7os dispon\u00edveis no pool de liquidez. Utilizamos os mecanismos mais avan\u00e7ados, para fornecer a melhor agrega\u00e7\u00e3o de lances e ofertas. Desfrute de melhores spreads e execu\u00e7\u00e3o de alt\u00edssimo n\u00edvel institucional, mesmo com altos volumes de negocia\u00e7\u00e3o. Todos os nossos clientes podem se beneficiar de nossa tecnologia de ponta.\n<\/p><\/div><\/div>\t\t\t\t<\/div>\n\t\t\t\t<\/div>\n\t\t\t\t<div class=\"elementor-element elementor-element-1bbbfc1 elementor-widget__width-initial fvImageBox elementor-position-top elementor-widget elementor-widget-image-box\" data-id=\"1bbbfc1\" data-element_type=\"widget\" data-e-type=\"widget\" data-widget_type=\"image-box.default\">\n\t\t\t\t<div class=\"elementor-widget-container\">\n\t\t\t\t\t<div class=\"elementor-image-box-wrapper\"><figure class=\"elementor-image-box-img\"><img fetchpriority=\"high\" decoding=\"async\" width=\"240\" height=\"239\" src=\"https:\/\/24five.com\/wp-content\/uploads\/2023\/08\/icon-about-01.png\" class=\"attachment-full size-full wp-image-391\" alt=\"Eficiencia\" srcset=\"https:\/\/24five.com\/wp-content\/uploads\/2023\/08\/icon-about-01.png 240w, https:\/\/24five.com\/wp-content\/uploads\/2023\/08\/icon-about-01-150x150.png 150w\" sizes=\"(max-width: 240px) 100vw, 240px\" \/><\/figure><div class=\"elementor-image-box-content\"><h3 class=\"elementor-image-box-title\">Melhor execu\u00e7\u00e3o<\/h3><p class=\"elementor-image-box-description\">Obtenha uma execu\u00e7\u00e3o extremamente r\u00e1pida desfrutando de uma taxa de rejei\u00e7\u00e3o de 0% e sem novas cota\u00e7\u00f5es! Nossos servidores est\u00e3o interconectados com v\u00e1rios provedores de liquidez permanente, o que garante a confiabilidade dos dados.\n<\/p><\/div><\/div>\t\t\t\t<\/div>\n\t\t\t\t<\/div>\n\t\t\t\t\t<\/div>\n\t\t<\/div>\n\t\t\t\t\t<\/div>\n\t\t<\/section>\n\t\t\t\t<section class=\"elementor-section elementor-top-section elementor-element elementor-element-a0c2bfb elementor-section-boxed elementor-section-height-default elementor-section-height-default\" data-id=\"a0c2bfb\" data-element_type=\"section\" data-e-type=\"section\" data-settings=\"{&quot;background_background&quot;:&quot;gradient&quot;}\">\n\t\t\t\t\t\t<div class=\"elementor-container elementor-column-gap-default\">\n\t\t\t\t\t<div class=\"elementor-column elementor-col-50 elementor-top-column elementor-element elementor-element-a6d5b8b\" data-id=\"a6d5b8b\" data-element_type=\"column\" data-e-type=\"column\">\n\t\t\t<div class=\"elementor-widget-wrap elementor-element-populated\">\n\t\t\t\t\t\t<div class=\"elementor-element elementor-element-c7bc9a8 elementor-widget elementor-widget-image\" data-id=\"c7bc9a8\" data-element_type=\"widget\" data-e-type=\"widget\" data-widget_type=\"image.default\">\n\t\t\t\t<div class=\"elementor-widget-container\">\n\t\t\t\t\t\t\t\t\t\t\t\t\t\t\t<img decoding=\"async\" width=\"236\" height=\"239\" src=\"https:\/\/24five.com\/wp-content\/uploads\/2023\/08\/icon-about-04.png\" class=\"attachment-full size-full wp-image-984\" alt=\"\" \/>\t\t\t\t\t\t\t\t\t\t\t\t\t\t\t<\/div>\n\t\t\t\t<\/div>\n\t\t\t\t\t<\/div>\n\t\t<\/div>\n\t\t\t\t<div class=\"elementor-column elementor-col-50 elementor-top-column elementor-element elementor-element-9cb1405\" data-id=\"9cb1405\" data-element_type=\"column\" data-e-type=\"column\">\n\t\t\t<div class=\"elementor-widget-wrap elementor-element-populated\">\n\t\t\t\t\t\t<div class=\"elementor-element elementor-element-fae2605 elementor-widget elementor-widget-heading\" data-id=\"fae2605\" data-element_type=\"widget\" data-e-type=\"widget\" data-widget_type=\"heading.default\">\n\t\t\t\t<div class=\"elementor-widget-container\">\n\t\t\t\t\t<h2 class=\"elementor-heading-title elementor-size-default\">M\u00faltiplos pr\u00eamios<\/h2>\t\t\t\t<\/div>\n\t\t\t\t<\/div>\n\t\t\t\t<div class=\"elementor-element elementor-element-d5053cc elementor-widget elementor-widget-text-editor\" data-id=\"d5053cc\" data-element_type=\"widget\" data-e-type=\"widget\" data-widget_type=\"text-editor.default\">\n\t\t\t\t<div class=\"elementor-widget-container\">\n\t\t\t\t\t\t\t\t\t<p><span style=\"font-weight: 400;\">Oferecemos inova\u00e7\u00f5es tecnol\u00f3gicas para assegurar nossas promessas, obtendo<\/span> <span style=\"font-weight: 400;\">reconhecimento global no processo e ganhando v\u00e1rios pr\u00eamios por nossas<\/span> <span style=\"font-weight: 400;\">contribui\u00e7\u00f5es excepcionais para o setor financeiro. Para oferecer aos nossos<\/span> <span style=\"font-weight: 400;\">clientes as solu\u00e7\u00f5es mais inovadoras e abrangentes disponibilizadas no<\/span> <span style=\"font-weight: 400;\">mercado, mantendo a 24Five no topo do ranking.<\/span><\/p><p><span style=\"font-weight: 400;\">Temos muito orgulho em ter nosso servi\u00e7o de qualidade sempre valorizado e<\/span> <span style=\"font-weight: 400;\">reconhecido pela credibilidade, demonstrada atrav\u00e9s do recebimento de v\u00e1rios<\/span> <span style=\"font-weight: 400;\">pr\u00eamios ao longo dos anos.<\/span><\/p>\t\t\t\t\t\t\t\t<\/div>\n\t\t\t\t<\/div>\n\t\t\t\t\t<\/div>\n\t\t<\/div>\n\t\t\t\t\t<\/div>\n\t\t<\/section>\n\t\t\t\t<section class=\"elementor-section elementor-top-section elementor-element elementor-element-0721917 elementor-section-boxed elementor-section-height-default elementor-section-height-default\" data-id=\"0721917\" data-element_type=\"section\" data-e-type=\"section\">\n\t\t\t\t\t\t<div class=\"elementor-container elementor-column-gap-default\">\n\t\t\t\t\t<div class=\"elementor-column elementor-col-100 elementor-top-column elementor-element elementor-element-0947629\" data-id=\"0947629\" data-element_type=\"column\" data-e-type=\"column\" data-settings=\"{&quot;background_background&quot;:&quot;classic&quot;}\">\n\t\t\t<div class=\"elementor-widget-wrap elementor-element-populated\">\n\t\t\t\t\t\t<div class=\"elementor-element elementor-element-cc15b05 elementor-widget__width-initial elementor-widget elementor-widget-image-box\" data-id=\"cc15b05\" data-element_type=\"widget\" data-e-type=\"widget\" data-widget_type=\"image-box.default\">\n\t\t\t\t<div class=\"elementor-widget-container\">\n\t\t\t\t\t<div class=\"elementor-image-box-wrapper\"><div class=\"elementor-image-box-content\"><h3 class=\"elementor-image-box-title\">Seu sucesso,<\/h3><p class=\"elementor-image-box-description\">Apoiamos nossos clientes para que sejam mais lucrativos e bem-sucedidos, oferecendo condi\u00e7\u00f5es justas sem manipula\u00e7\u00e3o de pre\u00e7os.<\/p><\/div><\/div>\t\t\t\t<\/div>\n\t\t\t\t<\/div>\n\t\t\t\t<div class=\"elementor-element elementor-element-d218af9 elementor-widget__width-initial elementor-widget elementor-widget-image-box\" data-id=\"d218af9\" data-element_type=\"widget\" data-e-type=\"widget\" data-widget_type=\"image-box.default\">\n\t\t\t\t<div class=\"elementor-widget-container\">\n\t\t\t\t\t<div class=\"elementor-image-box-wrapper\"><div class=\"elementor-image-box-content\"><h3 class=\"elementor-image-box-title\">nosso sucesso<\/h3><p class=\"elementor-image-box-description\">A satisfa\u00e7\u00e3o e o sucesso de nossos clientes garantem relacionamentos de longo prazo.<\/p><\/div><\/div>\t\t\t\t<\/div>\n\t\t\t\t<\/div>\n\t\t\t\t<div class=\"elementor-element elementor-element-57141f1 elementor-widget__width-initial elementor-widget elementor-widget-image\" data-id=\"57141f1\" data-element_type=\"widget\" data-e-type=\"widget\" data-widget_type=\"image.default\">\n\t\t\t\t<div class=\"elementor-widget-container\">\n\t\t\t\t\t\t\t\t\t\t\t\t\t\t\t<img decoding=\"async\" width=\"229\" height=\"229\" src=\"https:\/\/24five.com\/wp-content\/uploads\/2023\/08\/icon-about-05.png\" class=\"attachment-full size-full wp-image-987\" alt=\"\" srcset=\"https:\/\/24five.com\/wp-content\/uploads\/2023\/08\/icon-about-05.png 229w, https:\/\/24five.com\/wp-content\/uploads\/2023\/08\/icon-about-05-150x150.png 150w\" sizes=\"(max-width: 229px) 100vw, 229px\" \/>\t\t\t\t\t\t\t\t\t\t\t\t\t\t\t<\/div>\n\t\t\t\t<\/div>\n\t\t\t\t\t<\/div>\n\t\t<\/div>\n\t\t\t\t\t<\/div>\n\t\t<\/section>\n\t\t\t\t<\/div>\n\t\t","protected":false},"excerpt":{"rendered":"<p>Sobre n\u00f3s Fundada em 2015 por traders profissionais, a 24Five acredita firmemente na igualdade de direitos e na justi\u00e7a para todos. Seja voc\u00ea um funcion\u00e1rio, cliente ou parceiro, poder\u00e1 contar com a nossa transpar\u00eancia, abordagem direta para que possa realizar investimentos com confian\u00e7a e um relacionamento saud\u00e1vel e vantajoso para todos. Estamos sempre atentos \u00e0s [&hellip;]<\/p>\n","protected":false},"author":1,"featured_media":0,"parent":0,"menu_order":0,"comment_status":"closed","ping_status":"closed","template":"","meta":{"site-sidebar-layout":"no-sidebar","site-content-layout":"page-builder","ast-site-content-layout":"default","site-content-style":"default","site-sidebar-style":"default","ast-global-header-display":"","ast-banner-title-visibility":"","ast-main-header-display":"","ast-hfb-above-header-display":"","ast-hfb-below-header-display":"","ast-hfb-mobile-header-display":"","site-post-title":"disabled","ast-breadcrumbs-content":"","ast-featured-img":"disabled","footer-sml-layout":"","ast-disable-related-posts":"","theme-transparent-header-meta":"","adv-header-id-meta":"","stick-header-meta":"","header-above-stick-meta":"","header-main-stick-meta":"","header-below-stick-meta":"","astra-migrate-meta-layouts":"default","ast-page-background-enabled":"default","ast-page-background-meta":{"desktop":{"background-color":"var(--ast-global-color-4)","background-image":"","background-repeat":"repeat","background-position":"center center","background-size":"auto","background-attachment":"scroll","background-type":"","background-media":"","overlay-type":"","overlay-color":"","overlay-opacity":"","overlay-gradient":""},"tablet":{"background-color":"","background-image":"","background-repeat":"repeat","background-position":"center center","background-size":"auto","background-attachment":"scroll","background-type":"","background-media":"","overlay-type":"","overlay-color":"","overlay-opacity":"","overlay-gradient":""},"mobile":{"background-color":"","background-image":"","background-repeat":"repeat","background-position":"center center","background-size":"auto","background-attachment":"scroll","background-type":"","background-media":"","overlay-type":"","overlay-color":"","overlay-opacity":"","overlay-gradient":""}},"ast-content-background-meta":{"desktop":{"background-color":"var(--ast-global-color-5)","background-image":"","background-repeat":"repeat","background-position":"center center","background-size":"auto","background-attachment":"scroll","background-type":"","background-media":"","overlay-type":"","overlay-color":"","overlay-opacity":"","overlay-gradient":""},"tablet":{"background-color":"var(--ast-global-color-5)","background-image":"","background-repeat":"repeat","background-position":"center center","background-size":"auto","background-attachment":"scroll","background-type":"","background-media":"","overlay-type":"","overlay-color":"","overlay-opacity":"","overlay-gradient":""},"mobile":{"background-color":"var(--ast-global-color-5)","background-image":"","background-repeat":"repeat","background-position":"center center","background-size":"auto","background-attachment":"scroll","background-type":"","background-media":"","overlay-type":"","overlay-color":"","overlay-opacity":"","overlay-gradient":""}},"footnotes":""},"class_list":["post-1455","page","type-page","status-publish","hentry"],"yoast_head":"<!-- This site is optimized with the Yoast SEO plugin v26.8 - https:\/\/yoast.com\/product\/yoast-seo-wordpress\/ -->\n<title>Sobre n\u00f3s - 24 Five<\/title>\n<meta name=\"robots\" content=\"index, follow, max-snippet:-1, max-image-preview:large, max-video-preview:-1\" \/>\n<link rel=\"canonical\" href=\"https:\/\/24five.com\/pt-pt\/sobre-nos\/\" \/>\n<meta property=\"og:locale\" content=\"pt_PT\" \/>\n<meta property=\"og:type\" content=\"article\" \/>\n<meta property=\"og:title\" content=\"Sobre n\u00f3s - 24 Five\" \/>\n<meta property=\"og:description\" content=\"Sobre n\u00f3s Fundada em 2015 por traders profissionais, a 24Five acredita firmemente na igualdade de direitos e na justi\u00e7a para todos. Seja voc\u00ea um funcion\u00e1rio, cliente ou parceiro, poder\u00e1 contar com a nossa transpar\u00eancia, abordagem direta para que possa realizar investimentos com confian\u00e7a e um relacionamento saud\u00e1vel e vantajoso para todos. Estamos sempre atentos \u00e0s [&hellip;]\" \/>\n<meta property=\"og:url\" content=\"https:\/\/24five.com\/pt-pt\/sobre-nos\/\" \/>\n<meta property=\"og:site_name\" content=\"24 Five\" \/>\n<meta property=\"article:publisher\" content=\"https:\/\/www.facebook.com\/24fiveespanol\" \/>\n<meta property=\"article:modified_time\" content=\"2024-06-04T12:53:05+00:00\" \/>\n<meta property=\"og:image\" content=\"https:\/\/24five.com\/wp-content\/uploads\/2023\/08\/icon-about-01.png\" \/>\n<meta name=\"twitter:card\" content=\"summary_large_image\" \/>\n<meta name=\"twitter:label1\" content=\"Tempo estimado de leitura\" \/>\n\t<meta name=\"twitter:data1\" content=\"3 minutos\" \/>\n<script type=\"application\/ld+json\" class=\"yoast-schema-graph\">{\"@context\":\"https:\/\/schema.org\",\"@graph\":[{\"@type\":\"WebPage\",\"@id\":\"https:\/\/24five.com\/pt-pt\/sobre-nos\/\",\"url\":\"https:\/\/24five.com\/pt-pt\/sobre-nos\/\",\"name\":\"Sobre n\u00f3s - 24 Five\",\"isPartOf\":{\"@id\":\"https:\/\/24five.com\/#website\"},\"primaryImageOfPage\":{\"@id\":\"https:\/\/24five.com\/pt-pt\/sobre-nos\/#primaryimage\"},\"image\":{\"@id\":\"https:\/\/24five.com\/pt-pt\/sobre-nos\/#primaryimage\"},\"thumbnailUrl\":\"https:\/\/24five.com\/wp-content\/uploads\/2023\/08\/icon-about-01.png\",\"datePublished\":\"2023-08-02T18:46:36+00:00\",\"dateModified\":\"2024-06-04T12:53:05+00:00\",\"breadcrumb\":{\"@id\":\"https:\/\/24five.com\/pt-pt\/sobre-nos\/#breadcrumb\"},\"inLanguage\":\"pt-PT\",\"potentialAction\":[{\"@type\":\"ReadAction\",\"target\":[\"https:\/\/24five.com\/pt-pt\/sobre-nos\/\"]}]},{\"@type\":\"ImageObject\",\"inLanguage\":\"pt-PT\",\"@id\":\"https:\/\/24five.com\/pt-pt\/sobre-nos\/#primaryimage\",\"url\":\"https:\/\/24five.com\/wp-content\/uploads\/2023\/08\/icon-about-01.png\",\"contentUrl\":\"https:\/\/24five.com\/wp-content\/uploads\/2023\/08\/icon-about-01.png\"},{\"@type\":\"BreadcrumbList\",\"@id\":\"https:\/\/24five.com\/pt-pt\/sobre-nos\/#breadcrumb\",\"itemListElement\":[{\"@type\":\"ListItem\",\"position\":1,\"name\":\"Portada\",\"item\":\"https:\/\/24five.com\/\"},{\"@type\":\"ListItem\",\"position\":2,\"name\":\"Sobre n\u00f3s\"}]},{\"@type\":\"WebSite\",\"@id\":\"https:\/\/24five.com\/#website\",\"url\":\"https:\/\/24five.com\/\",\"name\":\"24 Five\",\"description\":\"Trading seguro y confiable\",\"publisher\":{\"@id\":\"https:\/\/24five.com\/#organization\"},\"potentialAction\":[{\"@type\":\"SearchAction\",\"target\":{\"@type\":\"EntryPoint\",\"urlTemplate\":\"https:\/\/24five.com\/?s={search_term_string}\"},\"query-input\":{\"@type\":\"PropertyValueSpecification\",\"valueRequired\":true,\"valueName\":\"search_term_string\"}}],\"inLanguage\":\"pt-PT\"},{\"@type\":\"Organization\",\"@id\":\"https:\/\/24five.com\/#organization\",\"name\":\"24 Five\",\"url\":\"https:\/\/24five.com\/\",\"logo\":{\"@type\":\"ImageObject\",\"inLanguage\":\"pt-PT\",\"@id\":\"https:\/\/24five.com\/#\/schema\/logo\/image\/\",\"url\":\"https:\/\/24five.com\/wp-content\/uploads\/2023\/07\/main-logo-24five.png\",\"contentUrl\":\"https:\/\/24five.com\/wp-content\/uploads\/2023\/07\/main-logo-24five.png\",\"width\":834,\"height\":240,\"caption\":\"24 Five\"},\"image\":{\"@id\":\"https:\/\/24five.com\/#\/schema\/logo\/image\/\"},\"sameAs\":[\"https:\/\/www.facebook.com\/24fiveespanol\",\"https:\/\/www.linkedin.com\/company\/24-five\/\"]}]}<\/script>\n<!-- \/ Yoast SEO plugin. -->","yoast_head_json":{"title":"Sobre n\u00f3s - 24 Five","robots":{"index":"index","follow":"follow","max-snippet":"max-snippet:-1","max-image-preview":"max-image-preview:large","max-video-preview":"max-video-preview:-1"},"canonical":"https:\/\/24five.com\/pt-pt\/sobre-nos\/","og_locale":"pt_PT","og_type":"article","og_title":"Sobre n\u00f3s - 24 Five","og_description":"Sobre n\u00f3s Fundada em 2015 por traders profissionais, a 24Five acredita firmemente na igualdade de direitos e na justi\u00e7a para todos. Seja voc\u00ea um funcion\u00e1rio, cliente ou parceiro, poder\u00e1 contar com a nossa transpar\u00eancia, abordagem direta para que possa realizar investimentos com confian\u00e7a e um relacionamento saud\u00e1vel e vantajoso para todos. Estamos sempre atentos \u00e0s [&hellip;]","og_url":"https:\/\/24five.com\/pt-pt\/sobre-nos\/","og_site_name":"24 Five","article_publisher":"https:\/\/www.facebook.com\/24fiveespanol","article_modified_time":"2024-06-04T12:53:05+00:00","og_image":[{"url":"https:\/\/24five.com\/wp-content\/uploads\/2023\/08\/icon-about-01.png","type":"","width":"","height":""}],"twitter_card":"summary_large_image","twitter_misc":{"Tempo estimado de leitura":"3 minutos"},"schema":{"@context":"https:\/\/schema.org","@graph":[{"@type":"WebPage","@id":"https:\/\/24five.com\/pt-pt\/sobre-nos\/","url":"https:\/\/24five.com\/pt-pt\/sobre-nos\/","name":"Sobre n\u00f3s - 24 Five","isPartOf":{"@id":"https:\/\/24five.com\/#website"},"primaryImageOfPage":{"@id":"https:\/\/24five.com\/pt-pt\/sobre-nos\/#primaryimage"},"image":{"@id":"https:\/\/24five.com\/pt-pt\/sobre-nos\/#primaryimage"},"thumbnailUrl":"https:\/\/24five.com\/wp-content\/uploads\/2023\/08\/icon-about-01.png","datePublished":"2023-08-02T18:46:36+00:00","dateModified":"2024-06-04T12:53:05+00:00","breadcrumb":{"@id":"https:\/\/24five.com\/pt-pt\/sobre-nos\/#breadcrumb"},"inLanguage":"pt-PT","potentialAction":[{"@type":"ReadAction","target":["https:\/\/24five.com\/pt-pt\/sobre-nos\/"]}]},{"@type":"ImageObject","inLanguage":"pt-PT","@id":"https:\/\/24five.com\/pt-pt\/sobre-nos\/#primaryimage","url":"https:\/\/24five.com\/wp-content\/uploads\/2023\/08\/icon-about-01.png","contentUrl":"https:\/\/24five.com\/wp-content\/uploads\/2023\/08\/icon-about-01.png"},{"@type":"BreadcrumbList","@id":"https:\/\/24five.com\/pt-pt\/sobre-nos\/#breadcrumb","itemListElement":[{"@type":"ListItem","position":1,"name":"Portada","item":"https:\/\/24five.com\/"},{"@type":"ListItem","position":2,"name":"Sobre n\u00f3s"}]},{"@type":"WebSite","@id":"https:\/\/24five.com\/#website","url":"https:\/\/24five.com\/","name":"24 Five","description":"Trading seguro y confiable","publisher":{"@id":"https:\/\/24five.com\/#organization"},"potentialAction":[{"@type":"SearchAction","target":{"@type":"EntryPoint","urlTemplate":"https:\/\/24five.com\/?s={search_term_string}"},"query-input":{"@type":"PropertyValueSpecification","valueRequired":true,"valueName":"search_term_string"}}],"inLanguage":"pt-PT"},{"@type":"Organization","@id":"https:\/\/24five.com\/#organization","name":"24 Five","url":"https:\/\/24five.com\/","logo":{"@type":"ImageObject","inLanguage":"pt-PT","@id":"https:\/\/24five.com\/#\/schema\/logo\/image\/","url":"https:\/\/24five.com\/wp-content\/uploads\/2023\/07\/main-logo-24five.png","contentUrl":"https:\/\/24five.com\/wp-content\/uploads\/2023\/07\/main-logo-24five.png","width":834,"height":240,"caption":"24 Five"},"image":{"@id":"https:\/\/24five.com\/#\/schema\/logo\/image\/"},"sameAs":["https:\/\/www.facebook.com\/24fiveespanol","https:\/\/www.linkedin.com\/company\/24-five\/"]}]}},"_links":{"self":[{"href":"https:\/\/24five.com\/pt-pt\/wp-json\/wp\/v2\/pages\/1455","targetHints":{"allow":["GET"]}}],"collection":[{"href":"https:\/\/24five.com\/pt-pt\/wp-json\/wp\/v2\/pages"}],"about":[{"href":"https:\/\/24five.com\/pt-pt\/wp-json\/wp\/v2\/types\/page"}],"author":[{"embeddable":true,"href":"https:\/\/24five.com\/pt-pt\/wp-json\/wp\/v2\/users\/1"}],"replies":[{"embeddable":true,"href":"https:\/\/24five.com\/pt-pt\/wp-json\/wp\/v2\/comments?post=1455"}],"version-history":[{"count":0,"href":"https:\/\/24five.com\/pt-pt\/wp-json\/wp\/v2\/pages\/1455\/revisions"}],"wp:attachment":[{"href":"https:\/\/24five.com\/pt-pt\/wp-json\/wp\/v2\/media?parent=1455"}],"curies":[{"name":"wp","href":"https:\/\/api.w.org\/{rel}","templated":true}]}}