{"id":1434,"date":"2023-08-02T08:14:33","date_gmt":"2023-08-02T13:14:33","guid":{"rendered":"https:\/\/ticketestrella.com\/aviso-de-risco\/"},"modified":"2023-08-11T18:29:06","modified_gmt":"2023-08-11T23:29:06","slug":"aviso-de-risco","status":"publish","type":"page","link":"https:\/\/24five.com\/pt-pt\/aviso-de-risco\/","title":{"rendered":"Aviso de risco"},"content":{"rendered":"\t\t<div data-elementor-type=\"wp-page\" data-elementor-id=\"1434\" class=\"elementor elementor-1434 elementor-296\" data-elementor-post-type=\"page\">\n\t\t\t\t\t\t<section class=\"elementor-section elementor-top-section elementor-element elementor-element-817998d elementor-section-boxed elementor-section-height-default elementor-section-height-default\" data-id=\"817998d\" data-element_type=\"section\" data-e-type=\"section\">\n\t\t\t\t\t\t<div class=\"elementor-container elementor-column-gap-default\">\n\t\t\t\t\t<div class=\"elementor-column elementor-col-100 elementor-top-column elementor-element elementor-element-ff451fb\" data-id=\"ff451fb\" data-element_type=\"column\" data-e-type=\"column\">\n\t\t\t<div class=\"elementor-widget-wrap elementor-element-populated\">\n\t\t\t\t\t\t<div class=\"elementor-element elementor-element-ad6fdd4 elementor-widget elementor-widget-heading\" data-id=\"ad6fdd4\" data-element_type=\"widget\" data-e-type=\"widget\" data-widget_type=\"heading.default\">\n\t\t\t\t<div class=\"elementor-widget-container\">\n\t\t\t\t\t<h1 class=\"elementor-heading-title elementor-size-default\">Aviso de risco<\/h1>\t\t\t\t<\/div>\n\t\t\t\t<\/div>\n\t\t\t\t<div class=\"elementor-element elementor-element-0a74b01 elementor-widget elementor-widget-text-editor\" data-id=\"0a74b01\" data-element_type=\"widget\" data-e-type=\"widget\" data-widget_type=\"text-editor.default\">\n\t\t\t\t<div class=\"elementor-widget-container\">\n\t\t\t\t\t\t\t\t\tAntes de decidir participar do mercado de c\u00e2mbio, voc\u00ea deve considerar cuidadosamente seus objetivos de investimento, seu n\u00edvel de experi\u00eancia e sua toler\u00e2ncia ao risco. Mais importante ainda, n\u00e3o invista dinheiro que voc\u00ea n\u00e3o possa perder.H\u00e1 uma exposi\u00e7\u00e3o consider\u00e1vel ao risco em transa\u00e7\u00f5es de c\u00e2mbio fora da bolsa, incluindo, entre outros, alavancagem, credibilidade, prote\u00e7\u00e3o regulat\u00f3ria limitada e volatilidade do mercado que podem afetar significativamente o pre\u00e7o ou a liquidez de uma moeda ou de um par de moedas.\r\nA alavancagem e a liquidez de uma moeda ou de um par de moedas.\r\nAl\u00e9m disso, a natureza alavancada da negocia\u00e7\u00e3o de moedas significa que qualquer movimento do mercado ter\u00e1 um efeito igualmente proporcional sobre seus fundos depositados.\r\nIsso pode funcionar tanto a seu favor quanto contra voc\u00ea. Existe a possibilidade de voc\u00ea sofrer uma perda total dos fundos de margem inicial e ser obrigado a depositar fundos adicionais para manter sua posi\u00e7\u00e3o. Se voc\u00ea n\u00e3o conseguir atender a qualquer exig\u00eancia de margem, sua posi\u00e7\u00e3o poder\u00e1 ser liquidada e voc\u00ea arcar\u00e1 com as perdas resultantes.\r\nH\u00e1 riscos associados ao uso de um sistema de negocia\u00e7\u00e3o baseado na Internet, incluindo, mas n\u00e3o se limitando a, falhas de hardware, software e conex\u00e3o com a Internet. A 24FIVE.com n\u00e3o se responsabiliza por falhas ou atrasos de comunica\u00e7\u00e3o ao negociar pela Internet. A 24FIVE.com emprega sistemas de backup e planos de conting\u00eancia para minimizar a possibilidade de falhas no sistema, e a capacidade de operar por telefone est\u00e1 sempre dispon\u00edvel.\r\nQuaisquer opini\u00f5es, not\u00edcias, pesquisas, an\u00e1lises, pre\u00e7os ou outras informa\u00e7\u00f5es contidas neste site s\u00e3o fornecidas como coment\u00e1rios gerais de mercado e n\u00e3o constituem consultoria de investimento.\r\nA 24FIVE.com n\u00e3o se responsabiliza por qualquer perda ou dano, incluindo, sem limita\u00e7\u00e3o, qualquer perda de lucro, que possa surgir direta ou indiretamente do uso ou da confian\u00e7a em tais informa\u00e7\u00f5es. A 24FIVE.com tomou medidas razo\u00e1veis para garantir a precis\u00e3o das\r\nas informa\u00e7\u00f5es apresentadas no site. O conte\u00fado deste site est\u00e1 sujeito a altera\u00e7\u00f5es a qualquer momento, sem aviso pr\u00e9vio.\t\t\t\t\t\t\t\t<\/div>\n\t\t\t\t<\/div>\n\t\t\t\t\t<\/div>\n\t\t<\/div>\n\t\t\t\t\t<\/div>\n\t\t<\/section>\n\t\t\t\t<\/div>\n\t\t","protected":false},"excerpt":{"rendered":"<p>Aviso de risco Antes de decidir participar do mercado de c\u00e2mbio, voc\u00ea deve considerar cuidadosamente seus objetivos de investimento, seu n\u00edvel de experi\u00eancia e sua toler\u00e2ncia ao risco. Mais importante ainda, n\u00e3o invista dinheiro que voc\u00ea n\u00e3o possa perder.H\u00e1 uma exposi\u00e7\u00e3o consider\u00e1vel ao risco em transa\u00e7\u00f5es de c\u00e2mbio fora da bolsa, incluindo, entre outros, alavancagem, [&hellip;]<\/p>\n","protected":false},"author":1,"featured_media":0,"parent":0,"menu_order":0,"comment_status":"closed","ping_status":"closed","template":"","meta":{"site-sidebar-layout":"no-sidebar","site-content-layout":"page-builder","ast-site-content-layout":"default","site-content-style":"default","site-sidebar-style":"default","ast-global-header-display":"","ast-banner-title-visibility":"","ast-main-header-display":"","ast-hfb-above-header-display":"","ast-hfb-below-header-display":"","ast-hfb-mobile-header-display":"","site-post-title":"disabled","ast-breadcrumbs-content":"","ast-featured-img":"disabled","footer-sml-layout":"","ast-disable-related-posts":"","theme-transparent-header-meta":"","adv-header-id-meta":"","stick-header-meta":"","header-above-stick-meta":"","header-main-stick-meta":"","header-below-stick-meta":"","astra-migrate-meta-layouts":"default","ast-page-background-enabled":"default","ast-page-background-meta":{"desktop":{"background-color":"var(--ast-global-color-4)","background-image":"","background-repeat":"repeat","background-position":"center center","background-size":"auto","background-attachment":"scroll","background-type":"","background-media":"","overlay-type":"","overlay-color":"","overlay-opacity":"","overlay-gradient":""},"tablet":{"background-color":"","background-image":"","background-repeat":"repeat","background-position":"center center","background-size":"auto","background-attachment":"scroll","background-type":"","background-media":"","overlay-type":"","overlay-color":"","overlay-opacity":"","overlay-gradient":""},"mobile":{"background-color":"","background-image":"","background-repeat":"repeat","background-position":"center center","background-size":"auto","background-attachment":"scroll","background-type":"","background-media":"","overlay-type":"","overlay-color":"","overlay-opacity":"","overlay-gradient":""}},"ast-content-background-meta":{"desktop":{"background-color":"var(--ast-global-color-5)","background-image":"","background-repeat":"repeat","background-position":"center center","background-size":"auto","background-attachment":"scroll","background-type":"","background-media":"","overlay-type":"","overlay-color":"","overlay-opacity":"","overlay-gradient":""},"tablet":{"background-color":"var(--ast-global-color-5)","background-image":"","background-repeat":"repeat","background-position":"center center","background-size":"auto","background-attachment":"scroll","background-type":"","background-media":"","overlay-type":"","overlay-color":"","overlay-opacity":"","overlay-gradient":""},"mobile":{"background-color":"var(--ast-global-color-5)","background-image":"","background-repeat":"repeat","background-position":"center center","background-size":"auto","background-attachment":"scroll","background-type":"","background-media":"","overlay-type":"","overlay-color":"","overlay-opacity":"","overlay-gradient":""}},"footnotes":""},"class_list":["post-1434","page","type-page","status-publish","hentry"],"yoast_head":"<!-- This site is optimized with the Yoast SEO plugin v26.8 - https:\/\/yoast.com\/product\/yoast-seo-wordpress\/ -->\n<title>Aviso de risco - 24 Five<\/title>\n<meta name=\"robots\" content=\"index, follow, max-snippet:-1, max-image-preview:large, max-video-preview:-1\" \/>\n<link rel=\"canonical\" href=\"https:\/\/24five.com\/pt-pt\/aviso-de-risco\/\" \/>\n<meta property=\"og:locale\" content=\"pt_PT\" \/>\n<meta property=\"og:type\" content=\"article\" \/>\n<meta property=\"og:title\" content=\"Aviso de risco - 24 Five\" \/>\n<meta property=\"og:description\" content=\"Aviso de risco Antes de decidir participar do mercado de c\u00e2mbio, voc\u00ea deve considerar cuidadosamente seus objetivos de investimento, seu n\u00edvel de experi\u00eancia e sua toler\u00e2ncia ao risco. Mais importante ainda, n\u00e3o invista dinheiro que voc\u00ea n\u00e3o possa perder.H\u00e1 uma exposi\u00e7\u00e3o consider\u00e1vel ao risco em transa\u00e7\u00f5es de c\u00e2mbio fora da bolsa, incluindo, entre outros, alavancagem, [&hellip;]\" \/>\n<meta property=\"og:url\" content=\"https:\/\/24five.com\/pt-pt\/aviso-de-risco\/\" \/>\n<meta property=\"og:site_name\" content=\"24 Five\" \/>\n<meta property=\"article:publisher\" content=\"https:\/\/www.facebook.com\/24fiveespanol\" \/>\n<meta property=\"article:modified_time\" content=\"2023-08-11T23:29:06+00:00\" \/>\n<meta name=\"twitter:card\" content=\"summary_large_image\" \/>\n<meta name=\"twitter:label1\" content=\"Tempo estimado de leitura\" \/>\n\t<meta name=\"twitter:data1\" content=\"2 minutos\" \/>\n<script type=\"application\/ld+json\" class=\"yoast-schema-graph\">{\"@context\":\"https:\/\/schema.org\",\"@graph\":[{\"@type\":\"WebPage\",\"@id\":\"https:\/\/24five.com\/pt-pt\/aviso-de-risco\/\",\"url\":\"https:\/\/24five.com\/pt-pt\/aviso-de-risco\/\",\"name\":\"Aviso de risco - 24 Five\",\"isPartOf\":{\"@id\":\"https:\/\/24five.com\/#website\"},\"datePublished\":\"2023-08-02T13:14:33+00:00\",\"dateModified\":\"2023-08-11T23:29:06+00:00\",\"breadcrumb\":{\"@id\":\"https:\/\/24five.com\/pt-pt\/aviso-de-risco\/#breadcrumb\"},\"inLanguage\":\"pt-PT\",\"potentialAction\":[{\"@type\":\"ReadAction\",\"target\":[\"https:\/\/24five.com\/pt-pt\/aviso-de-risco\/\"]}]},{\"@type\":\"BreadcrumbList\",\"@id\":\"https:\/\/24five.com\/pt-pt\/aviso-de-risco\/#breadcrumb\",\"itemListElement\":[{\"@type\":\"ListItem\",\"position\":1,\"name\":\"Portada\",\"item\":\"https:\/\/24five.com\/pt-pt\/\"},{\"@type\":\"ListItem\",\"position\":2,\"name\":\"Aviso de risco\"}]},{\"@type\":\"WebSite\",\"@id\":\"https:\/\/24five.com\/#website\",\"url\":\"https:\/\/24five.com\/\",\"name\":\"24 Five\",\"description\":\"Trading seguro y confiable\",\"publisher\":{\"@id\":\"https:\/\/24five.com\/#organization\"},\"potentialAction\":[{\"@type\":\"SearchAction\",\"target\":{\"@type\":\"EntryPoint\",\"urlTemplate\":\"https:\/\/24five.com\/?s={search_term_string}\"},\"query-input\":{\"@type\":\"PropertyValueSpecification\",\"valueRequired\":true,\"valueName\":\"search_term_string\"}}],\"inLanguage\":\"pt-PT\"},{\"@type\":\"Organization\",\"@id\":\"https:\/\/24five.com\/#organization\",\"name\":\"24 Five\",\"url\":\"https:\/\/24five.com\/\",\"logo\":{\"@type\":\"ImageObject\",\"inLanguage\":\"pt-PT\",\"@id\":\"https:\/\/24five.com\/#\/schema\/logo\/image\/\",\"url\":\"https:\/\/24five.com\/wp-content\/uploads\/2023\/07\/main-logo-24five.png\",\"contentUrl\":\"https:\/\/24five.com\/wp-content\/uploads\/2023\/07\/main-logo-24five.png\",\"width\":834,\"height\":240,\"caption\":\"24 Five\"},\"image\":{\"@id\":\"https:\/\/24five.com\/#\/schema\/logo\/image\/\"},\"sameAs\":[\"https:\/\/www.facebook.com\/24fiveespanol\",\"https:\/\/www.linkedin.com\/company\/24-five\/\"]}]}<\/script>\n<!-- \/ Yoast SEO plugin. -->","yoast_head_json":{"title":"Aviso de risco - 24 Five","robots":{"index":"index","follow":"follow","max-snippet":"max-snippet:-1","max-image-preview":"max-image-preview:large","max-video-preview":"max-video-preview:-1"},"canonical":"https:\/\/24five.com\/pt-pt\/aviso-de-risco\/","og_locale":"pt_PT","og_type":"article","og_title":"Aviso de risco - 24 Five","og_description":"Aviso de risco Antes de decidir participar do mercado de c\u00e2mbio, voc\u00ea deve considerar cuidadosamente seus objetivos de investimento, seu n\u00edvel de experi\u00eancia e sua toler\u00e2ncia ao risco. Mais importante ainda, n\u00e3o invista dinheiro que voc\u00ea n\u00e3o possa perder.H\u00e1 uma exposi\u00e7\u00e3o consider\u00e1vel ao risco em transa\u00e7\u00f5es de c\u00e2mbio fora da bolsa, incluindo, entre outros, alavancagem, [&hellip;]","og_url":"https:\/\/24five.com\/pt-pt\/aviso-de-risco\/","og_site_name":"24 Five","article_publisher":"https:\/\/www.facebook.com\/24fiveespanol","article_modified_time":"2023-08-11T23:29:06+00:00","twitter_card":"summary_large_image","twitter_misc":{"Tempo estimado de leitura":"2 minutos"},"schema":{"@context":"https:\/\/schema.org","@graph":[{"@type":"WebPage","@id":"https:\/\/24five.com\/pt-pt\/aviso-de-risco\/","url":"https:\/\/24five.com\/pt-pt\/aviso-de-risco\/","name":"Aviso de risco - 24 Five","isPartOf":{"@id":"https:\/\/24five.com\/#website"},"datePublished":"2023-08-02T13:14:33+00:00","dateModified":"2023-08-11T23:29:06+00:00","breadcrumb":{"@id":"https:\/\/24five.com\/pt-pt\/aviso-de-risco\/#breadcrumb"},"inLanguage":"pt-PT","potentialAction":[{"@type":"ReadAction","target":["https:\/\/24five.com\/pt-pt\/aviso-de-risco\/"]}]},{"@type":"BreadcrumbList","@id":"https:\/\/24five.com\/pt-pt\/aviso-de-risco\/#breadcrumb","itemListElement":[{"@type":"ListItem","position":1,"name":"Portada","item":"https:\/\/24five.com\/pt-pt\/"},{"@type":"ListItem","position":2,"name":"Aviso de risco"}]},{"@type":"WebSite","@id":"https:\/\/24five.com\/#website","url":"https:\/\/24five.com\/","name":"24 Five","description":"Trading seguro y confiable","publisher":{"@id":"https:\/\/24five.com\/#organization"},"potentialAction":[{"@type":"SearchAction","target":{"@type":"EntryPoint","urlTemplate":"https:\/\/24five.com\/?s={search_term_string}"},"query-input":{"@type":"PropertyValueSpecification","valueRequired":true,"valueName":"search_term_string"}}],"inLanguage":"pt-PT"},{"@type":"Organization","@id":"https:\/\/24five.com\/#organization","name":"24 Five","url":"https:\/\/24five.com\/","logo":{"@type":"ImageObject","inLanguage":"pt-PT","@id":"https:\/\/24five.com\/#\/schema\/logo\/image\/","url":"https:\/\/24five.com\/wp-content\/uploads\/2023\/07\/main-logo-24five.png","contentUrl":"https:\/\/24five.com\/wp-content\/uploads\/2023\/07\/main-logo-24five.png","width":834,"height":240,"caption":"24 Five"},"image":{"@id":"https:\/\/24five.com\/#\/schema\/logo\/image\/"},"sameAs":["https:\/\/www.facebook.com\/24fiveespanol","https:\/\/www.linkedin.com\/company\/24-five\/"]}]}},"_links":{"self":[{"href":"https:\/\/24five.com\/pt-pt\/wp-json\/wp\/v2\/pages\/1434","targetHints":{"allow":["GET"]}}],"collection":[{"href":"https:\/\/24five.com\/pt-pt\/wp-json\/wp\/v2\/pages"}],"about":[{"href":"https:\/\/24five.com\/pt-pt\/wp-json\/wp\/v2\/types\/page"}],"author":[{"embeddable":true,"href":"https:\/\/24five.com\/pt-pt\/wp-json\/wp\/v2\/users\/1"}],"replies":[{"embeddable":true,"href":"https:\/\/24five.com\/pt-pt\/wp-json\/wp\/v2\/comments?post=1434"}],"version-history":[{"count":0,"href":"https:\/\/24five.com\/pt-pt\/wp-json\/wp\/v2\/pages\/1434\/revisions"}],"wp:attachment":[{"href":"https:\/\/24five.com\/pt-pt\/wp-json\/wp\/v2\/media?parent=1434"}],"curies":[{"name":"wp","href":"https:\/\/api.w.org\/{rel}","templated":true}]}}