{"id":1397,"date":"2023-08-02T13:46:36","date_gmt":"2023-08-02T18:46:36","guid":{"rendered":"https:\/\/ticketestrella.com\/a-propos-de-nous\/"},"modified":"2023-08-11T18:01:07","modified_gmt":"2023-08-11T23:01:07","slug":"a-propos-de-nous","status":"publish","type":"page","link":"https:\/\/24five.com\/fr\/a-propos-de-nous\/","title":{"rendered":"A propos de nous"},"content":{"rendered":"\t\t<div data-elementor-type=\"wp-page\" data-elementor-id=\"1397\" class=\"elementor elementor-1397 elementor-388\" data-elementor-post-type=\"page\">\n\t\t\t\t\t\t<section class=\"elementor-section elementor-top-section elementor-element elementor-element-dd5067d elementor-section-boxed elementor-section-height-default elementor-section-height-default\" data-id=\"dd5067d\" data-element_type=\"section\" data-e-type=\"section\">\n\t\t\t\t\t\t<div class=\"elementor-container elementor-column-gap-default\">\n\t\t\t\t\t<div class=\"elementor-column elementor-col-100 elementor-top-column elementor-element elementor-element-62ebbda\" data-id=\"62ebbda\" data-element_type=\"column\" data-e-type=\"column\">\n\t\t\t<div class=\"elementor-widget-wrap elementor-element-populated\">\n\t\t\t\t\t\t<div class=\"elementor-element elementor-element-7a645f9 elementor-widget__width-initial elementor-widget elementor-widget-heading\" data-id=\"7a645f9\" data-element_type=\"widget\" data-e-type=\"widget\" data-widget_type=\"heading.default\">\n\t\t\t\t<div class=\"elementor-widget-container\">\n\t\t\t\t\t<h1 class=\"elementor-heading-title elementor-size-default\">A propos de nous<\/h1>\t\t\t\t<\/div>\n\t\t\t\t<\/div>\n\t\t\t\t<div class=\"elementor-element elementor-element-b4ab0c8 elementor-widget__width-initial elementor-widget elementor-widget-text-editor\" data-id=\"b4ab0c8\" data-element_type=\"widget\" data-e-type=\"widget\" data-widget_type=\"text-editor.default\">\n\t\t\t\t<div class=\"elementor-widget-container\">\n\t\t\t\t\t\t\t\t\t<p>Fond\u00e9e en 2015 par des traders professionnels, 24Five croit fermement \u00e0 l&rsquo;\u00e9galit\u00e9 des droits et \u00e0 l&rsquo;\u00e9quit\u00e9 pour tous. Que vous soyez un employ\u00e9, un client ou un partenaire, vous pouvez profiter de notre transparence, de notre approche directe et d&rsquo;une relation saine et gagnant-gagnant. Nous suivons de pr\u00e8s les nouvelles tendances et proposons une innovation et une expansion constantes des options de trading disponibles sur notre plateforme. En tant que r\u00e9volutionnaires dans l&rsquo;industrie, nous offrons de nouveaux standards centr\u00e9s sur le client. 24Five s&rsquo;engage \u00e0 continuer \u00e0 tirer profit des derniers changements commerciaux et technologiques dans le monde entier et nous innovons en montrant l&rsquo;exemple.<\/p>\n\t\t\t\t\t\t\t\t<\/div>\n\t\t\t\t<\/div>\n\t\t\t\t\t<\/div>\n\t\t<\/div>\n\t\t\t\t\t<\/div>\n\t\t<\/section>\n\t\t\t\t<section class=\"elementor-section elementor-top-section elementor-element elementor-element-9935028 elementor-section-boxed elementor-section-height-default elementor-section-height-default\" data-id=\"9935028\" data-element_type=\"section\" data-e-type=\"section\">\n\t\t\t\t\t\t<div class=\"elementor-container elementor-column-gap-default\">\n\t\t\t\t\t<div class=\"elementor-column elementor-col-100 elementor-top-column elementor-element elementor-element-3e86361\" data-id=\"3e86361\" data-element_type=\"column\" data-e-type=\"column\">\n\t\t\t<div class=\"elementor-widget-wrap elementor-element-populated\">\n\t\t\t\t\t\t<div class=\"elementor-element elementor-element-27afc70 elementor-widget__width-initial fvImageBox elementor-position-top elementor-widget elementor-widget-image-box\" data-id=\"27afc70\" data-element_type=\"widget\" data-e-type=\"widget\" data-widget_type=\"image-box.default\">\n\t\t\t\t<div class=\"elementor-widget-container\">\n\t\t\t\t\t<div class=\"elementor-image-box-wrapper\"><figure class=\"elementor-image-box-img\"><img fetchpriority=\"high\" decoding=\"async\" width=\"240\" height=\"239\" src=\"https:\/\/24five.com\/wp-content\/uploads\/2023\/08\/icon-about-01.png\" class=\"attachment-full size-full wp-image-391\" alt=\"Eficiencia\" srcset=\"https:\/\/24five.com\/wp-content\/uploads\/2023\/08\/icon-about-01.png 240w, https:\/\/24five.com\/wp-content\/uploads\/2023\/08\/icon-about-01-150x150.png 150w\" sizes=\"(max-width: 240px) 100vw, 240px\" \/><\/figure><div class=\"elementor-image-box-content\"><h3 class=\"elementor-image-box-title\">Un commerce rentable Efficacit\u00e9 des co\u00fbts<\/h3><p class=\"elementor-image-box-description\">Vous \u00eates \u00e0 la recherche d'une nouvelle fa\u00e7on de trader et de profiter d'une exp\u00e9rience de trading hautement optimis\u00e9e, \u00e9quitable et s\u00e9curis\u00e9e ? Chez 24Five, nous vous offrons un acc\u00e8s direct et anonyme \u00e0 plus de 500 instruments r\u00e9partis sur 9 classes d'actifs, notamment les devises et m\u00e9taux pr\u00e9cieux, les indices, les crypto-monnaies, les actions, les mati\u00e8res premi\u00e8res et les ETF.<\/p><\/div><\/div>\t\t\t\t<\/div>\n\t\t\t\t<\/div>\n\t\t\t\t<div class=\"elementor-element elementor-element-64bf844 elementor-widget__width-initial fvImageBox elementor-position-top elementor-widget elementor-widget-image-box\" data-id=\"64bf844\" data-element_type=\"widget\" data-e-type=\"widget\" data-widget_type=\"image-box.default\">\n\t\t\t\t<div class=\"elementor-widget-container\">\n\t\t\t\t\t<div class=\"elementor-image-box-wrapper\"><figure class=\"elementor-image-box-img\"><img fetchpriority=\"high\" decoding=\"async\" width=\"240\" height=\"239\" src=\"https:\/\/24five.com\/wp-content\/uploads\/2023\/08\/icon-about-01.png\" class=\"attachment-full size-full wp-image-391\" alt=\"Eficiencia\" srcset=\"https:\/\/24five.com\/wp-content\/uploads\/2023\/08\/icon-about-01.png 240w, https:\/\/24five.com\/wp-content\/uploads\/2023\/08\/icon-about-01-150x150.png 150w\" sizes=\"(max-width: 240px) 100vw, 240px\" \/><\/figure><div class=\"elementor-image-box-content\"><h3 class=\"elementor-image-box-title\">Agr\u00e9gat<\/h3><p class=\"elementor-image-box-description\">Vos ordres sont ex\u00e9cut\u00e9s au meilleur prix disponible dans le pool de liquidit\u00e9s. Nous utilisons les moteurs les plus avanc\u00e9s au monde pour fournir la meilleure agr\u00e9gation d'offres d'achat et de vente \u00e0 plusieurs niveaux. Profitez de meilleurs \u00e9carts et d'une ex\u00e9cution de qualit\u00e9 institutionnelle, m\u00eame lorsque les volumes de transactions sont \u00e9lev\u00e9s. Tous nos clients peuvent \u00e9galement b\u00e9n\u00e9ficier de notre technologie de pointe.<\/p><\/div><\/div>\t\t\t\t<\/div>\n\t\t\t\t<\/div>\n\t\t\t\t<div class=\"elementor-element elementor-element-1bbbfc1 elementor-widget__width-initial fvImageBox elementor-position-top elementor-widget elementor-widget-image-box\" data-id=\"1bbbfc1\" data-element_type=\"widget\" data-e-type=\"widget\" data-widget_type=\"image-box.default\">\n\t\t\t\t<div class=\"elementor-widget-container\">\n\t\t\t\t\t<div class=\"elementor-image-box-wrapper\"><figure class=\"elementor-image-box-img\"><img fetchpriority=\"high\" decoding=\"async\" width=\"240\" height=\"239\" src=\"https:\/\/24five.com\/wp-content\/uploads\/2023\/08\/icon-about-01.png\" class=\"attachment-full size-full wp-image-391\" alt=\"Eficiencia\" srcset=\"https:\/\/24five.com\/wp-content\/uploads\/2023\/08\/icon-about-01.png 240w, https:\/\/24five.com\/wp-content\/uploads\/2023\/08\/icon-about-01-150x150.png 150w\" sizes=\"(max-width: 240px) 100vw, 240px\" \/><\/figure><div class=\"elementor-image-box-content\"><h3 class=\"elementor-image-box-title\">Meilleure ex\u00e9cution<\/h3><p class=\"elementor-image-box-description\">Avec 24Five, vous b\u00e9n\u00e9ficiez d'une ex\u00e9cution rapide comme l'\u00e9clair, de l'ordre de la milliseconde, d'un taux de rejet de 0 % et d'aucune re-cotation ! Les serveurs de 24Five sont directement interconnect\u00e9s avec de multiples fournisseurs de liquidit\u00e9s, ce qui garantit leur fiabilit\u00e9. <\/p><\/div><\/div>\t\t\t\t<\/div>\n\t\t\t\t<\/div>\n\t\t\t\t\t<\/div>\n\t\t<\/div>\n\t\t\t\t\t<\/div>\n\t\t<\/section>\n\t\t\t\t<section class=\"elementor-section elementor-top-section elementor-element elementor-element-a0c2bfb elementor-section-boxed elementor-section-height-default elementor-section-height-default\" data-id=\"a0c2bfb\" data-element_type=\"section\" data-e-type=\"section\" data-settings=\"{&quot;background_background&quot;:&quot;gradient&quot;}\">\n\t\t\t\t\t\t<div class=\"elementor-container elementor-column-gap-default\">\n\t\t\t\t\t<div class=\"elementor-column elementor-col-50 elementor-top-column elementor-element elementor-element-a6d5b8b\" data-id=\"a6d5b8b\" data-element_type=\"column\" data-e-type=\"column\">\n\t\t\t<div class=\"elementor-widget-wrap elementor-element-populated\">\n\t\t\t\t\t\t<div class=\"elementor-element elementor-element-c7bc9a8 elementor-widget elementor-widget-image\" data-id=\"c7bc9a8\" data-element_type=\"widget\" data-e-type=\"widget\" data-widget_type=\"image.default\">\n\t\t\t\t<div class=\"elementor-widget-container\">\n\t\t\t\t\t\t\t\t\t\t\t\t\t\t\t<img decoding=\"async\" width=\"236\" height=\"239\" src=\"https:\/\/24five.com\/wp-content\/uploads\/2023\/08\/icon-about-04.png\" class=\"attachment-full size-full wp-image-983\" alt=\"\" \/>\t\t\t\t\t\t\t\t\t\t\t\t\t\t\t<\/div>\n\t\t\t\t<\/div>\n\t\t\t\t\t<\/div>\n\t\t<\/div>\n\t\t\t\t<div class=\"elementor-column elementor-col-50 elementor-top-column elementor-element elementor-element-9cb1405\" data-id=\"9cb1405\" data-element_type=\"column\" data-e-type=\"column\">\n\t\t\t<div class=\"elementor-widget-wrap elementor-element-populated\">\n\t\t\t\t\t\t<div class=\"elementor-element elementor-element-fae2605 elementor-widget elementor-widget-heading\" data-id=\"fae2605\" data-element_type=\"widget\" data-e-type=\"widget\" data-widget_type=\"heading.default\">\n\t\t\t\t<div class=\"elementor-widget-container\">\n\t\t\t\t\t<h2 class=\"elementor-heading-title elementor-size-default\">Plusieurs prix<\/h2>\t\t\t\t<\/div>\n\t\t\t\t<\/div>\n\t\t\t\t<div class=\"elementor-element elementor-element-d5053cc elementor-widget elementor-widget-text-editor\" data-id=\"d5053cc\" data-element_type=\"widget\" data-e-type=\"widget\" data-widget_type=\"text-editor.default\">\n\t\t\t\t<div class=\"elementor-widget-container\">\n\t\t\t\t\t\t\t\t\t<p>Nous prenons des mesures pour garantir nos promesses de fournir des innovations qui changent la donne, gagnant ainsi une reconnaissance mondiale et remportant de nombreuses r\u00e9compenses pour nos contributions exceptionnelles \u00e0 l&rsquo;industrie. Afin de fournir \u00e0 ses clients sophistiqu\u00e9s l&rsquo;ensemble de solutions le plus innovant et le plus complet disponible sur le march\u00e9, 24Five s&rsquo;est d\u00e9j\u00e0 positionn\u00e9 en t\u00eate des classements.<\/p>\n<p>El servicio de calidad siempre es valorado y reconocido, por lo que estamos muy orgullosos de haber recibido m\u00faltiples premios a lo largo de los a\u00f1os por nuestros servicios y logros.<\/p>\n\t\t\t\t\t\t\t\t<\/div>\n\t\t\t\t<\/div>\n\t\t\t\t\t<\/div>\n\t\t<\/div>\n\t\t\t\t\t<\/div>\n\t\t<\/section>\n\t\t\t\t<section class=\"elementor-section elementor-top-section elementor-element elementor-element-0721917 elementor-section-boxed elementor-section-height-default elementor-section-height-default\" data-id=\"0721917\" data-element_type=\"section\" data-e-type=\"section\">\n\t\t\t\t\t\t<div class=\"elementor-container elementor-column-gap-default\">\n\t\t\t\t\t<div class=\"elementor-column elementor-col-100 elementor-top-column elementor-element elementor-element-0947629\" data-id=\"0947629\" data-element_type=\"column\" data-e-type=\"column\" data-settings=\"{&quot;background_background&quot;:&quot;classic&quot;}\">\n\t\t\t<div class=\"elementor-widget-wrap elementor-element-populated\">\n\t\t\t\t\t\t<div class=\"elementor-element elementor-element-cc15b05 elementor-widget__width-initial elementor-widget elementor-widget-image-box\" data-id=\"cc15b05\" data-element_type=\"widget\" data-e-type=\"widget\" data-widget_type=\"image-box.default\">\n\t\t\t\t<div class=\"elementor-widget-container\">\n\t\t\t\t\t<div class=\"elementor-image-box-wrapper\"><div class=\"elementor-image-box-content\"><h3 class=\"elementor-image-box-title\">Votre succ\u00e8s,<\/h3><p class=\"elementor-image-box-description\">Nous aidons nos clients \u00e0 \u00eatre plus rentables et \u00e0 r\u00e9ussir en leur offrant des conditions \u00e9quitables sans manipulation des prix.<\/p><\/div><\/div>\t\t\t\t<\/div>\n\t\t\t\t<\/div>\n\t\t\t\t<div class=\"elementor-element elementor-element-d218af9 elementor-widget__width-initial elementor-widget elementor-widget-image-box\" data-id=\"d218af9\" data-element_type=\"widget\" data-e-type=\"widget\" data-widget_type=\"image-box.default\">\n\t\t\t\t<div class=\"elementor-widget-container\">\n\t\t\t\t\t<div class=\"elementor-image-box-wrapper\"><div class=\"elementor-image-box-content\"><h3 class=\"elementor-image-box-title\">notre succ\u00e8s<\/h3><p class=\"elementor-image-box-description\">La satisfaction et le succ\u00e8s de nos clients garantissent des relations \u00e0 long terme.<\/p><\/div><\/div>\t\t\t\t<\/div>\n\t\t\t\t<\/div>\n\t\t\t\t<div class=\"elementor-element elementor-element-57141f1 elementor-widget__width-initial elementor-widget elementor-widget-image\" data-id=\"57141f1\" data-element_type=\"widget\" data-e-type=\"widget\" data-widget_type=\"image.default\">\n\t\t\t\t<div class=\"elementor-widget-container\">\n\t\t\t\t\t\t\t\t\t\t\t\t\t\t\t<img decoding=\"async\" width=\"229\" height=\"229\" src=\"https:\/\/24five.com\/wp-content\/uploads\/2023\/08\/icon-about-05.png\" class=\"attachment-full size-full wp-image-986\" alt=\"\" srcset=\"https:\/\/24five.com\/wp-content\/uploads\/2023\/08\/icon-about-05.png 229w, https:\/\/24five.com\/wp-content\/uploads\/2023\/08\/icon-about-05-150x150.png 150w\" sizes=\"(max-width: 229px) 100vw, 229px\" \/>\t\t\t\t\t\t\t\t\t\t\t\t\t\t\t<\/div>\n\t\t\t\t<\/div>\n\t\t\t\t\t<\/div>\n\t\t<\/div>\n\t\t\t\t\t<\/div>\n\t\t<\/section>\n\t\t\t\t<\/div>\n\t\t","protected":false},"excerpt":{"rendered":"<p>A propos de nous Fond\u00e9e en 2015 par des traders professionnels, 24Five croit fermement \u00e0 l&rsquo;\u00e9galit\u00e9 des droits et \u00e0 l&rsquo;\u00e9quit\u00e9 pour tous. Que vous soyez un employ\u00e9, un client ou un partenaire, vous pouvez profiter de notre transparence, de notre approche directe et d&rsquo;une relation saine et gagnant-gagnant. Nous suivons de pr\u00e8s les nouvelles [&hellip;]<\/p>\n","protected":false},"author":1,"featured_media":0,"parent":0,"menu_order":0,"comment_status":"closed","ping_status":"closed","template":"","meta":{"site-sidebar-layout":"no-sidebar","site-content-layout":"page-builder","ast-site-content-layout":"default","site-content-style":"default","site-sidebar-style":"default","ast-global-header-display":"","ast-banner-title-visibility":"","ast-main-header-display":"","ast-hfb-above-header-display":"","ast-hfb-below-header-display":"","ast-hfb-mobile-header-display":"","site-post-title":"disabled","ast-breadcrumbs-content":"","ast-featured-img":"disabled","footer-sml-layout":"","ast-disable-related-posts":"","theme-transparent-header-meta":"","adv-header-id-meta":"","stick-header-meta":"","header-above-stick-meta":"","header-main-stick-meta":"","header-below-stick-meta":"","astra-migrate-meta-layouts":"default","ast-page-background-enabled":"default","ast-page-background-meta":{"desktop":{"background-color":"var(--ast-global-color-4)","background-image":"","background-repeat":"repeat","background-position":"center center","background-size":"auto","background-attachment":"scroll","background-type":"","background-media":"","overlay-type":"","overlay-color":"","overlay-opacity":"","overlay-gradient":""},"tablet":{"background-color":"","background-image":"","background-repeat":"repeat","background-position":"center center","background-size":"auto","background-attachment":"scroll","background-type":"","background-media":"","overlay-type":"","overlay-color":"","overlay-opacity":"","overlay-gradient":""},"mobile":{"background-color":"","background-image":"","background-repeat":"repeat","background-position":"center center","background-size":"auto","background-attachment":"scroll","background-type":"","background-media":"","overlay-type":"","overlay-color":"","overlay-opacity":"","overlay-gradient":""}},"ast-content-background-meta":{"desktop":{"background-color":"var(--ast-global-color-5)","background-image":"","background-repeat":"repeat","background-position":"center center","background-size":"auto","background-attachment":"scroll","background-type":"","background-media":"","overlay-type":"","overlay-color":"","overlay-opacity":"","overlay-gradient":""},"tablet":{"background-color":"var(--ast-global-color-5)","background-image":"","background-repeat":"repeat","background-position":"center center","background-size":"auto","background-attachment":"scroll","background-type":"","background-media":"","overlay-type":"","overlay-color":"","overlay-opacity":"","overlay-gradient":""},"mobile":{"background-color":"var(--ast-global-color-5)","background-image":"","background-repeat":"repeat","background-position":"center center","background-size":"auto","background-attachment":"scroll","background-type":"","background-media":"","overlay-type":"","overlay-color":"","overlay-opacity":"","overlay-gradient":""}},"footnotes":""},"class_list":["post-1397","page","type-page","status-publish","hentry"],"yoast_head":"<!-- This site is optimized with the Yoast SEO plugin v26.8 - https:\/\/yoast.com\/product\/yoast-seo-wordpress\/ -->\n<title>A propos de nous - 24 Five<\/title>\n<meta name=\"robots\" content=\"index, follow, max-snippet:-1, max-image-preview:large, max-video-preview:-1\" \/>\n<link rel=\"canonical\" href=\"https:\/\/24five.com\/fr\/a-propos-de-nous\/\" \/>\n<meta property=\"og:locale\" content=\"fr_FR\" \/>\n<meta property=\"og:type\" content=\"article\" \/>\n<meta property=\"og:title\" content=\"A propos de nous - 24 Five\" \/>\n<meta property=\"og:description\" content=\"A propos de nous Fond\u00e9e en 2015 par des traders professionnels, 24Five croit fermement \u00e0 l&rsquo;\u00e9galit\u00e9 des droits et \u00e0 l&rsquo;\u00e9quit\u00e9 pour tous. Que vous soyez un employ\u00e9, un client ou un partenaire, vous pouvez profiter de notre transparence, de notre approche directe et d&rsquo;une relation saine et gagnant-gagnant. Nous suivons de pr\u00e8s les nouvelles [&hellip;]\" \/>\n<meta property=\"og:url\" content=\"https:\/\/24five.com\/fr\/a-propos-de-nous\/\" \/>\n<meta property=\"og:site_name\" content=\"24 Five\" \/>\n<meta property=\"article:publisher\" content=\"https:\/\/www.facebook.com\/24fiveespanol\" \/>\n<meta property=\"article:modified_time\" content=\"2023-08-11T23:01:07+00:00\" \/>\n<meta property=\"og:image\" content=\"https:\/\/24five.com\/wp-content\/uploads\/2023\/08\/icon-about-01.png\" \/>\n<meta name=\"twitter:card\" content=\"summary_large_image\" \/>\n<meta name=\"twitter:label1\" content=\"Dur\u00e9e de lecture estim\u00e9e\" \/>\n\t<meta name=\"twitter:data1\" content=\"2 minutes\" \/>\n<script type=\"application\/ld+json\" class=\"yoast-schema-graph\">{\"@context\":\"https:\/\/schema.org\",\"@graph\":[{\"@type\":\"WebPage\",\"@id\":\"https:\/\/24five.com\/fr\/a-propos-de-nous\/\",\"url\":\"https:\/\/24five.com\/fr\/a-propos-de-nous\/\",\"name\":\"A propos de nous - 24 Five\",\"isPartOf\":{\"@id\":\"https:\/\/24five.com\/#website\"},\"primaryImageOfPage\":{\"@id\":\"https:\/\/24five.com\/fr\/a-propos-de-nous\/#primaryimage\"},\"image\":{\"@id\":\"https:\/\/24five.com\/fr\/a-propos-de-nous\/#primaryimage\"},\"thumbnailUrl\":\"https:\/\/24five.com\/wp-content\/uploads\/2023\/08\/icon-about-01.png\",\"datePublished\":\"2023-08-02T18:46:36+00:00\",\"dateModified\":\"2023-08-11T23:01:07+00:00\",\"breadcrumb\":{\"@id\":\"https:\/\/24five.com\/fr\/a-propos-de-nous\/#breadcrumb\"},\"inLanguage\":\"fr-FR\",\"potentialAction\":[{\"@type\":\"ReadAction\",\"target\":[\"https:\/\/24five.com\/fr\/a-propos-de-nous\/\"]}]},{\"@type\":\"ImageObject\",\"inLanguage\":\"fr-FR\",\"@id\":\"https:\/\/24five.com\/fr\/a-propos-de-nous\/#primaryimage\",\"url\":\"https:\/\/24five.com\/wp-content\/uploads\/2023\/08\/icon-about-01.png\",\"contentUrl\":\"https:\/\/24five.com\/wp-content\/uploads\/2023\/08\/icon-about-01.png\"},{\"@type\":\"BreadcrumbList\",\"@id\":\"https:\/\/24five.com\/fr\/a-propos-de-nous\/#breadcrumb\",\"itemListElement\":[{\"@type\":\"ListItem\",\"position\":1,\"name\":\"Portada\",\"item\":\"https:\/\/24five.com\/fr\/\"},{\"@type\":\"ListItem\",\"position\":2,\"name\":\"A propos de nous\"}]},{\"@type\":\"WebSite\",\"@id\":\"https:\/\/24five.com\/#website\",\"url\":\"https:\/\/24five.com\/\",\"name\":\"24 Five\",\"description\":\"Trading seguro y confiable\",\"publisher\":{\"@id\":\"https:\/\/24five.com\/#organization\"},\"potentialAction\":[{\"@type\":\"SearchAction\",\"target\":{\"@type\":\"EntryPoint\",\"urlTemplate\":\"https:\/\/24five.com\/?s={search_term_string}\"},\"query-input\":{\"@type\":\"PropertyValueSpecification\",\"valueRequired\":true,\"valueName\":\"search_term_string\"}}],\"inLanguage\":\"fr-FR\"},{\"@type\":\"Organization\",\"@id\":\"https:\/\/24five.com\/#organization\",\"name\":\"24 Five\",\"url\":\"https:\/\/24five.com\/\",\"logo\":{\"@type\":\"ImageObject\",\"inLanguage\":\"fr-FR\",\"@id\":\"https:\/\/24five.com\/#\/schema\/logo\/image\/\",\"url\":\"https:\/\/24five.com\/wp-content\/uploads\/2023\/07\/main-logo-24five.png\",\"contentUrl\":\"https:\/\/24five.com\/wp-content\/uploads\/2023\/07\/main-logo-24five.png\",\"width\":834,\"height\":240,\"caption\":\"24 Five\"},\"image\":{\"@id\":\"https:\/\/24five.com\/#\/schema\/logo\/image\/\"},\"sameAs\":[\"https:\/\/www.facebook.com\/24fiveespanol\",\"https:\/\/www.linkedin.com\/company\/24-five\/\"]}]}<\/script>\n<!-- \/ Yoast SEO plugin. -->","yoast_head_json":{"title":"A propos de nous - 24 Five","robots":{"index":"index","follow":"follow","max-snippet":"max-snippet:-1","max-image-preview":"max-image-preview:large","max-video-preview":"max-video-preview:-1"},"canonical":"https:\/\/24five.com\/fr\/a-propos-de-nous\/","og_locale":"fr_FR","og_type":"article","og_title":"A propos de nous - 24 Five","og_description":"A propos de nous Fond\u00e9e en 2015 par des traders professionnels, 24Five croit fermement \u00e0 l&rsquo;\u00e9galit\u00e9 des droits et \u00e0 l&rsquo;\u00e9quit\u00e9 pour tous. Que vous soyez un employ\u00e9, un client ou un partenaire, vous pouvez profiter de notre transparence, de notre approche directe et d&rsquo;une relation saine et gagnant-gagnant. Nous suivons de pr\u00e8s les nouvelles [&hellip;]","og_url":"https:\/\/24five.com\/fr\/a-propos-de-nous\/","og_site_name":"24 Five","article_publisher":"https:\/\/www.facebook.com\/24fiveespanol","article_modified_time":"2023-08-11T23:01:07+00:00","og_image":[{"url":"https:\/\/24five.com\/wp-content\/uploads\/2023\/08\/icon-about-01.png","type":"","width":"","height":""}],"twitter_card":"summary_large_image","twitter_misc":{"Dur\u00e9e de lecture estim\u00e9e":"2 minutes"},"schema":{"@context":"https:\/\/schema.org","@graph":[{"@type":"WebPage","@id":"https:\/\/24five.com\/fr\/a-propos-de-nous\/","url":"https:\/\/24five.com\/fr\/a-propos-de-nous\/","name":"A propos de nous - 24 Five","isPartOf":{"@id":"https:\/\/24five.com\/#website"},"primaryImageOfPage":{"@id":"https:\/\/24five.com\/fr\/a-propos-de-nous\/#primaryimage"},"image":{"@id":"https:\/\/24five.com\/fr\/a-propos-de-nous\/#primaryimage"},"thumbnailUrl":"https:\/\/24five.com\/wp-content\/uploads\/2023\/08\/icon-about-01.png","datePublished":"2023-08-02T18:46:36+00:00","dateModified":"2023-08-11T23:01:07+00:00","breadcrumb":{"@id":"https:\/\/24five.com\/fr\/a-propos-de-nous\/#breadcrumb"},"inLanguage":"fr-FR","potentialAction":[{"@type":"ReadAction","target":["https:\/\/24five.com\/fr\/a-propos-de-nous\/"]}]},{"@type":"ImageObject","inLanguage":"fr-FR","@id":"https:\/\/24five.com\/fr\/a-propos-de-nous\/#primaryimage","url":"https:\/\/24five.com\/wp-content\/uploads\/2023\/08\/icon-about-01.png","contentUrl":"https:\/\/24five.com\/wp-content\/uploads\/2023\/08\/icon-about-01.png"},{"@type":"BreadcrumbList","@id":"https:\/\/24five.com\/fr\/a-propos-de-nous\/#breadcrumb","itemListElement":[{"@type":"ListItem","position":1,"name":"Portada","item":"https:\/\/24five.com\/fr\/"},{"@type":"ListItem","position":2,"name":"A propos de nous"}]},{"@type":"WebSite","@id":"https:\/\/24five.com\/#website","url":"https:\/\/24five.com\/","name":"24 Five","description":"Trading seguro y confiable","publisher":{"@id":"https:\/\/24five.com\/#organization"},"potentialAction":[{"@type":"SearchAction","target":{"@type":"EntryPoint","urlTemplate":"https:\/\/24five.com\/?s={search_term_string}"},"query-input":{"@type":"PropertyValueSpecification","valueRequired":true,"valueName":"search_term_string"}}],"inLanguage":"fr-FR"},{"@type":"Organization","@id":"https:\/\/24five.com\/#organization","name":"24 Five","url":"https:\/\/24five.com\/","logo":{"@type":"ImageObject","inLanguage":"fr-FR","@id":"https:\/\/24five.com\/#\/schema\/logo\/image\/","url":"https:\/\/24five.com\/wp-content\/uploads\/2023\/07\/main-logo-24five.png","contentUrl":"https:\/\/24five.com\/wp-content\/uploads\/2023\/07\/main-logo-24five.png","width":834,"height":240,"caption":"24 Five"},"image":{"@id":"https:\/\/24five.com\/#\/schema\/logo\/image\/"},"sameAs":["https:\/\/www.facebook.com\/24fiveespanol","https:\/\/www.linkedin.com\/company\/24-five\/"]}]}},"_links":{"self":[{"href":"https:\/\/24five.com\/fr\/wp-json\/wp\/v2\/pages\/1397","targetHints":{"allow":["GET"]}}],"collection":[{"href":"https:\/\/24five.com\/fr\/wp-json\/wp\/v2\/pages"}],"about":[{"href":"https:\/\/24five.com\/fr\/wp-json\/wp\/v2\/types\/page"}],"author":[{"embeddable":true,"href":"https:\/\/24five.com\/fr\/wp-json\/wp\/v2\/users\/1"}],"replies":[{"embeddable":true,"href":"https:\/\/24five.com\/fr\/wp-json\/wp\/v2\/comments?post=1397"}],"version-history":[{"count":0,"href":"https:\/\/24five.com\/fr\/wp-json\/wp\/v2\/pages\/1397\/revisions"}],"wp:attachment":[{"href":"https:\/\/24five.com\/fr\/wp-json\/wp\/v2\/media?parent=1397"}],"curies":[{"name":"wp","href":"https:\/\/api.w.org\/{rel}","templated":true}]}}