{"id":1393,"date":"2023-08-02T08:15:05","date_gmt":"2023-08-02T13:15:05","guid":{"rendered":"https:\/\/ticketestrella.com\/politique-de-confidentialite\/"},"modified":"2023-08-11T17:24:50","modified_gmt":"2023-08-11T22:24:50","slug":"politique-de-confidentialite","status":"publish","type":"page","link":"https:\/\/24five.com\/fr\/politique-de-confidentialite\/","title":{"rendered":"Politique de confidentialit\u00e9"},"content":{"rendered":"\t\t<div data-elementor-type=\"wp-page\" data-elementor-id=\"1393\" class=\"elementor elementor-1393 elementor-298\" data-elementor-post-type=\"page\">\n\t\t\t\t\t\t<section class=\"elementor-section elementor-top-section elementor-element elementor-element-443e9aa elementor-section-boxed elementor-section-height-default elementor-section-height-default\" data-id=\"443e9aa\" data-element_type=\"section\" data-e-type=\"section\">\n\t\t\t\t\t\t<div class=\"elementor-container elementor-column-gap-default\">\n\t\t\t\t\t<div class=\"elementor-column elementor-col-100 elementor-top-column elementor-element elementor-element-5032950\" data-id=\"5032950\" data-element_type=\"column\" data-e-type=\"column\">\n\t\t\t<div class=\"elementor-widget-wrap elementor-element-populated\">\n\t\t\t\t\t\t<div class=\"elementor-element elementor-element-f2c89cc elementor-widget elementor-widget-heading\" data-id=\"f2c89cc\" data-element_type=\"widget\" data-e-type=\"widget\" data-widget_type=\"heading.default\">\n\t\t\t\t<div class=\"elementor-widget-container\">\n\t\t\t\t\t<h1 class=\"elementor-heading-title elementor-size-default\">Politique de confidentialit\u00e9<\/h1>\t\t\t\t<\/div>\n\t\t\t\t<\/div>\n\t\t\t\t<div class=\"elementor-element elementor-element-05df2ca elementor-widget elementor-widget-text-editor\" data-id=\"05df2ca\" data-element_type=\"widget\" data-e-type=\"widget\" data-widget_type=\"text-editor.default\">\n\t\t\t\t<div class=\"elementor-widget-container\">\n\t\t\t\t\t\t\t\t\t<p>La pr\u00e9sente politique de confidentialit\u00e9 d\u00e9finit les conditions dans lesquelles 24five utilise et prot\u00e8ge les informations que vous lui fournissez lorsque vous utilisez ce site web. 24five s&rsquo;engage \u00e0 assurer la s\u00e9curit\u00e9 de vos informations. Lorsque nous vous demandons de fournir des informations personnelles permettant de vous identifier, il est entendu que ces informations ne seront utilis\u00e9es que conform\u00e9ment aux dispositions du pr\u00e9sent document. Toutefois, cette politique de confidentialit\u00e9 peut changer au fil du temps ou \u00eatre mise \u00e0 jour et nous vous encourageons \u00e0 consulter r\u00e9guli\u00e8rement cette page pour vous assurer que vous \u00eates satisfait de tout changement.<\/p>\n\t\t\t\t\t\t\t\t<\/div>\n\t\t\t\t<\/div>\n\t\t\t\t<div class=\"elementor-element elementor-element-a286094 elementor-widget elementor-widget-heading\" data-id=\"a286094\" data-element_type=\"widget\" data-e-type=\"widget\" data-widget_type=\"heading.default\">\n\t\t\t\t<div class=\"elementor-widget-container\">\n\t\t\t\t\t<h2 class=\"elementor-heading-title elementor-size-default\">Information<\/h2>\t\t\t\t<\/div>\n\t\t\t\t<\/div>\n\t\t\t\t<div class=\"elementor-element elementor-element-b115617 elementor-widget elementor-widget-text-editor\" data-id=\"b115617\" data-element_type=\"widget\" data-e-type=\"widget\" data-widget_type=\"text-editor.default\">\n\t\t\t\t<div class=\"elementor-widget-container\">\n\t\t\t\t\t\t\t\t\t<p>Notre site web peut recueillir des informations personnelles telles que le nom, des informations de contact telles que l&rsquo;adresse \u00e9lectronique et des informations d\u00e9mographiques. En outre, si n\u00e9cessaire, des informations sp\u00e9cifiques peuvent \u00eatre requises pour traiter une commande, effectuer une livraison ou une facturation.<\/p>\n\t\t\t\t\t\t\t\t<\/div>\n\t\t\t\t<\/div>\n\t\t\t\t<div class=\"elementor-element elementor-element-161af7f elementor-widget elementor-widget-heading\" data-id=\"161af7f\" data-element_type=\"widget\" data-e-type=\"widget\" data-widget_type=\"heading.default\">\n\t\t\t\t<div class=\"elementor-widget-container\">\n\t\t\t\t\t<h2 class=\"elementor-heading-title elementor-size-default\">Utilisation des informations collect\u00e9es<\/h2>\t\t\t\t<\/div>\n\t\t\t\t<\/div>\n\t\t\t\t<div class=\"elementor-element elementor-element-3050873 elementor-widget elementor-widget-text-editor\" data-id=\"3050873\" data-element_type=\"widget\" data-e-type=\"widget\" data-widget_type=\"text-editor.default\">\n\t\t\t\t<div class=\"elementor-widget-container\">\n\t\t\t\t\t\t\t\t\t<p>Notre site web utilise ces informations pour vous fournir le meilleur service possible, en particulier pour suivre les utilisateurs, pour suivre les commandes le cas \u00e9ch\u00e9ant, et pour am\u00e9liorer nos produits et services. Nous pouvons p\u00e9riodiquement envoyer des courriels par l&rsquo;interm\u00e9diaire de notre site avec des offres sp\u00e9ciales, de nouveaux produits et d&rsquo;autres informations promotionnelles que nous pensons \u00eatre pertinentes pour vous ou qui peuvent vous \u00eatre utiles. Ces courriels seront envoy\u00e9s \u00e0 l&rsquo;adresse que vous fournissez et vous pouvez vous d\u00e9sabonner \u00e0 tout moment. 24five s&rsquo;engage \u00e0 respecter son engagement de pr\u00e9server la s\u00e9curit\u00e9 de vos informations. Nous utilisons des syst\u00e8mes de pointe et les mettons constamment \u00e0 jour afin de garantir qu&rsquo;aucun acc\u00e8s non autoris\u00e9 n&rsquo;est possible.<\/p>\n\t\t\t\t\t\t\t\t<\/div>\n\t\t\t\t<\/div>\n\t\t\t\t<div class=\"elementor-element elementor-element-f5471ee elementor-widget elementor-widget-heading\" data-id=\"f5471ee\" data-element_type=\"widget\" data-e-type=\"widget\" data-widget_type=\"heading.default\">\n\t\t\t\t<div class=\"elementor-widget-container\">\n\t\t\t\t\t<h2 class=\"elementor-heading-title elementor-size-default\">Cookies<\/h2>\t\t\t\t<\/div>\n\t\t\t\t<\/div>\n\t\t\t\t<div class=\"elementor-element elementor-element-3b9c1b7 elementor-widget elementor-widget-text-editor\" data-id=\"3b9c1b7\" data-element_type=\"widget\" data-e-type=\"widget\" data-widget_type=\"text-editor.default\">\n\t\t\t\t<div class=\"elementor-widget-container\">\n\t\t\t\t\t\t\t\t\t<p>Un cookie est un fichier envoy\u00e9 dans le but de demander l&rsquo;autorisation d&rsquo;\u00eatre stock\u00e9 sur votre ordinateur. En acceptant, ce fichier est cr\u00e9\u00e9 et le cookie est ensuite utilis\u00e9 pour obtenir des informations sur le trafic web et faciliter les visites futures sur un site web r\u00e9current. Une autre fonction des cookies est qu&rsquo;ils permettent aux sites web de se reconna\u00eetre les uns les autres individuellement et donc de vous fournir le meilleur service personnalis\u00e9 sur leur site web.<br \/>\nNotre site web utilise des cookies pour identifier les pages visit\u00e9es et leur fr\u00e9quence. Ces informations ne sont utilis\u00e9es qu&rsquo;\u00e0 des fins d&rsquo;analyse statistique et sont ensuite d\u00e9finitivement supprim\u00e9es. Vous pouvez supprimer les cookies \u00e0 tout moment de votre ordinateur. Cependant, les cookies aident \u00e0 fournir un meilleur service de la part des sites web, ils ne donnent pas acc\u00e8s \u00e0 des informations sur votre ordinateur ou sur vous, \u00e0 moins que vous ne choisissiez de les fournir directement. Vous pouvez accepter ou refuser l&rsquo;utilisation de cookies, mais la plupart des navigateurs acceptent automatiquement les cookies pour fournir un meilleur service web. Vous pouvez \u00e9galement modifier les param\u00e8tres de votre ordinateur pour refuser les cookies.<br \/>\nVous pouvez \u00e9galement modifier les param\u00e8tres de votre ordinateur pour refuser les cookies. Si vous refusez les cookies, il se peut que vous ne puissiez pas utiliser certains de nos services.<br \/>\nCertains de nos services ne vous seront pas accessibles.<\/p>\n\t\t\t\t\t\t\t\t<\/div>\n\t\t\t\t<\/div>\n\t\t\t\t<div class=\"elementor-element elementor-element-4aedefd elementor-widget elementor-widget-heading\" data-id=\"4aedefd\" data-element_type=\"widget\" data-e-type=\"widget\" data-widget_type=\"heading.default\">\n\t\t\t\t<div class=\"elementor-widget-container\">\n\t\t\t\t\t<h2 class=\"elementor-heading-title elementor-size-default\">Liens avec des tiers<\/h2>\t\t\t\t<\/div>\n\t\t\t\t<\/div>\n\t\t\t\t<div class=\"elementor-element elementor-element-9035b3a elementor-widget elementor-widget-text-editor\" data-id=\"9035b3a\" data-element_type=\"widget\" data-e-type=\"widget\" data-widget_type=\"text-editor.default\">\n\t\t\t\t<div class=\"elementor-widget-container\">\n\t\t\t\t\t\t\t\t\t<p>Ce site web peut contenir des liens vers d&rsquo;autres sites web susceptibles de vous int\u00e9resser. Une fois que vous avez cliqu\u00e9 sur ces liens et quitt\u00e9 notre site, nous n&rsquo;avons plus aucun contr\u00f4le sur le site vers lequel vous avez \u00e9t\u00e9 redirig\u00e9 et nous ne sommes donc pas responsables des conditions ou des pratiques en mati\u00e8re de protection de la vie priv\u00e9e ou des donn\u00e9es de ces autres sites tiers. Ces sites sont soumis \u00e0 leurs propres politiques de confidentialit\u00e9 et vous devez les v\u00e9rifier pour vous assurer qu&rsquo;elles vous conviennent.<\/p>\n\t\t\t\t\t\t\t\t<\/div>\n\t\t\t\t<\/div>\n\t\t\t\t<div class=\"elementor-element elementor-element-bef145a elementor-widget elementor-widget-heading\" data-id=\"bef145a\" data-element_type=\"widget\" data-e-type=\"widget\" data-widget_type=\"heading.default\">\n\t\t\t\t<div class=\"elementor-widget-container\">\n\t\t\t\t\t<h2 class=\"elementor-heading-title elementor-size-default\">Contr\u00f4le de vos donn\u00e9es personnelles<\/h2>\t\t\t\t<\/div>\n\t\t\t\t<\/div>\n\t\t\t\t<div class=\"elementor-element elementor-element-c4d8027 elementor-widget elementor-widget-text-editor\" data-id=\"c4d8027\" data-element_type=\"widget\" data-e-type=\"widget\" data-widget_type=\"text-editor.default\">\n\t\t\t\t<div class=\"elementor-widget-container\">\n\t\t\t\t\t\t\t\t\tVous pouvez \u00e0 tout moment restreindre la collecte ou l&rsquo;utilisation des informations personnelles que vous fournissez sur notre site web. Chaque fois qu&rsquo;il vous est demand\u00e9 de remplir un formulaire, tel qu&rsquo;un formulaire d&rsquo;inscription, vous pouvez cocher ou d\u00e9cocher l&rsquo;option permettant de recevoir des informations par courrier \u00e9lectronique. Si vous avez coch\u00e9 l&rsquo;option de recevoir notre bulletin d&rsquo;information ou de la publicit\u00e9, vous pouvez l&rsquo;annuler \u00e0 tout moment. Cette soci\u00e9t\u00e9 ne vendra pas, ne donnera pas ou ne distribuera pas les informations personnelles collect\u00e9es sans votre consentement, \u00e0 moins qu&rsquo;un juge ne l&rsquo;exige en vertu d&rsquo;une d\u00e9cision de justice.\r\n24five se r\u00e9serve le droit de modifier les termes de cette politique de confidentialit\u00e9 \u00e0 tout moment.\t\t\t\t\t\t\t\t<\/div>\n\t\t\t\t<\/div>\n\t\t\t\t\t<\/div>\n\t\t<\/div>\n\t\t\t\t\t<\/div>\n\t\t<\/section>\n\t\t\t\t<\/div>\n\t\t","protected":false},"excerpt":{"rendered":"<p>Politique de confidentialit\u00e9 La pr\u00e9sente politique de confidentialit\u00e9 d\u00e9finit les conditions dans lesquelles 24five utilise et prot\u00e8ge les informations que vous lui fournissez lorsque vous utilisez ce site web. 24five s&rsquo;engage \u00e0 assurer la s\u00e9curit\u00e9 de vos informations. Lorsque nous vous demandons de fournir des informations personnelles permettant de vous identifier, il est entendu que [&hellip;]<\/p>\n","protected":false},"author":1,"featured_media":0,"parent":0,"menu_order":0,"comment_status":"closed","ping_status":"closed","template":"","meta":{"site-sidebar-layout":"no-sidebar","site-content-layout":"page-builder","ast-site-content-layout":"default","site-content-style":"default","site-sidebar-style":"default","ast-global-header-display":"","ast-banner-title-visibility":"","ast-main-header-display":"","ast-hfb-above-header-display":"","ast-hfb-below-header-display":"","ast-hfb-mobile-header-display":"","site-post-title":"disabled","ast-breadcrumbs-content":"","ast-featured-img":"disabled","footer-sml-layout":"","ast-disable-related-posts":"","theme-transparent-header-meta":"","adv-header-id-meta":"","stick-header-meta":"","header-above-stick-meta":"","header-main-stick-meta":"","header-below-stick-meta":"","astra-migrate-meta-layouts":"default","ast-page-background-enabled":"default","ast-page-background-meta":{"desktop":{"background-color":"var(--ast-global-color-4)","background-image":"","background-repeat":"repeat","background-position":"center center","background-size":"auto","background-attachment":"scroll","background-type":"","background-media":"","overlay-type":"","overlay-color":"","overlay-opacity":"","overlay-gradient":""},"tablet":{"background-color":"","background-image":"","background-repeat":"repeat","background-position":"center center","background-size":"auto","background-attachment":"scroll","background-type":"","background-media":"","overlay-type":"","overlay-color":"","overlay-opacity":"","overlay-gradient":""},"mobile":{"background-color":"","background-image":"","background-repeat":"repeat","background-position":"center center","background-size":"auto","background-attachment":"scroll","background-type":"","background-media":"","overlay-type":"","overlay-color":"","overlay-opacity":"","overlay-gradient":""}},"ast-content-background-meta":{"desktop":{"background-color":"var(--ast-global-color-5)","background-image":"","background-repeat":"repeat","background-position":"center center","background-size":"auto","background-attachment":"scroll","background-type":"","background-media":"","overlay-type":"","overlay-color":"","overlay-opacity":"","overlay-gradient":""},"tablet":{"background-color":"var(--ast-global-color-5)","background-image":"","background-repeat":"repeat","background-position":"center center","background-size":"auto","background-attachment":"scroll","background-type":"","background-media":"","overlay-type":"","overlay-color":"","overlay-opacity":"","overlay-gradient":""},"mobile":{"background-color":"var(--ast-global-color-5)","background-image":"","background-repeat":"repeat","background-position":"center center","background-size":"auto","background-attachment":"scroll","background-type":"","background-media":"","overlay-type":"","overlay-color":"","overlay-opacity":"","overlay-gradient":""}},"footnotes":""},"class_list":["post-1393","page","type-page","status-publish","hentry"],"yoast_head":"<!-- This site is optimized with the Yoast SEO plugin v26.8 - https:\/\/yoast.com\/product\/yoast-seo-wordpress\/ -->\n<title>Politique de confidentialit\u00e9 - 24 Five<\/title>\n<meta name=\"robots\" content=\"index, follow, max-snippet:-1, max-image-preview:large, max-video-preview:-1\" \/>\n<link rel=\"canonical\" href=\"https:\/\/24five.com\/fr\/politique-de-confidentialite\/\" \/>\n<meta property=\"og:locale\" content=\"fr_FR\" \/>\n<meta property=\"og:type\" content=\"article\" \/>\n<meta property=\"og:title\" content=\"Politique de confidentialit\u00e9 - 24 Five\" \/>\n<meta property=\"og:description\" content=\"Politique de confidentialit\u00e9 La pr\u00e9sente politique de confidentialit\u00e9 d\u00e9finit les conditions dans lesquelles 24five utilise et prot\u00e8ge les informations que vous lui fournissez lorsque vous utilisez ce site web. 24five s&rsquo;engage \u00e0 assurer la s\u00e9curit\u00e9 de vos informations. Lorsque nous vous demandons de fournir des informations personnelles permettant de vous identifier, il est entendu que [&hellip;]\" \/>\n<meta property=\"og:url\" content=\"https:\/\/24five.com\/fr\/politique-de-confidentialite\/\" \/>\n<meta property=\"og:site_name\" content=\"24 Five\" \/>\n<meta property=\"article:publisher\" content=\"https:\/\/www.facebook.com\/24fiveespanol\" \/>\n<meta property=\"article:modified_time\" content=\"2023-08-11T22:24:50+00:00\" \/>\n<meta name=\"twitter:card\" content=\"summary_large_image\" \/>\n<meta name=\"twitter:label1\" content=\"Dur\u00e9e de lecture estim\u00e9e\" \/>\n\t<meta name=\"twitter:data1\" content=\"4 minutes\" \/>\n<script type=\"application\/ld+json\" class=\"yoast-schema-graph\">{\"@context\":\"https:\/\/schema.org\",\"@graph\":[{\"@type\":\"WebPage\",\"@id\":\"https:\/\/24five.com\/fr\/politique-de-confidentialite\/\",\"url\":\"https:\/\/24five.com\/fr\/politique-de-confidentialite\/\",\"name\":\"Politique de confidentialit\u00e9 - 24 Five\",\"isPartOf\":{\"@id\":\"https:\/\/24five.com\/#website\"},\"datePublished\":\"2023-08-02T13:15:05+00:00\",\"dateModified\":\"2023-08-11T22:24:50+00:00\",\"breadcrumb\":{\"@id\":\"https:\/\/24five.com\/fr\/politique-de-confidentialite\/#breadcrumb\"},\"inLanguage\":\"fr-FR\",\"potentialAction\":[{\"@type\":\"ReadAction\",\"target\":[\"https:\/\/24five.com\/fr\/politique-de-confidentialite\/\"]}]},{\"@type\":\"BreadcrumbList\",\"@id\":\"https:\/\/24five.com\/fr\/politique-de-confidentialite\/#breadcrumb\",\"itemListElement\":[{\"@type\":\"ListItem\",\"position\":1,\"name\":\"Portada\",\"item\":\"https:\/\/24five.com\/\"},{\"@type\":\"ListItem\",\"position\":2,\"name\":\"Politique de confidentialit\u00e9\"}]},{\"@type\":\"WebSite\",\"@id\":\"https:\/\/24five.com\/#website\",\"url\":\"https:\/\/24five.com\/\",\"name\":\"24 Five\",\"description\":\"Trading seguro y confiable\",\"publisher\":{\"@id\":\"https:\/\/24five.com\/#organization\"},\"potentialAction\":[{\"@type\":\"SearchAction\",\"target\":{\"@type\":\"EntryPoint\",\"urlTemplate\":\"https:\/\/24five.com\/?s={search_term_string}\"},\"query-input\":{\"@type\":\"PropertyValueSpecification\",\"valueRequired\":true,\"valueName\":\"search_term_string\"}}],\"inLanguage\":\"fr-FR\"},{\"@type\":\"Organization\",\"@id\":\"https:\/\/24five.com\/#organization\",\"name\":\"24 Five\",\"url\":\"https:\/\/24five.com\/\",\"logo\":{\"@type\":\"ImageObject\",\"inLanguage\":\"fr-FR\",\"@id\":\"https:\/\/24five.com\/#\/schema\/logo\/image\/\",\"url\":\"https:\/\/24five.com\/wp-content\/uploads\/2023\/07\/main-logo-24five.png\",\"contentUrl\":\"https:\/\/24five.com\/wp-content\/uploads\/2023\/07\/main-logo-24five.png\",\"width\":834,\"height\":240,\"caption\":\"24 Five\"},\"image\":{\"@id\":\"https:\/\/24five.com\/#\/schema\/logo\/image\/\"},\"sameAs\":[\"https:\/\/www.facebook.com\/24fiveespanol\",\"https:\/\/www.linkedin.com\/company\/24-five\/\"]}]}<\/script>\n<!-- \/ Yoast SEO plugin. -->","yoast_head_json":{"title":"Politique de confidentialit\u00e9 - 24 Five","robots":{"index":"index","follow":"follow","max-snippet":"max-snippet:-1","max-image-preview":"max-image-preview:large","max-video-preview":"max-video-preview:-1"},"canonical":"https:\/\/24five.com\/fr\/politique-de-confidentialite\/","og_locale":"fr_FR","og_type":"article","og_title":"Politique de confidentialit\u00e9 - 24 Five","og_description":"Politique de confidentialit\u00e9 La pr\u00e9sente politique de confidentialit\u00e9 d\u00e9finit les conditions dans lesquelles 24five utilise et prot\u00e8ge les informations que vous lui fournissez lorsque vous utilisez ce site web. 24five s&rsquo;engage \u00e0 assurer la s\u00e9curit\u00e9 de vos informations. Lorsque nous vous demandons de fournir des informations personnelles permettant de vous identifier, il est entendu que [&hellip;]","og_url":"https:\/\/24five.com\/fr\/politique-de-confidentialite\/","og_site_name":"24 Five","article_publisher":"https:\/\/www.facebook.com\/24fiveespanol","article_modified_time":"2023-08-11T22:24:50+00:00","twitter_card":"summary_large_image","twitter_misc":{"Dur\u00e9e de lecture estim\u00e9e":"4 minutes"},"schema":{"@context":"https:\/\/schema.org","@graph":[{"@type":"WebPage","@id":"https:\/\/24five.com\/fr\/politique-de-confidentialite\/","url":"https:\/\/24five.com\/fr\/politique-de-confidentialite\/","name":"Politique de confidentialit\u00e9 - 24 Five","isPartOf":{"@id":"https:\/\/24five.com\/#website"},"datePublished":"2023-08-02T13:15:05+00:00","dateModified":"2023-08-11T22:24:50+00:00","breadcrumb":{"@id":"https:\/\/24five.com\/fr\/politique-de-confidentialite\/#breadcrumb"},"inLanguage":"fr-FR","potentialAction":[{"@type":"ReadAction","target":["https:\/\/24five.com\/fr\/politique-de-confidentialite\/"]}]},{"@type":"BreadcrumbList","@id":"https:\/\/24five.com\/fr\/politique-de-confidentialite\/#breadcrumb","itemListElement":[{"@type":"ListItem","position":1,"name":"Portada","item":"https:\/\/24five.com\/"},{"@type":"ListItem","position":2,"name":"Politique de confidentialit\u00e9"}]},{"@type":"WebSite","@id":"https:\/\/24five.com\/#website","url":"https:\/\/24five.com\/","name":"24 Five","description":"Trading seguro y confiable","publisher":{"@id":"https:\/\/24five.com\/#organization"},"potentialAction":[{"@type":"SearchAction","target":{"@type":"EntryPoint","urlTemplate":"https:\/\/24five.com\/?s={search_term_string}"},"query-input":{"@type":"PropertyValueSpecification","valueRequired":true,"valueName":"search_term_string"}}],"inLanguage":"fr-FR"},{"@type":"Organization","@id":"https:\/\/24five.com\/#organization","name":"24 Five","url":"https:\/\/24five.com\/","logo":{"@type":"ImageObject","inLanguage":"fr-FR","@id":"https:\/\/24five.com\/#\/schema\/logo\/image\/","url":"https:\/\/24five.com\/wp-content\/uploads\/2023\/07\/main-logo-24five.png","contentUrl":"https:\/\/24five.com\/wp-content\/uploads\/2023\/07\/main-logo-24five.png","width":834,"height":240,"caption":"24 Five"},"image":{"@id":"https:\/\/24five.com\/#\/schema\/logo\/image\/"},"sameAs":["https:\/\/www.facebook.com\/24fiveespanol","https:\/\/www.linkedin.com\/company\/24-five\/"]}]}},"_links":{"self":[{"href":"https:\/\/24five.com\/fr\/wp-json\/wp\/v2\/pages\/1393","targetHints":{"allow":["GET"]}}],"collection":[{"href":"https:\/\/24five.com\/fr\/wp-json\/wp\/v2\/pages"}],"about":[{"href":"https:\/\/24five.com\/fr\/wp-json\/wp\/v2\/types\/page"}],"author":[{"embeddable":true,"href":"https:\/\/24five.com\/fr\/wp-json\/wp\/v2\/users\/1"}],"replies":[{"embeddable":true,"href":"https:\/\/24five.com\/fr\/wp-json\/wp\/v2\/comments?post=1393"}],"version-history":[{"count":0,"href":"https:\/\/24five.com\/fr\/wp-json\/wp\/v2\/pages\/1393\/revisions"}],"wp:attachment":[{"href":"https:\/\/24five.com\/fr\/wp-json\/wp\/v2\/media?parent=1393"}],"curies":[{"name":"wp","href":"https:\/\/api.w.org\/{rel}","templated":true}]}}