{"id":1357,"date":"2023-08-02T20:28:05","date_gmt":"2023-08-03T01:28:05","guid":{"rendered":"https:\/\/ticketestrella.com\/calendrier-economique\/"},"modified":"2023-08-15T11:42:22","modified_gmt":"2023-08-15T16:42:22","slug":"calendrier-economique","status":"publish","type":"page","link":"https:\/\/24five.com\/fr\/calendrier-economique\/","title":{"rendered":"Calendrier \u00e9conomique"},"content":{"rendered":"\t\t<div data-elementor-type=\"wp-page\" data-elementor-id=\"1357\" class=\"elementor elementor-1357 elementor-431\" data-elementor-post-type=\"page\">\n\t\t\t\t\t\t<section class=\"elementor-section elementor-top-section elementor-element elementor-element-5e2f7be elementor-section-boxed elementor-section-height-default elementor-section-height-default\" data-id=\"5e2f7be\" data-element_type=\"section\" data-e-type=\"section\">\n\t\t\t\t\t\t<div class=\"elementor-container elementor-column-gap-default\">\n\t\t\t\t\t<div class=\"elementor-column elementor-col-100 elementor-top-column elementor-element elementor-element-67c9c06\" data-id=\"67c9c06\" data-element_type=\"column\" data-e-type=\"column\">\n\t\t\t<div class=\"elementor-widget-wrap elementor-element-populated\">\n\t\t\t\t\t\t<div class=\"elementor-element elementor-element-e530c96 elementor-widget elementor-widget-heading\" data-id=\"e530c96\" data-element_type=\"widget\" data-e-type=\"widget\" data-widget_type=\"heading.default\">\n\t\t\t\t<div class=\"elementor-widget-container\">\n\t\t\t\t\t<h1 class=\"elementor-heading-title elementor-size-default\">Calendrier \u00e9conomique<\/h1>\t\t\t\t<\/div>\n\t\t\t\t<\/div>\n\t\t\t\t<div class=\"elementor-element elementor-element-6b527ea elementor-widget__width-initial elementor-widget elementor-widget-html\" data-id=\"6b527ea\" data-element_type=\"widget\" data-e-type=\"widget\" data-widget_type=\"html.default\">\n\t\t\t\t<div class=\"elementor-widget-container\">\n\t\t\t\t\t<div id=\"economicCalendarWidget\"><\/div>\r\n<script async type=\"text\/javascript\" data-type=\"calendar-widget\" src=\"https:\/\/www.tradays.com\/c\/js\/widgets\/calendar\/widget.js?v=12\">\r\n  {\"width\":\"800px\",\"height\":\"800px\",\"mode\":\"2\",\"lang\":\"es\"}\r\n<\/script>\t\t\t\t<\/div>\n\t\t\t\t<\/div>\n\t\t\t\t\t<\/div>\n\t\t<\/div>\n\t\t\t\t\t<\/div>\n\t\t<\/section>\n\t\t\t\t<section class=\"elementor-section elementor-top-section elementor-element elementor-element-0d5819d elementor-section-boxed elementor-section-height-default elementor-section-height-default\" data-id=\"0d5819d\" data-element_type=\"section\" data-e-type=\"section\" data-settings=\"{&quot;background_background&quot;:&quot;classic&quot;}\">\n\t\t\t\t\t\t<div class=\"elementor-container elementor-column-gap-default\">\n\t\t\t\t\t<div class=\"elementor-column elementor-col-100 elementor-top-column elementor-element elementor-element-d87f8a5\" data-id=\"d87f8a5\" data-element_type=\"column\" data-e-type=\"column\">\n\t\t\t<div class=\"elementor-widget-wrap elementor-element-populated\">\n\t\t\t\t\t\t<div class=\"elementor-element elementor-element-1f47b99 elementor-widget elementor-widget-heading\" data-id=\"1f47b99\" data-element_type=\"widget\" data-e-type=\"widget\" data-widget_type=\"heading.default\">\n\t\t\t\t<div class=\"elementor-widget-container\">\n\t\t\t\t\t<h2 class=\"elementor-heading-title elementor-size-default\"> Outils disponibles <\/h2>\t\t\t\t<\/div>\n\t\t\t\t<\/div>\n\t\t\t\t<div class=\"elementor-element elementor-element-9f01e8b elementor-widget__width-initial elementor-position-top elementor-widget elementor-widget-image-box\" data-id=\"9f01e8b\" data-element_type=\"widget\" data-e-type=\"widget\" data-widget_type=\"image-box.default\">\n\t\t\t\t<div class=\"elementor-widget-container\">\n\t\t\t\t\t<div class=\"elementor-image-box-wrapper\"><figure class=\"elementor-image-box-img\"><img decoding=\"async\" width=\"184\" height=\"184\" src=\"https:\/\/24five.com\/wp-content\/uploads\/2023\/08\/icon-trading-01.png\" class=\"attachment-full size-full wp-image-443\" alt=\"Calendario\" srcset=\"https:\/\/24five.com\/wp-content\/uploads\/2023\/08\/icon-trading-01.png 184w, https:\/\/24five.com\/wp-content\/uploads\/2023\/08\/icon-trading-01-150x150.png 150w\" sizes=\"(max-width: 184px) 100vw, 184px\" \/><\/figure><div class=\"elementor-image-box-content\"><h3 class=\"elementor-image-box-title\">Calendrier \u00e9conomique <\/h3><\/div><\/div>\t\t\t\t<\/div>\n\t\t\t\t<\/div>\n\t\t\t\t<div class=\"elementor-element elementor-element-bd891c7 elementor-widget__width-initial elementor-position-top elementor-widget elementor-widget-image-box\" data-id=\"bd891c7\" data-element_type=\"widget\" data-e-type=\"widget\" data-widget_type=\"image-box.default\">\n\t\t\t\t<div class=\"elementor-widget-container\">\n\t\t\t\t\t<div class=\"elementor-image-box-wrapper\"><figure class=\"elementor-image-box-img\"><a href=\"https:\/\/24five.com\/fr\/prix-du-forex\/\" tabindex=\"-1\"><img decoding=\"async\" width=\"188\" height=\"188\" src=\"https:\/\/24five.com\/wp-content\/uploads\/2023\/08\/icon-trading-02-v2.png\" class=\"attachment-full size-full wp-image-450\" alt=\"Precios\" srcset=\"https:\/\/24five.com\/wp-content\/uploads\/2023\/08\/icon-trading-02-v2.png 188w, https:\/\/24five.com\/wp-content\/uploads\/2023\/08\/icon-trading-02-v2-150x150.png 150w\" sizes=\"(max-width: 188px) 100vw, 188px\" \/><\/a><\/figure><div class=\"elementor-image-box-content\"><h3 class=\"elementor-image-box-title\"><a href=\"https:\/\/24five.com\/fr\/prix-du-forex\/\">Prix des devises <\/a><\/h3><\/div><\/div>\t\t\t\t<\/div>\n\t\t\t\t<\/div>\n\t\t\t\t<div class=\"elementor-element elementor-element-f5369ba elementor-widget__width-initial elementor-position-top elementor-widget elementor-widget-image-box\" data-id=\"f5369ba\" data-element_type=\"widget\" data-e-type=\"widget\" data-widget_type=\"image-box.default\">\n\t\t\t\t<div class=\"elementor-widget-container\">\n\t\t\t\t\t<div class=\"elementor-image-box-wrapper\"><figure class=\"elementor-image-box-img\"><a href=\"https:\/\/24five.com\/fr\/apercu-du-marche\/\" tabindex=\"-1\"><img decoding=\"async\" width=\"186\" height=\"186\" src=\"https:\/\/24five.com\/wp-content\/uploads\/2023\/08\/icon-trading-03.png\" class=\"attachment-full size-full wp-image-445\" alt=\"Panorama\" srcset=\"https:\/\/24five.com\/wp-content\/uploads\/2023\/08\/icon-trading-03.png 186w, https:\/\/24five.com\/wp-content\/uploads\/2023\/08\/icon-trading-03-150x150.png 150w\" sizes=\"(max-width: 186px) 100vw, 186px\" \/><\/a><\/figure><div class=\"elementor-image-box-content\"><h3 class=\"elementor-image-box-title\"><a href=\"https:\/\/24five.com\/fr\/apercu-du-marche\/\">Aper\u00e7u du march\u00e9 <\/a><\/h3><\/div><\/div>\t\t\t\t<\/div>\n\t\t\t\t<\/div>\n\t\t\t\t<div class=\"elementor-element elementor-element-4c966e0 elementor-widget__width-initial elementor-position-top elementor-widget elementor-widget-image-box\" data-id=\"4c966e0\" data-element_type=\"widget\" data-e-type=\"widget\" data-widget_type=\"image-box.default\">\n\t\t\t\t<div class=\"elementor-widget-container\">\n\t\t\t\t\t<div class=\"elementor-image-box-wrapper\"><figure class=\"elementor-image-box-img\"><a href=\"https:\/\/24five.com\/fr\/cartes-thermiques-du-forex\/\" tabindex=\"-1\"><img loading=\"lazy\" decoding=\"async\" width=\"192\" height=\"192\" src=\"https:\/\/24five.com\/wp-content\/uploads\/2023\/08\/icon-trading-04.png\" class=\"attachment-full size-full wp-image-446\" alt=\"Mapas de calor\" srcset=\"https:\/\/24five.com\/wp-content\/uploads\/2023\/08\/icon-trading-04.png 192w, https:\/\/24five.com\/wp-content\/uploads\/2023\/08\/icon-trading-04-150x150.png 150w\" sizes=\"(max-width: 192px) 100vw, 192px\" \/><\/a><\/figure><div class=\"elementor-image-box-content\"><h3 class=\"elementor-image-box-title\"><a href=\"https:\/\/24five.com\/fr\/cartes-thermiques-du-forex\/\">Cartes thermiques du Forex <\/a><\/h3><\/div><\/div>\t\t\t\t<\/div>\n\t\t\t\t<\/div>\n\t\t\t\t<div class=\"elementor-element elementor-element-b8154e0 elementor-widget__width-initial elementor-position-top elementor-widget elementor-widget-image-box\" data-id=\"b8154e0\" data-element_type=\"widget\" data-e-type=\"widget\" data-widget_type=\"image-box.default\">\n\t\t\t\t<div class=\"elementor-widget-container\">\n\t\t\t\t\t<div class=\"elementor-image-box-wrapper\"><figure class=\"elementor-image-box-img\"><a href=\"https:\/\/24five.com\/fr\/marche-des-crypto-monnaies\/\" tabindex=\"-1\"><img loading=\"lazy\" decoding=\"async\" width=\"232\" height=\"232\" src=\"https:\/\/24five.com\/wp-content\/uploads\/2023\/08\/icon-trading-05-v2.png\" class=\"attachment-full size-full wp-image-451\" alt=\"Criptomonedas\" srcset=\"https:\/\/24five.com\/wp-content\/uploads\/2023\/08\/icon-trading-05-v2.png 232w, https:\/\/24five.com\/wp-content\/uploads\/2023\/08\/icon-trading-05-v2-150x150.png 150w\" sizes=\"(max-width: 232px) 100vw, 232px\" \/><\/a><\/figure><div class=\"elementor-image-box-content\"><h3 class=\"elementor-image-box-title\"><a href=\"https:\/\/24five.com\/fr\/marche-des-crypto-monnaies\/\">March\u00e9 des crypto-monnaies <\/a><\/h3><\/div><\/div>\t\t\t\t<\/div>\n\t\t\t\t<\/div>\n\t\t\t\t<div class=\"elementor-element elementor-element-d877005 elementor-widget__width-initial elementor-position-top elementor-widget elementor-widget-image-box\" data-id=\"d877005\" data-element_type=\"widget\" data-e-type=\"widget\" data-widget_type=\"image-box.default\">\n\t\t\t\t<div class=\"elementor-widget-container\">\n\t\t\t\t\t<div class=\"elementor-image-box-wrapper\"><figure class=\"elementor-image-box-img\"><a href=\"https:\/\/24five.com\/fr\/comparaison-des-symboles-techniques-et-fondamentaux\/\" tabindex=\"-1\"><img loading=\"lazy\" decoding=\"async\" width=\"212\" height=\"212\" src=\"https:\/\/24five.com\/wp-content\/uploads\/2023\/08\/icon-trading-06-v2.png\" class=\"attachment-full size-full wp-image-452\" alt=\"Screener\" srcset=\"https:\/\/24five.com\/wp-content\/uploads\/2023\/08\/icon-trading-06-v2.png 212w, https:\/\/24five.com\/wp-content\/uploads\/2023\/08\/icon-trading-06-v2-150x150.png 150w\" sizes=\"(max-width: 212px) 100vw, 212px\" \/><\/a><\/figure><div class=\"elementor-image-box-content\"><h3 class=\"elementor-image-box-title\"><a href=\"https:\/\/24five.com\/fr\/comparaison-des-symboles-techniques-et-fondamentaux\/\">Screener<\/a><\/h3><\/div><\/div>\t\t\t\t<\/div>\n\t\t\t\t<\/div>\n\t\t\t\t<div class=\"elementor-element elementor-element-5238346 elementor-widget__width-initial elementor-position-top elementor-widget elementor-widget-image-box\" data-id=\"5238346\" data-element_type=\"widget\" data-e-type=\"widget\" data-widget_type=\"image-box.default\">\n\t\t\t\t<div class=\"elementor-widget-container\">\n\t\t\t\t\t<div class=\"elementor-image-box-wrapper\"><figure class=\"elementor-image-box-img\"><a href=\"https:\/\/24five.com\/fr\/donnees-sur-le-marche\/\" tabindex=\"-1\"><img loading=\"lazy\" decoding=\"async\" width=\"226\" height=\"226\" src=\"https:\/\/24five.com\/wp-content\/uploads\/2023\/08\/icon-trading-07-v2.png\" class=\"attachment-full size-full wp-image-456\" alt=\"Datos de mercado\" srcset=\"https:\/\/24five.com\/wp-content\/uploads\/2023\/08\/icon-trading-07-v2.png 226w, https:\/\/24five.com\/wp-content\/uploads\/2023\/08\/icon-trading-07-v2-150x150.png 150w\" sizes=\"(max-width: 226px) 100vw, 226px\" \/><\/a><\/figure><div class=\"elementor-image-box-content\"><h3 class=\"elementor-image-box-title\"><a href=\"https:\/\/24five.com\/fr\/donnees-sur-le-marche\/\"> Donn\u00e9es du march\u00e9<\/a><\/h3><\/div><\/div>\t\t\t\t<\/div>\n\t\t\t\t<\/div>\n\t\t\t\t\t<\/div>\n\t\t<\/div>\n\t\t\t\t\t<\/div>\n\t\t<\/section>\n\t\t\t\t<\/div>\n\t\t","protected":false},"excerpt":{"rendered":"<p>Calendrier \u00e9conomique Outils disponibles Calendrier \u00e9conomique Prix des devises Aper\u00e7u du march\u00e9 Cartes thermiques du Forex March\u00e9 des crypto-monnaies Screener Donn\u00e9es du march\u00e9<\/p>\n","protected":false},"author":1,"featured_media":0,"parent":0,"menu_order":0,"comment_status":"closed","ping_status":"closed","template":"","meta":{"site-sidebar-layout":"no-sidebar","site-content-layout":"page-builder","ast-site-content-layout":"default","site-content-style":"default","site-sidebar-style":"default","ast-global-header-display":"","ast-banner-title-visibility":"","ast-main-header-display":"","ast-hfb-above-header-display":"","ast-hfb-below-header-display":"","ast-hfb-mobile-header-display":"","site-post-title":"disabled","ast-breadcrumbs-content":"","ast-featured-img":"disabled","footer-sml-layout":"","ast-disable-related-posts":"","theme-transparent-header-meta":"","adv-header-id-meta":"","stick-header-meta":"","header-above-stick-meta":"","header-main-stick-meta":"","header-below-stick-meta":"","astra-migrate-meta-layouts":"default","ast-page-background-enabled":"default","ast-page-background-meta":{"desktop":{"background-color":"var(--ast-global-color-4)","background-image":"","background-repeat":"repeat","background-position":"center center","background-size":"auto","background-attachment":"scroll","background-type":"","background-media":"","overlay-type":"","overlay-color":"","overlay-opacity":"","overlay-gradient":""},"tablet":{"background-color":"","background-image":"","background-repeat":"repeat","background-position":"center center","background-size":"auto","background-attachment":"scroll","background-type":"","background-media":"","overlay-type":"","overlay-color":"","overlay-opacity":"","overlay-gradient":""},"mobile":{"background-color":"","background-image":"","background-repeat":"repeat","background-position":"center center","background-size":"auto","background-attachment":"scroll","background-type":"","background-media":"","overlay-type":"","overlay-color":"","overlay-opacity":"","overlay-gradient":""}},"ast-content-background-meta":{"desktop":{"background-color":"var(--ast-global-color-5)","background-image":"","background-repeat":"repeat","background-position":"center center","background-size":"auto","background-attachment":"scroll","background-type":"","background-media":"","overlay-type":"","overlay-color":"","overlay-opacity":"","overlay-gradient":""},"tablet":{"background-color":"var(--ast-global-color-5)","background-image":"","background-repeat":"repeat","background-position":"center center","background-size":"auto","background-attachment":"scroll","background-type":"","background-media":"","overlay-type":"","overlay-color":"","overlay-opacity":"","overlay-gradient":""},"mobile":{"background-color":"var(--ast-global-color-5)","background-image":"","background-repeat":"repeat","background-position":"center center","background-size":"auto","background-attachment":"scroll","background-type":"","background-media":"","overlay-type":"","overlay-color":"","overlay-opacity":"","overlay-gradient":""}},"footnotes":""},"class_list":["post-1357","page","type-page","status-publish","hentry"],"yoast_head":"<!-- This site is optimized with the Yoast SEO plugin v26.8 - https:\/\/yoast.com\/product\/yoast-seo-wordpress\/ -->\n<title>Calendrier \u00e9conomique - 24 Five<\/title>\n<meta name=\"robots\" content=\"index, follow, max-snippet:-1, max-image-preview:large, max-video-preview:-1\" \/>\n<link rel=\"canonical\" href=\"https:\/\/24five.com\/fr\/calendrier-economique\/\" \/>\n<meta property=\"og:locale\" content=\"fr_FR\" \/>\n<meta property=\"og:type\" content=\"article\" \/>\n<meta property=\"og:title\" content=\"Calendrier \u00e9conomique - 24 Five\" \/>\n<meta property=\"og:description\" content=\"Calendrier \u00e9conomique Outils disponibles Calendrier \u00e9conomique Prix des devises Aper\u00e7u du march\u00e9 Cartes thermiques du Forex March\u00e9 des crypto-monnaies Screener Donn\u00e9es du march\u00e9\" \/>\n<meta property=\"og:url\" content=\"https:\/\/24five.com\/fr\/calendrier-economique\/\" \/>\n<meta property=\"og:site_name\" content=\"24 Five\" \/>\n<meta property=\"article:publisher\" content=\"https:\/\/www.facebook.com\/24fiveespanol\" \/>\n<meta property=\"article:modified_time\" content=\"2023-08-15T16:42:22+00:00\" \/>\n<meta property=\"og:image\" content=\"https:\/\/24five.com\/wp-content\/uploads\/2023\/08\/icon-trading-01.png\" \/>\n<meta name=\"twitter:card\" content=\"summary_large_image\" \/>\n<script type=\"application\/ld+json\" class=\"yoast-schema-graph\">{\"@context\":\"https:\/\/schema.org\",\"@graph\":[{\"@type\":\"WebPage\",\"@id\":\"https:\/\/24five.com\/fr\/calendrier-economique\/\",\"url\":\"https:\/\/24five.com\/fr\/calendrier-economique\/\",\"name\":\"Calendrier \u00e9conomique - 24 Five\",\"isPartOf\":{\"@id\":\"https:\/\/24five.com\/#website\"},\"primaryImageOfPage\":{\"@id\":\"https:\/\/24five.com\/fr\/calendrier-economique\/#primaryimage\"},\"image\":{\"@id\":\"https:\/\/24five.com\/fr\/calendrier-economique\/#primaryimage\"},\"thumbnailUrl\":\"https:\/\/24five.com\/wp-content\/uploads\/2023\/08\/icon-trading-01.png\",\"datePublished\":\"2023-08-03T01:28:05+00:00\",\"dateModified\":\"2023-08-15T16:42:22+00:00\",\"breadcrumb\":{\"@id\":\"https:\/\/24five.com\/fr\/calendrier-economique\/#breadcrumb\"},\"inLanguage\":\"fr-FR\",\"potentialAction\":[{\"@type\":\"ReadAction\",\"target\":[\"https:\/\/24five.com\/fr\/calendrier-economique\/\"]}]},{\"@type\":\"ImageObject\",\"inLanguage\":\"fr-FR\",\"@id\":\"https:\/\/24five.com\/fr\/calendrier-economique\/#primaryimage\",\"url\":\"https:\/\/24five.com\/wp-content\/uploads\/2023\/08\/icon-trading-01.png\",\"contentUrl\":\"https:\/\/24five.com\/wp-content\/uploads\/2023\/08\/icon-trading-01.png\"},{\"@type\":\"BreadcrumbList\",\"@id\":\"https:\/\/24five.com\/fr\/calendrier-economique\/#breadcrumb\",\"itemListElement\":[{\"@type\":\"ListItem\",\"position\":1,\"name\":\"Portada\",\"item\":\"https:\/\/24five.com\/fr\/\"},{\"@type\":\"ListItem\",\"position\":2,\"name\":\"Calendrier \u00e9conomique\"}]},{\"@type\":\"WebSite\",\"@id\":\"https:\/\/24five.com\/#website\",\"url\":\"https:\/\/24five.com\/\",\"name\":\"24 Five\",\"description\":\"Trading seguro y confiable\",\"publisher\":{\"@id\":\"https:\/\/24five.com\/#organization\"},\"potentialAction\":[{\"@type\":\"SearchAction\",\"target\":{\"@type\":\"EntryPoint\",\"urlTemplate\":\"https:\/\/24five.com\/?s={search_term_string}\"},\"query-input\":{\"@type\":\"PropertyValueSpecification\",\"valueRequired\":true,\"valueName\":\"search_term_string\"}}],\"inLanguage\":\"fr-FR\"},{\"@type\":\"Organization\",\"@id\":\"https:\/\/24five.com\/#organization\",\"name\":\"24 Five\",\"url\":\"https:\/\/24five.com\/\",\"logo\":{\"@type\":\"ImageObject\",\"inLanguage\":\"fr-FR\",\"@id\":\"https:\/\/24five.com\/#\/schema\/logo\/image\/\",\"url\":\"https:\/\/24five.com\/wp-content\/uploads\/2023\/07\/main-logo-24five.png\",\"contentUrl\":\"https:\/\/24five.com\/wp-content\/uploads\/2023\/07\/main-logo-24five.png\",\"width\":834,\"height\":240,\"caption\":\"24 Five\"},\"image\":{\"@id\":\"https:\/\/24five.com\/#\/schema\/logo\/image\/\"},\"sameAs\":[\"https:\/\/www.facebook.com\/24fiveespanol\",\"https:\/\/www.linkedin.com\/company\/24-five\/\"]}]}<\/script>\n<!-- \/ Yoast SEO plugin. -->","yoast_head_json":{"title":"Calendrier \u00e9conomique - 24 Five","robots":{"index":"index","follow":"follow","max-snippet":"max-snippet:-1","max-image-preview":"max-image-preview:large","max-video-preview":"max-video-preview:-1"},"canonical":"https:\/\/24five.com\/fr\/calendrier-economique\/","og_locale":"fr_FR","og_type":"article","og_title":"Calendrier \u00e9conomique - 24 Five","og_description":"Calendrier \u00e9conomique Outils disponibles Calendrier \u00e9conomique Prix des devises Aper\u00e7u du march\u00e9 Cartes thermiques du Forex March\u00e9 des crypto-monnaies Screener Donn\u00e9es du march\u00e9","og_url":"https:\/\/24five.com\/fr\/calendrier-economique\/","og_site_name":"24 Five","article_publisher":"https:\/\/www.facebook.com\/24fiveespanol","article_modified_time":"2023-08-15T16:42:22+00:00","og_image":[{"url":"https:\/\/24five.com\/wp-content\/uploads\/2023\/08\/icon-trading-01.png","type":"","width":"","height":""}],"twitter_card":"summary_large_image","schema":{"@context":"https:\/\/schema.org","@graph":[{"@type":"WebPage","@id":"https:\/\/24five.com\/fr\/calendrier-economique\/","url":"https:\/\/24five.com\/fr\/calendrier-economique\/","name":"Calendrier \u00e9conomique - 24 Five","isPartOf":{"@id":"https:\/\/24five.com\/#website"},"primaryImageOfPage":{"@id":"https:\/\/24five.com\/fr\/calendrier-economique\/#primaryimage"},"image":{"@id":"https:\/\/24five.com\/fr\/calendrier-economique\/#primaryimage"},"thumbnailUrl":"https:\/\/24five.com\/wp-content\/uploads\/2023\/08\/icon-trading-01.png","datePublished":"2023-08-03T01:28:05+00:00","dateModified":"2023-08-15T16:42:22+00:00","breadcrumb":{"@id":"https:\/\/24five.com\/fr\/calendrier-economique\/#breadcrumb"},"inLanguage":"fr-FR","potentialAction":[{"@type":"ReadAction","target":["https:\/\/24five.com\/fr\/calendrier-economique\/"]}]},{"@type":"ImageObject","inLanguage":"fr-FR","@id":"https:\/\/24five.com\/fr\/calendrier-economique\/#primaryimage","url":"https:\/\/24five.com\/wp-content\/uploads\/2023\/08\/icon-trading-01.png","contentUrl":"https:\/\/24five.com\/wp-content\/uploads\/2023\/08\/icon-trading-01.png"},{"@type":"BreadcrumbList","@id":"https:\/\/24five.com\/fr\/calendrier-economique\/#breadcrumb","itemListElement":[{"@type":"ListItem","position":1,"name":"Portada","item":"https:\/\/24five.com\/fr\/"},{"@type":"ListItem","position":2,"name":"Calendrier \u00e9conomique"}]},{"@type":"WebSite","@id":"https:\/\/24five.com\/#website","url":"https:\/\/24five.com\/","name":"24 Five","description":"Trading seguro y confiable","publisher":{"@id":"https:\/\/24five.com\/#organization"},"potentialAction":[{"@type":"SearchAction","target":{"@type":"EntryPoint","urlTemplate":"https:\/\/24five.com\/?s={search_term_string}"},"query-input":{"@type":"PropertyValueSpecification","valueRequired":true,"valueName":"search_term_string"}}],"inLanguage":"fr-FR"},{"@type":"Organization","@id":"https:\/\/24five.com\/#organization","name":"24 Five","url":"https:\/\/24five.com\/","logo":{"@type":"ImageObject","inLanguage":"fr-FR","@id":"https:\/\/24five.com\/#\/schema\/logo\/image\/","url":"https:\/\/24five.com\/wp-content\/uploads\/2023\/07\/main-logo-24five.png","contentUrl":"https:\/\/24five.com\/wp-content\/uploads\/2023\/07\/main-logo-24five.png","width":834,"height":240,"caption":"24 Five"},"image":{"@id":"https:\/\/24five.com\/#\/schema\/logo\/image\/"},"sameAs":["https:\/\/www.facebook.com\/24fiveespanol","https:\/\/www.linkedin.com\/company\/24-five\/"]}]}},"_links":{"self":[{"href":"https:\/\/24five.com\/fr\/wp-json\/wp\/v2\/pages\/1357","targetHints":{"allow":["GET"]}}],"collection":[{"href":"https:\/\/24five.com\/fr\/wp-json\/wp\/v2\/pages"}],"about":[{"href":"https:\/\/24five.com\/fr\/wp-json\/wp\/v2\/types\/page"}],"author":[{"embeddable":true,"href":"https:\/\/24five.com\/fr\/wp-json\/wp\/v2\/users\/1"}],"replies":[{"embeddable":true,"href":"https:\/\/24five.com\/fr\/wp-json\/wp\/v2\/comments?post=1357"}],"version-history":[{"count":0,"href":"https:\/\/24five.com\/fr\/wp-json\/wp\/v2\/pages\/1357\/revisions"}],"wp:attachment":[{"href":"https:\/\/24five.com\/fr\/wp-json\/wp\/v2\/media?parent=1357"}],"curies":[{"name":"wp","href":"https:\/\/api.w.org\/{rel}","templated":true}]}}