{"id":1354,"date":"2023-08-02T08:14:33","date_gmt":"2023-08-02T13:14:33","guid":{"rendered":"https:\/\/ticketestrella.com\/avertissement-de-risque\/"},"modified":"2023-08-11T18:29:30","modified_gmt":"2023-08-11T23:29:30","slug":"avertissement-de-risque","status":"publish","type":"page","link":"https:\/\/24five.com\/fr\/avertissement-de-risque\/","title":{"rendered":"Avertissement de risque"},"content":{"rendered":"\t\t<div data-elementor-type=\"wp-page\" data-elementor-id=\"1354\" class=\"elementor elementor-1354 elementor-296\" data-elementor-post-type=\"page\">\n\t\t\t\t\t\t<section class=\"elementor-section elementor-top-section elementor-element elementor-element-817998d elementor-section-boxed elementor-section-height-default elementor-section-height-default\" data-id=\"817998d\" data-element_type=\"section\" data-e-type=\"section\">\n\t\t\t\t\t\t<div class=\"elementor-container elementor-column-gap-default\">\n\t\t\t\t\t<div class=\"elementor-column elementor-col-100 elementor-top-column elementor-element elementor-element-ff451fb\" data-id=\"ff451fb\" data-element_type=\"column\" data-e-type=\"column\">\n\t\t\t<div class=\"elementor-widget-wrap elementor-element-populated\">\n\t\t\t\t\t\t<div class=\"elementor-element elementor-element-ad6fdd4 elementor-widget elementor-widget-heading\" data-id=\"ad6fdd4\" data-element_type=\"widget\" data-e-type=\"widget\" data-widget_type=\"heading.default\">\n\t\t\t\t<div class=\"elementor-widget-container\">\n\t\t\t\t\t<h1 class=\"elementor-heading-title elementor-size-default\">Avertissement de risque<\/h1>\t\t\t\t<\/div>\n\t\t\t\t<\/div>\n\t\t\t\t<div class=\"elementor-element elementor-element-0a74b01 elementor-widget elementor-widget-text-editor\" data-id=\"0a74b01\" data-element_type=\"widget\" data-e-type=\"widget\" data-widget_type=\"text-editor.default\">\n\t\t\t\t<div class=\"elementor-widget-container\">\n\t\t\t\t\t\t\t\t\tAvant de d\u00e9cider de participer au march\u00e9 des changes, vous devez examiner attentivement vos objectifs d&rsquo;investissement, votre niveau d&rsquo;exp\u00e9rience et votre tol\u00e9rance au risque. Surtout, n&rsquo;investissez pas de l&rsquo;argent que vous ne pouvez pas vous permettre de perdre.\r\nLes op\u00e9rations de change hors bourse comportent des risques consid\u00e9rables, notamment en ce qui concerne l&rsquo;effet de levier, la solvabilit\u00e9, la protection r\u00e9glementaire limit\u00e9e et la volatilit\u00e9 du march\u00e9, qui peuvent avoir une incidence importante sur le prix ou la liquidit\u00e9 d&rsquo;une devise ou d&rsquo;une paire de devises.\r\nLe prix ou la liquidit\u00e9 d&rsquo;une devise ou d&rsquo;une paire de devises peut \u00eatre affect\u00e9 de mani\u00e8re significative.\r\nEn outre, l&rsquo;effet de levier des op\u00e9rations sur devises signifie que tout mouvement du march\u00e9 aura un effet proportionnel sur les fonds que vous avez d\u00e9pos\u00e9s.\r\nCela peut jouer \u00e0 la fois en votre faveur et en votre d\u00e9faveur. Il est possible que vous subissiez une perte totale des fonds de marge initiaux et que vous deviez d\u00e9poser des fonds suppl\u00e9mentaires pour maintenir votre position. Si vous ne parvenez pas \u00e0 satisfaire aux exigences de marge, votre position peut \u00eatre liquid\u00e9e et vous supporterez les pertes qui en r\u00e9sultent.\r\nIl existe des risques associ\u00e9s \u00e0 l&rsquo;utilisation d&rsquo;un syst\u00e8me de trading bas\u00e9 sur Internet, y compris, mais sans s&rsquo;y limiter, les pannes de mat\u00e9riel, de logiciel et de connexion Internet. 24FIVE.com n&rsquo;est pas responsable des \u00e9checs ou des retards de communication lors du trading sur Internet. 24FIVE.com utilise des syst\u00e8mes de sauvegarde et des plans d&rsquo;urgence pour minimiser la possibilit\u00e9 de d\u00e9faillance du syst\u00e8me, et la possibilit\u00e9 d&rsquo;op\u00e9rer par t\u00e9l\u00e9phone est toujours disponible.\r\nToutes les opinions, nouvelles, recherches, analyses, prix ou autres informations contenues dans ce site web sont fournies en tant que commentaires g\u00e9n\u00e9raux sur le march\u00e9 et ne constituent pas des conseils d&rsquo;investissement.\r\n24FIVE.com n&rsquo;est pas responsable de toute perte ou dommage, y compris, sans limitation, toute perte de profit, qui pourrait r\u00e9sulter directement ou indirectement de l&rsquo;utilisation ou de la confiance accord\u00e9e \u00e0 de telles informations. 24FIVE.com a pris des mesures raisonnables pour s&rsquo;assurer de l&rsquo;exactitude des informations pr\u00e9sent\u00e9es sur le site.\r\nl&rsquo;exactitude des informations pr\u00e9sent\u00e9es sur le site. Le contenu de ce site est susceptible d&rsquo;\u00eatre modifi\u00e9 \u00e0 tout moment sans pr\u00e9avis.\t\t\t\t\t\t\t\t<\/div>\n\t\t\t\t<\/div>\n\t\t\t\t\t<\/div>\n\t\t<\/div>\n\t\t\t\t\t<\/div>\n\t\t<\/section>\n\t\t\t\t<\/div>\n\t\t","protected":false},"excerpt":{"rendered":"<p>Avertissement de risque Avant de d\u00e9cider de participer au march\u00e9 des changes, vous devez examiner attentivement vos objectifs d&rsquo;investissement, votre niveau d&rsquo;exp\u00e9rience et votre tol\u00e9rance au risque. Surtout, n&rsquo;investissez pas de l&rsquo;argent que vous ne pouvez pas vous permettre de perdre. Les op\u00e9rations de change hors bourse comportent des risques consid\u00e9rables, notamment en ce qui [&hellip;]<\/p>\n","protected":false},"author":1,"featured_media":0,"parent":0,"menu_order":0,"comment_status":"closed","ping_status":"closed","template":"","meta":{"site-sidebar-layout":"no-sidebar","site-content-layout":"page-builder","ast-site-content-layout":"default","site-content-style":"default","site-sidebar-style":"default","ast-global-header-display":"","ast-banner-title-visibility":"","ast-main-header-display":"","ast-hfb-above-header-display":"","ast-hfb-below-header-display":"","ast-hfb-mobile-header-display":"","site-post-title":"disabled","ast-breadcrumbs-content":"","ast-featured-img":"disabled","footer-sml-layout":"","ast-disable-related-posts":"","theme-transparent-header-meta":"","adv-header-id-meta":"","stick-header-meta":"","header-above-stick-meta":"","header-main-stick-meta":"","header-below-stick-meta":"","astra-migrate-meta-layouts":"default","ast-page-background-enabled":"default","ast-page-background-meta":{"desktop":{"background-color":"var(--ast-global-color-4)","background-image":"","background-repeat":"repeat","background-position":"center center","background-size":"auto","background-attachment":"scroll","background-type":"","background-media":"","overlay-type":"","overlay-color":"","overlay-opacity":"","overlay-gradient":""},"tablet":{"background-color":"","background-image":"","background-repeat":"repeat","background-position":"center center","background-size":"auto","background-attachment":"scroll","background-type":"","background-media":"","overlay-type":"","overlay-color":"","overlay-opacity":"","overlay-gradient":""},"mobile":{"background-color":"","background-image":"","background-repeat":"repeat","background-position":"center center","background-size":"auto","background-attachment":"scroll","background-type":"","background-media":"","overlay-type":"","overlay-color":"","overlay-opacity":"","overlay-gradient":""}},"ast-content-background-meta":{"desktop":{"background-color":"var(--ast-global-color-5)","background-image":"","background-repeat":"repeat","background-position":"center center","background-size":"auto","background-attachment":"scroll","background-type":"","background-media":"","overlay-type":"","overlay-color":"","overlay-opacity":"","overlay-gradient":""},"tablet":{"background-color":"var(--ast-global-color-5)","background-image":"","background-repeat":"repeat","background-position":"center center","background-size":"auto","background-attachment":"scroll","background-type":"","background-media":"","overlay-type":"","overlay-color":"","overlay-opacity":"","overlay-gradient":""},"mobile":{"background-color":"var(--ast-global-color-5)","background-image":"","background-repeat":"repeat","background-position":"center center","background-size":"auto","background-attachment":"scroll","background-type":"","background-media":"","overlay-type":"","overlay-color":"","overlay-opacity":"","overlay-gradient":""}},"footnotes":""},"class_list":["post-1354","page","type-page","status-publish","hentry"],"yoast_head":"<!-- This site is optimized with the Yoast SEO plugin v26.8 - https:\/\/yoast.com\/product\/yoast-seo-wordpress\/ -->\n<title>Avertissement de risque - 24 Five<\/title>\n<meta name=\"robots\" content=\"index, follow, max-snippet:-1, max-image-preview:large, max-video-preview:-1\" \/>\n<link rel=\"canonical\" href=\"https:\/\/24five.com\/fr\/avertissement-de-risque\/\" \/>\n<meta property=\"og:locale\" content=\"fr_FR\" \/>\n<meta property=\"og:type\" content=\"article\" \/>\n<meta property=\"og:title\" content=\"Avertissement de risque - 24 Five\" \/>\n<meta property=\"og:description\" content=\"Avertissement de risque Avant de d\u00e9cider de participer au march\u00e9 des changes, vous devez examiner attentivement vos objectifs d&rsquo;investissement, votre niveau d&rsquo;exp\u00e9rience et votre tol\u00e9rance au risque. Surtout, n&rsquo;investissez pas de l&rsquo;argent que vous ne pouvez pas vous permettre de perdre. Les op\u00e9rations de change hors bourse comportent des risques consid\u00e9rables, notamment en ce qui [&hellip;]\" \/>\n<meta property=\"og:url\" content=\"https:\/\/24five.com\/fr\/avertissement-de-risque\/\" \/>\n<meta property=\"og:site_name\" content=\"24 Five\" \/>\n<meta property=\"article:publisher\" content=\"https:\/\/www.facebook.com\/24fiveespanol\" \/>\n<meta property=\"article:modified_time\" content=\"2023-08-11T23:29:30+00:00\" \/>\n<meta name=\"twitter:card\" content=\"summary_large_image\" \/>\n<meta name=\"twitter:label1\" content=\"Dur\u00e9e de lecture estim\u00e9e\" \/>\n\t<meta name=\"twitter:data1\" content=\"2 minutes\" \/>\n<script type=\"application\/ld+json\" class=\"yoast-schema-graph\">{\"@context\":\"https:\/\/schema.org\",\"@graph\":[{\"@type\":\"WebPage\",\"@id\":\"https:\/\/24five.com\/fr\/avertissement-de-risque\/\",\"url\":\"https:\/\/24five.com\/fr\/avertissement-de-risque\/\",\"name\":\"Avertissement de risque - 24 Five\",\"isPartOf\":{\"@id\":\"https:\/\/24five.com\/#website\"},\"datePublished\":\"2023-08-02T13:14:33+00:00\",\"dateModified\":\"2023-08-11T23:29:30+00:00\",\"breadcrumb\":{\"@id\":\"https:\/\/24five.com\/fr\/avertissement-de-risque\/#breadcrumb\"},\"inLanguage\":\"fr-FR\",\"potentialAction\":[{\"@type\":\"ReadAction\",\"target\":[\"https:\/\/24five.com\/fr\/avertissement-de-risque\/\"]}]},{\"@type\":\"BreadcrumbList\",\"@id\":\"https:\/\/24five.com\/fr\/avertissement-de-risque\/#breadcrumb\",\"itemListElement\":[{\"@type\":\"ListItem\",\"position\":1,\"name\":\"Portada\",\"item\":\"https:\/\/24five.com\/\"},{\"@type\":\"ListItem\",\"position\":2,\"name\":\"Avertissement de risque\"}]},{\"@type\":\"WebSite\",\"@id\":\"https:\/\/24five.com\/#website\",\"url\":\"https:\/\/24five.com\/\",\"name\":\"24 Five\",\"description\":\"Trading seguro y confiable\",\"publisher\":{\"@id\":\"https:\/\/24five.com\/#organization\"},\"potentialAction\":[{\"@type\":\"SearchAction\",\"target\":{\"@type\":\"EntryPoint\",\"urlTemplate\":\"https:\/\/24five.com\/?s={search_term_string}\"},\"query-input\":{\"@type\":\"PropertyValueSpecification\",\"valueRequired\":true,\"valueName\":\"search_term_string\"}}],\"inLanguage\":\"fr-FR\"},{\"@type\":\"Organization\",\"@id\":\"https:\/\/24five.com\/#organization\",\"name\":\"24 Five\",\"url\":\"https:\/\/24five.com\/\",\"logo\":{\"@type\":\"ImageObject\",\"inLanguage\":\"fr-FR\",\"@id\":\"https:\/\/24five.com\/#\/schema\/logo\/image\/\",\"url\":\"https:\/\/24five.com\/wp-content\/uploads\/2023\/07\/main-logo-24five.png\",\"contentUrl\":\"https:\/\/24five.com\/wp-content\/uploads\/2023\/07\/main-logo-24five.png\",\"width\":834,\"height\":240,\"caption\":\"24 Five\"},\"image\":{\"@id\":\"https:\/\/24five.com\/#\/schema\/logo\/image\/\"},\"sameAs\":[\"https:\/\/www.facebook.com\/24fiveespanol\",\"https:\/\/www.linkedin.com\/company\/24-five\/\"]}]}<\/script>\n<!-- \/ Yoast SEO plugin. -->","yoast_head_json":{"title":"Avertissement de risque - 24 Five","robots":{"index":"index","follow":"follow","max-snippet":"max-snippet:-1","max-image-preview":"max-image-preview:large","max-video-preview":"max-video-preview:-1"},"canonical":"https:\/\/24five.com\/fr\/avertissement-de-risque\/","og_locale":"fr_FR","og_type":"article","og_title":"Avertissement de risque - 24 Five","og_description":"Avertissement de risque Avant de d\u00e9cider de participer au march\u00e9 des changes, vous devez examiner attentivement vos objectifs d&rsquo;investissement, votre niveau d&rsquo;exp\u00e9rience et votre tol\u00e9rance au risque. Surtout, n&rsquo;investissez pas de l&rsquo;argent que vous ne pouvez pas vous permettre de perdre. Les op\u00e9rations de change hors bourse comportent des risques consid\u00e9rables, notamment en ce qui [&hellip;]","og_url":"https:\/\/24five.com\/fr\/avertissement-de-risque\/","og_site_name":"24 Five","article_publisher":"https:\/\/www.facebook.com\/24fiveespanol","article_modified_time":"2023-08-11T23:29:30+00:00","twitter_card":"summary_large_image","twitter_misc":{"Dur\u00e9e de lecture estim\u00e9e":"2 minutes"},"schema":{"@context":"https:\/\/schema.org","@graph":[{"@type":"WebPage","@id":"https:\/\/24five.com\/fr\/avertissement-de-risque\/","url":"https:\/\/24five.com\/fr\/avertissement-de-risque\/","name":"Avertissement de risque - 24 Five","isPartOf":{"@id":"https:\/\/24five.com\/#website"},"datePublished":"2023-08-02T13:14:33+00:00","dateModified":"2023-08-11T23:29:30+00:00","breadcrumb":{"@id":"https:\/\/24five.com\/fr\/avertissement-de-risque\/#breadcrumb"},"inLanguage":"fr-FR","potentialAction":[{"@type":"ReadAction","target":["https:\/\/24five.com\/fr\/avertissement-de-risque\/"]}]},{"@type":"BreadcrumbList","@id":"https:\/\/24five.com\/fr\/avertissement-de-risque\/#breadcrumb","itemListElement":[{"@type":"ListItem","position":1,"name":"Portada","item":"https:\/\/24five.com\/"},{"@type":"ListItem","position":2,"name":"Avertissement de risque"}]},{"@type":"WebSite","@id":"https:\/\/24five.com\/#website","url":"https:\/\/24five.com\/","name":"24 Five","description":"Trading seguro y confiable","publisher":{"@id":"https:\/\/24five.com\/#organization"},"potentialAction":[{"@type":"SearchAction","target":{"@type":"EntryPoint","urlTemplate":"https:\/\/24five.com\/?s={search_term_string}"},"query-input":{"@type":"PropertyValueSpecification","valueRequired":true,"valueName":"search_term_string"}}],"inLanguage":"fr-FR"},{"@type":"Organization","@id":"https:\/\/24five.com\/#organization","name":"24 Five","url":"https:\/\/24five.com\/","logo":{"@type":"ImageObject","inLanguage":"fr-FR","@id":"https:\/\/24five.com\/#\/schema\/logo\/image\/","url":"https:\/\/24five.com\/wp-content\/uploads\/2023\/07\/main-logo-24five.png","contentUrl":"https:\/\/24five.com\/wp-content\/uploads\/2023\/07\/main-logo-24five.png","width":834,"height":240,"caption":"24 Five"},"image":{"@id":"https:\/\/24five.com\/#\/schema\/logo\/image\/"},"sameAs":["https:\/\/www.facebook.com\/24fiveespanol","https:\/\/www.linkedin.com\/company\/24-five\/"]}]}},"_links":{"self":[{"href":"https:\/\/24five.com\/fr\/wp-json\/wp\/v2\/pages\/1354","targetHints":{"allow":["GET"]}}],"collection":[{"href":"https:\/\/24five.com\/fr\/wp-json\/wp\/v2\/pages"}],"about":[{"href":"https:\/\/24five.com\/fr\/wp-json\/wp\/v2\/types\/page"}],"author":[{"embeddable":true,"href":"https:\/\/24five.com\/fr\/wp-json\/wp\/v2\/users\/1"}],"replies":[{"embeddable":true,"href":"https:\/\/24five.com\/fr\/wp-json\/wp\/v2\/comments?post=1354"}],"version-history":[{"count":0,"href":"https:\/\/24five.com\/fr\/wp-json\/wp\/v2\/pages\/1354\/revisions"}],"wp:attachment":[{"href":"https:\/\/24five.com\/fr\/wp-json\/wp\/v2\/media?parent=1354"}],"curies":[{"name":"wp","href":"https:\/\/api.w.org\/{rel}","templated":true}]}}